{"id":198740,"date":"2025-03-23T10:30:45","date_gmt":"2025-03-23T10:30:45","guid":{"rendered":"https:\/\/aromasentia.com\/product\/smudge-stick-royal-sage-10cm\/"},"modified":"2025-06-22T03:14:00","modified_gmt":"2025-06-22T03:14:00","slug":"smudge-stick-royal-salvie-10cm","status":"publish","type":"product","link":"https:\/\/aromasentia.com\/da\/smudge-stick-royal-salvie-10cm\/","title":{"rendered":"Smudge Stick &#8211; Royal Salvie 10cm"},"content":{"rendered":"<p>Introduktion af vores<strong>&nbsp;Wholesale Smudge Stick&nbsp;<\/strong>fremstillet af <strong>Royal Sage<\/strong>, en potent og kraftfuld urt, der er perfekt til spirituel rensning og beskyttelse. Denne smudge stick er ca. 10 cm lang.<\/p>\n<p><strong><em>Royal Sage<\/em><\/strong>, ogs\u00e5 kendt som Salvia Regla, er en salvietype, der er kendt for sin st\u00e6rke og jordagtige aroma. Den er blevet brugt i \u00e5rhundreder af oprindelige folk p\u00e5 grund af sine spirituelle og medicinske egenskaber. Dens unikke egenskaber g\u00f8r den til et fremragende valg for dem, der \u00f8nsker at inkorporere naturlige midler i deres spirituelle praksis.<\/p>\n<p>Vores Royal Sage Smudge Stick er perfekt til spirituelle ud\u00f8vere, healere og alle, der er interesserede i at bruge naturlige midler til spirituel rensning og udrensning. Brug den til at smudge dig selv, dit hjem eller ethvert sted, der har brug for lidt ekstra renselse og beskyttelse.<\/p>\n<p>Samlet set er vores Wholesale Smudge Stick lavet af Royal Sage et naturligt v\u00e6rkt\u00f8j af h\u00f8j kvalitet, der kan hj\u00e6lpe dig med at fremme \u00e5ndeligt velv\u00e6re og beskyttelse. Dens unikke aroma og kraftfulde egenskaber g\u00f8r den til et fremragende valg for alle, der \u00f8nsker at indarbejde naturlige midler i deres spirituelle praksis. Ved regelm\u00e6ssig brug kan du opleve en dybere forbindelse til din spiritualitet og en st\u00f8rre f\u00f8lelse af indre fred og beskyttelse.<\/p>\n","protected":false},"excerpt":{"rendered":"<p>Introduktion af vores&nbsp;Wholesale Smudge Stick&nbsp;fremstillet af Royal Sage, en potent og kraftfuld urt, der er perfekt til spirituel rensning og beskyttelse. Denne smudge stick er ca. 10 cm lang. Royal Sage, ogs\u00e5 kendt som Salvia Regla, er en salvietype, der er kendt for sin st\u00e6rke og jordagtige aroma. Den er blevet brugt i \u00e5rhundreder af [&hellip;]<\/p>\n","protected":false},"featured_media":405944,"comment_status":"closed","ping_status":"open","template":"","meta":{"_angie_page":false},"product_brand":[],"product_cat":[25839,5836,25989,25815,26858],"product_tag":[],"class_list":{"0":"post-198740","1":"product","2":"type-product","3":"status-publish","4":"has-post-thumbnail","6":"product_cat-dufte-aromaer","7":"product_cat-rogelse-og-rogelsesholdere","8":"product_cat-salvie","9":"product_cat-smudge-sticks","10":"product_cat-urte-aromatisk","11":"pa_collection-wrapped-smudge-sticks-da","12":"pa_made-in-mexico","14":"first","15":"instock","16":"purchasable","17":"product-type-simple"},"supplier_id":null,"supplier_sku":"Msage-39","barcode":null,"atum_controlled":true,"out_stock_date":null,"out_stock_threshold":null,"inheritable":false,"inbound_stock":null,"stock_on_hold":0,"sold_today":0,"sales_last_days":0,"reserved_stock":null,"customer_returns":null,"warehouse_damage":null,"lost_in_post":null,"other_logs":null,"out_stock_days":0,"lost_sales":0,"has_location":null,"update_date":"2026-04-27T07:13:52","atum_locations":[],"atum_stock_status":"instock","restock_status":false,"low_stock_amount":"","sales_update_date":"2026-01-30T01:25:50","calc_backorders":null,"_links":{"self":[{"href":"https:\/\/aromasentia.com\/da\/wp-json\/wp\/v2\/product\/198740","targetHints":{"allow":["GET"]}}],"collection":[{"href":"https:\/\/aromasentia.com\/da\/wp-json\/wp\/v2\/product"}],"about":[{"href":"https:\/\/aromasentia.com\/da\/wp-json\/wp\/v2\/types\/product"}],"replies":[{"embeddable":true,"href":"https:\/\/aromasentia.com\/da\/wp-json\/wp\/v2\/comments?post=198740"}],"version-history":[{"count":0,"href":"https:\/\/aromasentia.com\/da\/wp-json\/wp\/v2\/product\/198740\/revisions"}],"wp:featuredmedia":[{"embeddable":true,"href":"https:\/\/aromasentia.com\/da\/wp-json\/wp\/v2\/media\/405944"}],"wp:attachment":[{"href":"https:\/\/aromasentia.com\/da\/wp-json\/wp\/v2\/media?parent=198740"}],"wp:term":[{"taxonomy":"product_brand","embeddable":true,"href":"https:\/\/aromasentia.com\/da\/wp-json\/wp\/v2\/product_brand?post=198740"},{"taxonomy":"product_cat","embeddable":true,"href":"https:\/\/aromasentia.com\/da\/wp-json\/wp\/v2\/product_cat?post=198740"},{"taxonomy":"product_tag","embeddable":true,"href":"https:\/\/aromasentia.com\/da\/wp-json\/wp\/v2\/product_tag?post=198740"}],"curies":[{"name":"wp","href":"https:\/\/api.w.org\/{rel}","templated":true}]}}