{"id":198723,"date":"2025-03-23T10:30:45","date_gmt":"2025-03-23T10:30:45","guid":{"rendered":"https:\/\/aromasentia.com\/product\/smudge-stick-white-sage-cinnamon-10cm\/"},"modified":"2025-06-22T03:13:54","modified_gmt":"2025-06-22T03:13:54","slug":"smudge-stick-hvid-salvie-og-kanel-10cm-2","status":"publish","type":"product","link":"https:\/\/aromasentia.com\/da\/smudge-stick-hvid-salvie-og-kanel-10cm-2\/","title":{"rendered":"Smudge Stick &#8211; Hvid Salvie Og Kanel 10cm"},"content":{"rendered":"<p><span style=\"color: rgb(75, 80, 88);\"><strong>Aroma Sentia Smudge Sticks Smudge Stick &#8211; Hvid Salvie &#038; Kanel 10 cm<\/strong> <strong>&nbsp;<\/strong>kan bruges til at rense auraen, for eksempel f\u00f8r meditation eller b\u00f8n, eller de bruges ofte af kropsarbejdere og terapeuter f\u00f8r behandlinger.<\/span><\/p>\n<p><span style=\"color: rgb(75, 80, 88);\">Smudging har l\u00e6nge v\u00e6ret brugt til at forbinde sig til den spirituelle verden eller forbedre intuitionen. Br\u00e6ndende salvie eller smudge kan l\u00f8fte ens hum\u00f8r, det kan ogs\u00e5 v\u00e6re en god allieret mod stress.<\/span><\/p>\n","protected":false},"excerpt":{"rendered":"<p>Aroma Sentia Smudge Sticks Smudge Stick &#8211; Hvid Salvie &#038; Kanel 10 cm &nbsp;kan bruges til at rense auraen, for eksempel f\u00f8r meditation eller b\u00f8n, eller de bruges ofte af kropsarbejdere og terapeuter f\u00f8r behandlinger. Smudging har l\u00e6nge v\u00e6ret brugt til at forbinde sig til den spirituelle verden eller forbedre intuitionen. Br\u00e6ndende salvie eller smudge [&hellip;]<\/p>\n","protected":false},"featured_media":405791,"comment_status":"closed","ping_status":"open","template":"","meta":{"_angie_page":false},"product_brand":[],"product_cat":[25839,26461,25935,26886,5836,25815,26858],"product_tag":[],"class_list":{"0":"post-198723","1":"product","2":"type-product","3":"status-publish","4":"has-post-thumbnail","6":"product_cat-dufte-aromaer","7":"product_cat-hvid-salvie","8":"product_cat-kanel","9":"product_cat-krydret","10":"product_cat-rogelse-og-rogelsesholdere","11":"product_cat-smudge-sticks","12":"product_cat-urte-aromatisk","13":"pa_collection-wrapped-smudge-sticks-da","14":"pa_made-in-mexico","16":"first","17":"instock","18":"purchasable","19":"product-type-simple"},"supplier_id":null,"supplier_sku":"MSage-22","barcode":null,"atum_controlled":true,"out_stock_date":null,"out_stock_threshold":null,"inheritable":false,"inbound_stock":null,"stock_on_hold":0,"sold_today":0,"sales_last_days":0,"reserved_stock":null,"customer_returns":null,"warehouse_damage":null,"lost_in_post":null,"other_logs":null,"out_stock_days":0,"lost_sales":0,"has_location":null,"update_date":"2026-04-27T07:13:44","atum_locations":[],"atum_stock_status":"instock","restock_status":false,"low_stock_amount":"","sales_update_date":"2025-09-03T00:19:12","calc_backorders":null,"_links":{"self":[{"href":"https:\/\/aromasentia.com\/da\/wp-json\/wp\/v2\/product\/198723","targetHints":{"allow":["GET"]}}],"collection":[{"href":"https:\/\/aromasentia.com\/da\/wp-json\/wp\/v2\/product"}],"about":[{"href":"https:\/\/aromasentia.com\/da\/wp-json\/wp\/v2\/types\/product"}],"replies":[{"embeddable":true,"href":"https:\/\/aromasentia.com\/da\/wp-json\/wp\/v2\/comments?post=198723"}],"version-history":[{"count":0,"href":"https:\/\/aromasentia.com\/da\/wp-json\/wp\/v2\/product\/198723\/revisions"}],"wp:featuredmedia":[{"embeddable":true,"href":"https:\/\/aromasentia.com\/da\/wp-json\/wp\/v2\/media\/405791"}],"wp:attachment":[{"href":"https:\/\/aromasentia.com\/da\/wp-json\/wp\/v2\/media?parent=198723"}],"wp:term":[{"taxonomy":"product_brand","embeddable":true,"href":"https:\/\/aromasentia.com\/da\/wp-json\/wp\/v2\/product_brand?post=198723"},{"taxonomy":"product_cat","embeddable":true,"href":"https:\/\/aromasentia.com\/da\/wp-json\/wp\/v2\/product_cat?post=198723"},{"taxonomy":"product_tag","embeddable":true,"href":"https:\/\/aromasentia.com\/da\/wp-json\/wp\/v2\/product_tag?post=198723"}],"curies":[{"name":"wp","href":"https:\/\/api.w.org\/{rel}","templated":true}]}}