{"id":198720,"date":"2025-03-22T14:18:20","date_gmt":"2025-03-22T14:18:20","guid":{"rendered":"https:\/\/aromasentia.com\/product\/double-box-slatted-bamboo\/"},"modified":"2025-06-22T03:13:51","modified_gmt":"2025-06-22T03:13:51","slug":"dobbelt-kasse-med-lameller-i-bambus","status":"publish","type":"product","link":"https:\/\/aromasentia.com\/da\/dobbelt-kasse-med-lameller-i-bambus\/","title":{"rendered":"Dobbelt Kasse med Lameller I Bambus"},"content":{"rendered":"<p>Enkelt \u00e6ske med bambuslameller, h\u00e5ndlavede gave\u00e6sker i bambus. \u00c6skerne er designet specielt til at passe til vores duftlys, men de er ogs\u00e5 velegnede til mange andre produkter.<\/p>\n<p>Disse bambus\u00e6sker er velegnede til et, to og tre lys, perfekte til at give en s\u00e6rlig gave. De er lette \u00e6sker, nemme at \u00e5bne og lukke, meget praktiske og funktionelle, for ikke at n\u00e6vne meget elegante, bare vis dem frem.<\/p>\n<p><\/p>\n<p>7,5x17x8 (cm)<\/p>\n","protected":false},"excerpt":{"rendered":"<p>Enkelt \u00e6ske med bambuslameller, h\u00e5ndlavede gave\u00e6sker i bambus. \u00c6skerne er designet specielt til at passe til vores duftlys, men de er ogs\u00e5 velegnede til mange andre produkter. Disse bambus\u00e6sker er velegnede til et, to og tre lys, perfekte til at give en s\u00e6rlig gave. De er lette \u00e6sker, nemme at \u00e5bne og lukke, meget praktiske [&hellip;]<\/p>\n","protected":false},"featured_media":353233,"comment_status":"closed","ping_status":"open","template":"","meta":{"_angie_page":false},"product_brand":[],"product_cat":[5582,5583],"product_tag":[],"class_list":{"0":"post-198720","1":"product","2":"type-product","3":"status-publish","4":"has-post-thumbnail","6":"product_cat-gaveindpakning","7":"product_cat-gaveopbevaring-og-traeaesker","8":"pa_made-in-kina","10":"first","11":"instock","12":"purchasable","13":"product-type-simple"},"supplier_id":null,"supplier_sku":"BamBox-02","barcode":null,"atum_controlled":true,"out_stock_date":null,"out_stock_threshold":null,"inheritable":false,"inbound_stock":null,"stock_on_hold":0,"sold_today":0,"sales_last_days":0,"reserved_stock":null,"customer_returns":null,"warehouse_damage":null,"lost_in_post":null,"other_logs":null,"out_stock_days":0,"lost_sales":0,"has_location":null,"update_date":"2026-04-27T06:53:08","atum_locations":[],"atum_stock_status":"instock","restock_status":false,"low_stock_amount":"","sales_update_date":"2025-10-09T03:25:02","calc_backorders":null,"_links":{"self":[{"href":"https:\/\/aromasentia.com\/da\/wp-json\/wp\/v2\/product\/198720","targetHints":{"allow":["GET"]}}],"collection":[{"href":"https:\/\/aromasentia.com\/da\/wp-json\/wp\/v2\/product"}],"about":[{"href":"https:\/\/aromasentia.com\/da\/wp-json\/wp\/v2\/types\/product"}],"replies":[{"embeddable":true,"href":"https:\/\/aromasentia.com\/da\/wp-json\/wp\/v2\/comments?post=198720"}],"version-history":[{"count":0,"href":"https:\/\/aromasentia.com\/da\/wp-json\/wp\/v2\/product\/198720\/revisions"}],"wp:featuredmedia":[{"embeddable":true,"href":"https:\/\/aromasentia.com\/da\/wp-json\/wp\/v2\/media\/353233"}],"wp:attachment":[{"href":"https:\/\/aromasentia.com\/da\/wp-json\/wp\/v2\/media?parent=198720"}],"wp:term":[{"taxonomy":"product_brand","embeddable":true,"href":"https:\/\/aromasentia.com\/da\/wp-json\/wp\/v2\/product_brand?post=198720"},{"taxonomy":"product_cat","embeddable":true,"href":"https:\/\/aromasentia.com\/da\/wp-json\/wp\/v2\/product_cat?post=198720"},{"taxonomy":"product_tag","embeddable":true,"href":"https:\/\/aromasentia.com\/da\/wp-json\/wp\/v2\/product_tag?post=198720"}],"curies":[{"name":"wp","href":"https:\/\/api.w.org\/{rel}","templated":true}]}}