{"id":198704,"date":"2025-03-22T14:18:20","date_gmt":"2025-03-22T14:18:20","guid":{"rendered":"https:\/\/aromasentia.com\/product\/aluminium-bottle-260ml\/"},"modified":"2025-06-22T03:13:45","modified_gmt":"2025-06-22T03:13:45","slug":"aluminiumsflaske-260ml","status":"publish","type":"product","link":"https:\/\/aromasentia.com\/da\/aluminiumsflaske-260ml\/","title":{"rendered":"Aluminiumsflaske 260ml"},"content":{"rendered":"<p><strong>Aroma Sentia-ping aluminiumsflaske 260 ml<\/strong> er en yderst stilfuld flaske, der er velegnet til kosmetik, opl\u00f8sningsmidler, blomstervand og \u00e6teriske olier.<\/strong><\/p>\n<p>Hvis du foretr\u00e6kker at opbevare \u00e6teriske olier, er aluminiumsflaskerne det bedste valg, da de er uigennemtr\u00e6ngelige for lys og giver olierne den n\u00f8dvendige beskyttelse mod midlertidige temperaturudsving samt fremragende beskyttelse mod skader, er lette og har en flot pr\u00e6sentation.<\/p>\n<p><strong>Disse aluminiumsflasker leveres med en udtr\u00e6ksring og hvide skruel\u00e5g.<\/strong> For at give dit produkt den ekstra wow-faktor f\u00e5s aluminiumsflaskerne i tre st\u00f8rrelser.<\/p>\n","protected":false},"excerpt":{"rendered":"<p>Aroma Sentia-ping aluminiumsflaske 260 ml er en yderst stilfuld flaske, der er velegnet til kosmetik, opl\u00f8sningsmidler, blomstervand og \u00e6teriske olier. Hvis du foretr\u00e6kker at opbevare \u00e6teriske olier, er aluminiumsflaskerne det bedste valg, da de er uigennemtr\u00e6ngelige for lys og giver olierne den n\u00f8dvendige beskyttelse mod midlertidige temperaturudsving samt fremragende beskyttelse mod skader, er lette og [&hellip;]<\/p>\n","protected":false},"featured_media":352657,"comment_status":"closed","ping_status":"open","template":"","meta":{"_angie_page":false},"product_brand":[],"product_cat":[6176,6153,5582,6560],"product_tag":[],"class_list":{"0":"post-198704","1":"product","2":"type-product","3":"status-publish","4":"has-post-thumbnail","6":"product_cat-aroma-flasker-og-tilbehor","7":"product_cat-aromaterapi-og-rumdufte","8":"product_cat-gaveindpakning","9":"product_cat-white-label-produkter","10":"pa_collection-aluminum-bottles-da","11":"pa_made-in-kina","13":"first","14":"instock","15":"purchasable","16":"product-type-simple"},"supplier_id":null,"supplier_sku":"ABot-01","barcode":null,"atum_controlled":true,"out_stock_date":null,"out_stock_threshold":null,"inheritable":false,"inbound_stock":null,"stock_on_hold":0,"sold_today":0,"sales_last_days":0,"reserved_stock":null,"customer_returns":null,"warehouse_damage":null,"lost_in_post":null,"other_logs":null,"out_stock_days":0,"lost_sales":0,"has_location":null,"update_date":"2026-04-27T06:48:53","atum_locations":[],"atum_stock_status":"instock","restock_status":false,"low_stock_amount":"","sales_update_date":"2026-01-30T01:25:22","calc_backorders":null,"_links":{"self":[{"href":"https:\/\/aromasentia.com\/da\/wp-json\/wp\/v2\/product\/198704","targetHints":{"allow":["GET"]}}],"collection":[{"href":"https:\/\/aromasentia.com\/da\/wp-json\/wp\/v2\/product"}],"about":[{"href":"https:\/\/aromasentia.com\/da\/wp-json\/wp\/v2\/types\/product"}],"replies":[{"embeddable":true,"href":"https:\/\/aromasentia.com\/da\/wp-json\/wp\/v2\/comments?post=198704"}],"version-history":[{"count":0,"href":"https:\/\/aromasentia.com\/da\/wp-json\/wp\/v2\/product\/198704\/revisions"}],"wp:featuredmedia":[{"embeddable":true,"href":"https:\/\/aromasentia.com\/da\/wp-json\/wp\/v2\/media\/352657"}],"wp:attachment":[{"href":"https:\/\/aromasentia.com\/da\/wp-json\/wp\/v2\/media?parent=198704"}],"wp:term":[{"taxonomy":"product_brand","embeddable":true,"href":"https:\/\/aromasentia.com\/da\/wp-json\/wp\/v2\/product_brand?post=198704"},{"taxonomy":"product_cat","embeddable":true,"href":"https:\/\/aromasentia.com\/da\/wp-json\/wp\/v2\/product_cat?post=198704"},{"taxonomy":"product_tag","embeddable":true,"href":"https:\/\/aromasentia.com\/da\/wp-json\/wp\/v2\/product_tag?post=198704"}],"curies":[{"name":"wp","href":"https:\/\/api.w.org\/{rel}","templated":true}]}}