{"id":198699,"date":"2025-03-22T14:18:27","date_gmt":"2025-03-22T14:18:27","guid":{"rendered":"https:\/\/aromasentia.com\/product\/squat-jar-four-sides-lid\/"},"modified":"2025-06-22T03:13:41","modified_gmt":"2025-06-22T03:13:41","slug":"squat-jar-fire-sider-og-laag","status":"publish","type":"product","link":"https:\/\/aromasentia.com\/da\/squat-jar-fire-sider-og-laag\/","title":{"rendered":"Squat Jar &#8211; Fire Sider Og L\u00e5g"},"content":{"rendered":"<p><span style=\"color: rgb(75, 80, 88);\">Disse <strong>syltet\u00f8jsglas &#8211; fire sider &#038; l\u00e5g<\/strong> er en uundv\u00e6rlig genstand for caf\u00e9er, restauranter og kunsth\u00e5ndv\u00e6rksbutikker.<\/span><\/p>\n<p><span style=\"color: rgb(75, 80, 88);\">Disse glas kan bruges p\u00e5 mange forskellige m\u00e5der, s\u00e5som borddekoration, detailhandelsdisplay til salg af bulkprodukter eller endda til at h\u00e6lde m\u00e6lk op, mens man drikker te.<\/span><\/p>\n<p><span style=\"color: rgb(75, 80, 88);\">Hvert glas leveres med et s\u00f8lvfarvet twist-l\u00e5g for at l\u00e5se alle dine kunders velsmagende smage inde. De har den perfekte st\u00f8rrelse til pr\u00f8ver, k\u00f8kkenopbevaring, bryllupsgaver, g\u00e6ster og gaver.<\/span><\/p>\n<p><span style=\"color: rgb(75, 80, 88);\">Du kan ogs\u00e5 tilf\u00f8je dit personlige pr\u00e6g til disse glas med AW-etiketter. Du leder muligvis efter andre flasker eller emballage. I s\u00e5 fald kan du bes\u00f8ge vores <a href=\"https:\/\/aromasentia.com\/packing\"><strong>Gaveindpakning og pr\u00e6sentation<\/strong><\/a><strong>&nbsp;&nbsp;<\/strong><\/span><\/p>\n<ul style=\"padding: 0px; color: rgb(114, 114, 114); font-style: normal; font-variant-ligatures: normal; font-variant-caps: normal; font-weight: 400; letter-spacing: normal; orphans: 2; text-align: start; text-indent: 0px; text-transform: none; white-space: normal; widows: 2; word-spacing: 0px; -webkit-text-stroke-width: 0px; text-decoration-thickness: initial; text-decoration-style: initial; text-decoration-color: initial; font-size: 16px; baggrundsfarve: rgb(255, 255, 255);\">\n<li><span style=\"farve: rgb(75, 80, 88);\"><strong>170 ml kapacitet<\/strong><\/span><\/li>\n<li><span style=\"farve: rgb(75, 80, 88);\"><strong>Leveres med s\u00f8lvfarvede twist-off l\u00e5g<\/strong><\/span><\/li>\n<li><span style=\"farve: rgb(75, 80, 88);\"><strong>Ikke mikrob\u00f8lgeovnssikker<\/strong><\/span><\/li>\n<li>\n<p><span style=\"farve: rgb(75, 80, 88);\"><strong>H: 8 cm, B: 7,5 cm, V\u00e6gt: 220 g &nbsp;<\/strong>&nbsp; &nbsp; &nbsp; &nbsp; &nbsp; &nbsp; &nbsp; &nbsp; &nbsp; &nbsp; &nbsp; &nbsp; &nbsp; &nbsp; &nbsp; &nbsp; &nbsp; &nbsp; &nbsp; &nbsp; &nbsp; &nbsp; &nbsp; &nbsp; &nbsp; &nbsp; &nbsp; &nbsp; &nbsp; &nbsp; &nbsp; &nbsp; &nbsp; &nbsp; &nbsp; &nbsp; &nbsp; &nbsp; &nbsp; &nbsp; &nbsp; &nbsp; &nbsp; &nbsp; &nbsp; &nbsp; &nbsp; &nbsp; &nbsp; &nbsp; &nbsp; &nbsp; &nbsp; &nbsp; &nbsp; &nbsp; &nbsp; &nbsp; &nbsp; &nbsp; &nbsp; &nbsp; &nbsp; &nbsp; &nbsp; &nbsp; &nbsp; &nbsp; &nbsp; &nbsp; &nbsp; &nbsp; &nbsp; &nbsp; &nbsp; &nbsp; &nbsp; &nbsp; &nbsp; &nbsp; NB: Ikke egnet til meget h\u00f8je eller meget lave temperaturer. Ikke egnet til konservering eller sterilisering. <strong>&nbsp; &nbsp; &nbsp; &nbsp; &nbsp; &nbsp; &nbsp; &nbsp; &nbsp; &nbsp; &nbsp; &nbsp; &nbsp; &nbsp; &nbsp; &nbsp; &nbsp; &nbsp; &nbsp; &nbsp; &nbsp; &nbsp; &nbsp; &nbsp; &nbsp; &nbsp; &nbsp; &nbsp; F\u00e5 fingrene i disse glas, bestil i dag.<\/strong><\/span><\/p>\n<\/li>\n<\/ul>\n","protected":false},"excerpt":{"rendered":"<p>Disse syltet\u00f8jsglas &#8211; fire sider &#038; l\u00e5g er en uundv\u00e6rlig genstand for caf\u00e9er, restauranter og kunsth\u00e5ndv\u00e6rksbutikker. Disse glas kan bruges p\u00e5 mange forskellige m\u00e5der, s\u00e5som borddekoration, detailhandelsdisplay til salg af bulkprodukter eller endda til at h\u00e6lde m\u00e6lk op, mens man drikker te. Hvert glas leveres med et s\u00f8lvfarvet twist-l\u00e5g for at l\u00e5se alle dine kunders [&hellip;]<\/p>\n","protected":false},"featured_media":354823,"comment_status":"closed","ping_status":"open","template":"","meta":{"_angie_page":false},"product_brand":[],"product_cat":[5582,6560],"product_tag":[],"class_list":{"0":"post-198699","1":"product","2":"type-product","3":"status-publish","4":"has-post-thumbnail","6":"product_cat-gaveindpakning","7":"product_cat-white-label-produkter","8":"pa_collection-glass-jars-da","9":"pa_made-in-kina","11":"first","12":"instock","13":"purchasable","14":"product-type-simple"},"supplier_id":null,"supplier_sku":"Gjar-03","barcode":null,"atum_controlled":true,"out_stock_date":null,"out_stock_threshold":null,"inheritable":false,"inbound_stock":null,"stock_on_hold":0,"sold_today":0,"sales_last_days":0,"reserved_stock":null,"customer_returns":null,"warehouse_damage":null,"lost_in_post":null,"other_logs":null,"out_stock_days":0,"lost_sales":0,"has_location":null,"update_date":"2026-04-27T07:05:41","atum_locations":[],"atum_stock_status":"instock","restock_status":false,"low_stock_amount":"","sales_update_date":"2026-02-06T00:01:53","calc_backorders":null,"_links":{"self":[{"href":"https:\/\/aromasentia.com\/da\/wp-json\/wp\/v2\/product\/198699","targetHints":{"allow":["GET"]}}],"collection":[{"href":"https:\/\/aromasentia.com\/da\/wp-json\/wp\/v2\/product"}],"about":[{"href":"https:\/\/aromasentia.com\/da\/wp-json\/wp\/v2\/types\/product"}],"replies":[{"embeddable":true,"href":"https:\/\/aromasentia.com\/da\/wp-json\/wp\/v2\/comments?post=198699"}],"version-history":[{"count":0,"href":"https:\/\/aromasentia.com\/da\/wp-json\/wp\/v2\/product\/198699\/revisions"}],"wp:featuredmedia":[{"embeddable":true,"href":"https:\/\/aromasentia.com\/da\/wp-json\/wp\/v2\/media\/354823"}],"wp:attachment":[{"href":"https:\/\/aromasentia.com\/da\/wp-json\/wp\/v2\/media?parent=198699"}],"wp:term":[{"taxonomy":"product_brand","embeddable":true,"href":"https:\/\/aromasentia.com\/da\/wp-json\/wp\/v2\/product_brand?post=198699"},{"taxonomy":"product_cat","embeddable":true,"href":"https:\/\/aromasentia.com\/da\/wp-json\/wp\/v2\/product_cat?post=198699"},{"taxonomy":"product_tag","embeddable":true,"href":"https:\/\/aromasentia.com\/da\/wp-json\/wp\/v2\/product_tag?post=198699"}],"curies":[{"name":"wp","href":"https:\/\/api.w.org\/{rel}","templated":true}]}}