{"id":198695,"date":"2025-03-22T14:18:27","date_gmt":"2025-03-22T14:18:27","guid":{"rendered":"https:\/\/aromasentia.com\/product\/pipette-dropper-cap-for-30ml-bottle\/"},"modified":"2025-06-22T03:13:40","modified_gmt":"2025-06-22T03:13:40","slug":"pipette-draabehaette-til-30ml-flaske","status":"publish","type":"product","link":"https:\/\/aromasentia.com\/da\/pipette-draabehaette-til-30ml-flaske\/","title":{"rendered":"Pipette Dr\u00e5beh\u00e6tte Til 30ml Flaske"},"content":{"rendered":"<p><strong>Ancient Wisdom sort og glas lige spids <span style=\"color: rgb(243, 121, 52);\">Tamper Evident<\/span> pipette droppe<\/strong><strong>r.<\/strong> Kompatibel med vores 30 ml ravfarvede glasflaske ( <a href=\"https:\/\/aromasentia.com\/gbot-34\">GBot-34<\/a>)&ndash; En fantastisk m\u00e5de at dosere dine v\u00e6sker p\u00e5, b\u00e5de rent og pr\u00e6cist.<\/p>\n","protected":false},"excerpt":{"rendered":"<p>Ancient Wisdom sort og glas lige spids Tamper Evident pipette dropper. Kompatibel med vores 30 ml ravfarvede glasflaske ( GBot-34)&ndash; En fantastisk m\u00e5de at dosere dine v\u00e6sker p\u00e5, b\u00e5de rent og pr\u00e6cist.<\/p>\n","protected":false},"featured_media":354787,"comment_status":"closed","ping_status":"open","template":"","meta":{"_angie_page":false},"product_brand":[],"product_cat":[6176,6153,5582,6560],"product_tag":[],"class_list":{"0":"post-198695","1":"product","2":"type-product","3":"status-publish","4":"has-post-thumbnail","6":"product_cat-aroma-flasker-og-tilbehor","7":"product_cat-aromaterapi-og-rumdufte","8":"product_cat-gaveindpakning","9":"product_cat-white-label-produkter","10":"pa_collection-glass-bottles-accessories-da","11":"pa_made-in-kina","12":"pa_size-30ml","14":"first","15":"instock","16":"purchasable","17":"product-type-simple"},"supplier_id":null,"supplier_sku":"GBotD-04","barcode":null,"atum_controlled":true,"out_stock_date":null,"out_stock_threshold":null,"inheritable":false,"inbound_stock":null,"stock_on_hold":0,"sold_today":0,"sales_last_days":0,"reserved_stock":null,"customer_returns":null,"warehouse_damage":null,"lost_in_post":null,"other_logs":null,"out_stock_days":0,"lost_sales":0,"has_location":null,"update_date":"2026-04-27T07:05:00","atum_locations":[],"atum_stock_status":"instock","restock_status":false,"low_stock_amount":"","sales_update_date":"2025-09-05T00:27:22","calc_backorders":null,"_links":{"self":[{"href":"https:\/\/aromasentia.com\/da\/wp-json\/wp\/v2\/product\/198695","targetHints":{"allow":["GET"]}}],"collection":[{"href":"https:\/\/aromasentia.com\/da\/wp-json\/wp\/v2\/product"}],"about":[{"href":"https:\/\/aromasentia.com\/da\/wp-json\/wp\/v2\/types\/product"}],"replies":[{"embeddable":true,"href":"https:\/\/aromasentia.com\/da\/wp-json\/wp\/v2\/comments?post=198695"}],"version-history":[{"count":0,"href":"https:\/\/aromasentia.com\/da\/wp-json\/wp\/v2\/product\/198695\/revisions"}],"wp:featuredmedia":[{"embeddable":true,"href":"https:\/\/aromasentia.com\/da\/wp-json\/wp\/v2\/media\/354787"}],"wp:attachment":[{"href":"https:\/\/aromasentia.com\/da\/wp-json\/wp\/v2\/media?parent=198695"}],"wp:term":[{"taxonomy":"product_brand","embeddable":true,"href":"https:\/\/aromasentia.com\/da\/wp-json\/wp\/v2\/product_brand?post=198695"},{"taxonomy":"product_cat","embeddable":true,"href":"https:\/\/aromasentia.com\/da\/wp-json\/wp\/v2\/product_cat?post=198695"},{"taxonomy":"product_tag","embeddable":true,"href":"https:\/\/aromasentia.com\/da\/wp-json\/wp\/v2\/product_tag?post=198695"}],"curies":[{"name":"wp","href":"https:\/\/api.w.org\/{rel}","templated":true}]}}