{"id":198694,"date":"2025-03-22T14:18:27","date_gmt":"2025-03-22T14:18:27","guid":{"rendered":"https:\/\/aromasentia.com\/product\/30ml-amber-bottle\/"},"modified":"2025-06-22T03:13:40","modified_gmt":"2025-06-22T03:13:40","slug":"30ml-ravfarvet-flaske","status":"publish","type":"product","link":"https:\/\/aromasentia.com\/da\/30ml-ravfarvet-flaske\/","title":{"rendered":"30ml Ravfarvet Flaske"},"content":{"rendered":"<p><span style=\"color: rgb(75, 80, 88);\">Disse <strong>30 ml ravfarvede glasflasker<\/strong> er ideelle til en bred vifte af aftapningsbehov, herunder \u00e6teriske olier og duftolier, s\u00e5 du kan aftappe dine egne eller m\u00e5ske endda lave din egen blanding af massageolier.<\/span><\/p>\n<p><span style=\"color: rgb(75, 80, 88);\">Ogs\u00e5 et godt valg til opbevaring af v\u00e6sker i en r\u00e6kke forskellige brancher eller endda derhjemme.<\/span><\/p>\n<p><span style=\"color: rgb(75, 80, 88);\">Prisen inkluderer kun flasken. Glem ikke ogs\u00e5 at bestille et l\u00e5g efter eget valg.<\/span><\/p>\n<p><span style=\"color: rgb(75, 80, 88);\">L\u00e5g der passer til denne flaske: <\/span><a href=\"https:\/\/aromasentia.com\/tamper-evident-cap-and-dropper-for-10-50-100\"><span style=\"color: rgb(75, 80, 88);\"><strong>GBot-19<\/strong><\/span><\/a><span style=\"color: rgb(75, 80, 88);\">,<\/span><a href=\"https:\/\/aromasentia.com\/gbot-09\"><span style=\"color: rgb(75, 80, 88);\"> <strong>GBot-09<\/strong><\/span><\/a><span style: rgb(75, 80, 88);\"> og <\/span><a href=\"https:\/\/aromasentia.com\/gbot-24\"><span style=\"color: rgb(75, 80, 88);\"><strong>GBot-24<\/strong><\/span><\/a><span style=\"color: rgb(75, 80, 88);\">.<\/span><\/p>\n<p><span style=\"color: rgb(75, 80, 88);\">Kapacitet: 30 ml<\/span><\/p>\n<p><span style=\"color: rgb(75, 80, 88);\">H\u00f8jde: 7,5 cm<\/span><\/p>\n<p><span style=\"color: rgb(75, 80, 88);\">Diameter: 3 cm<\/span><\/p>\n<p><span style=\"color: rgb(75, 80, 88);\">V\u00e6gt: 0,45 g<\/span><\/p>\n<p><\/p>\n","protected":false},"excerpt":{"rendered":"<p>Disse 30 ml ravfarvede glasflasker er ideelle til en bred vifte af aftapningsbehov, herunder \u00e6teriske olier og duftolier, s\u00e5 du kan aftappe dine egne eller m\u00e5ske endda lave din egen blanding af massageolier. Ogs\u00e5 et godt valg til opbevaring af v\u00e6sker i en r\u00e6kke forskellige brancher eller endda derhjemme. Prisen inkluderer kun flasken. Glem ikke [&hellip;]<\/p>\n","protected":false},"featured_media":354778,"comment_status":"closed","ping_status":"open","template":"","meta":{"_angie_page":false},"product_brand":[],"product_cat":[6176,6153,5582,6560],"product_tag":[],"class_list":{"0":"post-198694","1":"product","2":"type-product","3":"status-publish","4":"has-post-thumbnail","6":"product_cat-aroma-flasker-og-tilbehor","7":"product_cat-aromaterapi-og-rumdufte","8":"product_cat-gaveindpakning","9":"product_cat-white-label-produkter","10":"pa_collection-glass-bottles-accessories-da","11":"pa_made-in-kina","12":"pa_size-30ml","14":"first","15":"instock","16":"purchasable","17":"product-type-simple"},"supplier_id":null,"supplier_sku":"GBot-34","barcode":null,"atum_controlled":true,"out_stock_date":null,"out_stock_threshold":null,"inheritable":false,"inbound_stock":null,"stock_on_hold":0,"sold_today":0,"sales_last_days":0,"reserved_stock":null,"customer_returns":null,"warehouse_damage":null,"lost_in_post":null,"other_logs":null,"out_stock_days":0,"lost_sales":0,"has_location":null,"update_date":"2026-05-08T05:09:39","atum_locations":[],"atum_stock_status":"instock","restock_status":false,"low_stock_amount":"","sales_update_date":"2025-09-05T00:27:21","calc_backorders":null,"_links":{"self":[{"href":"https:\/\/aromasentia.com\/da\/wp-json\/wp\/v2\/product\/198694","targetHints":{"allow":["GET"]}}],"collection":[{"href":"https:\/\/aromasentia.com\/da\/wp-json\/wp\/v2\/product"}],"about":[{"href":"https:\/\/aromasentia.com\/da\/wp-json\/wp\/v2\/types\/product"}],"replies":[{"embeddable":true,"href":"https:\/\/aromasentia.com\/da\/wp-json\/wp\/v2\/comments?post=198694"}],"version-history":[{"count":0,"href":"https:\/\/aromasentia.com\/da\/wp-json\/wp\/v2\/product\/198694\/revisions"}],"wp:featuredmedia":[{"embeddable":true,"href":"https:\/\/aromasentia.com\/da\/wp-json\/wp\/v2\/media\/354778"}],"wp:attachment":[{"href":"https:\/\/aromasentia.com\/da\/wp-json\/wp\/v2\/media?parent=198694"}],"wp:term":[{"taxonomy":"product_brand","embeddable":true,"href":"https:\/\/aromasentia.com\/da\/wp-json\/wp\/v2\/product_brand?post=198694"},{"taxonomy":"product_cat","embeddable":true,"href":"https:\/\/aromasentia.com\/da\/wp-json\/wp\/v2\/product_cat?post=198694"},{"taxonomy":"product_tag","embeddable":true,"href":"https:\/\/aromasentia.com\/da\/wp-json\/wp\/v2\/product_tag?post=198694"}],"curies":[{"name":"wp","href":"https:\/\/api.w.org\/{rel}","templated":true}]}}