{"id":198693,"date":"2025-03-22T14:18:27","date_gmt":"2025-03-22T14:18:27","guid":{"rendered":"https:\/\/aromasentia.com\/product\/300ml-amber-bottle\/"},"modified":"2025-06-22T03:13:39","modified_gmt":"2025-06-22T03:13:39","slug":"300ml-ravfarvet-flaske","status":"publish","type":"product","link":"https:\/\/aromasentia.com\/da\/300ml-ravfarvet-flaske\/","title":{"rendered":"300ml Ravfarvet Flaske"},"content":{"rendered":"<p><strong><span style=\"color: rgb(75, 80, 88);\">300 ml ravfarvede glasflasker med pumper&nbsp;<\/span><\/strong><span style=\"color: rgb(75, 80, 88);\">er ideelle til en bred vifte af aftapningsbehov.<\/span><\/p>\n<p><span style=\"color: rgb(75, 80, 88);\">Disse vil v\u00e6re perfekte til dine massageolier, h\u00e5nd- og bodylotion eller flydende s\u00e6ber. Og meget mere.&nbsp;<\/span><\/p>\n","protected":false},"excerpt":{"rendered":"<p>300 ml ravfarvede glasflasker med pumper&nbsp;er ideelle til en bred vifte af aftapningsbehov. Disse vil v\u00e6re perfekte til dine massageolier, h\u00e5nd- og bodylotion eller flydende s\u00e6ber. Og meget mere.&nbsp;<\/p>\n","protected":false},"featured_media":354753,"comment_status":"closed","ping_status":"open","template":"","meta":{"_angie_page":false},"product_brand":[],"product_cat":[6176,6153,5582,6560],"product_tag":[],"class_list":{"0":"post-198693","1":"product","2":"type-product","3":"status-publish","4":"has-post-thumbnail","6":"product_cat-aroma-flasker-og-tilbehor","7":"product_cat-aromaterapi-og-rumdufte","8":"product_cat-gaveindpakning","9":"product_cat-white-label-produkter","10":"pa_collection-glass-bottles-accessories-da","11":"pa_made-in-kina","12":"pa_size-300ml","14":"first","15":"instock","16":"purchasable","17":"product-type-simple"},"supplier_id":null,"supplier_sku":"GBot-33","barcode":null,"atum_controlled":true,"out_stock_date":null,"out_stock_threshold":null,"inheritable":false,"inbound_stock":null,"stock_on_hold":0,"sold_today":0,"sales_last_days":0,"reserved_stock":null,"customer_returns":null,"warehouse_damage":null,"lost_in_post":null,"other_logs":null,"out_stock_days":0,"lost_sales":0,"has_location":null,"update_date":"2026-04-27T07:05:00","atum_locations":[],"atum_stock_status":"instock","restock_status":false,"low_stock_amount":"","sales_update_date":"2026-01-30T01:24:56","calc_backorders":null,"_links":{"self":[{"href":"https:\/\/aromasentia.com\/da\/wp-json\/wp\/v2\/product\/198693","targetHints":{"allow":["GET"]}}],"collection":[{"href":"https:\/\/aromasentia.com\/da\/wp-json\/wp\/v2\/product"}],"about":[{"href":"https:\/\/aromasentia.com\/da\/wp-json\/wp\/v2\/types\/product"}],"replies":[{"embeddable":true,"href":"https:\/\/aromasentia.com\/da\/wp-json\/wp\/v2\/comments?post=198693"}],"version-history":[{"count":0,"href":"https:\/\/aromasentia.com\/da\/wp-json\/wp\/v2\/product\/198693\/revisions"}],"wp:featuredmedia":[{"embeddable":true,"href":"https:\/\/aromasentia.com\/da\/wp-json\/wp\/v2\/media\/354753"}],"wp:attachment":[{"href":"https:\/\/aromasentia.com\/da\/wp-json\/wp\/v2\/media?parent=198693"}],"wp:term":[{"taxonomy":"product_brand","embeddable":true,"href":"https:\/\/aromasentia.com\/da\/wp-json\/wp\/v2\/product_brand?post=198693"},{"taxonomy":"product_cat","embeddable":true,"href":"https:\/\/aromasentia.com\/da\/wp-json\/wp\/v2\/product_cat?post=198693"},{"taxonomy":"product_tag","embeddable":true,"href":"https:\/\/aromasentia.com\/da\/wp-json\/wp\/v2\/product_tag?post=198693"}],"curies":[{"name":"wp","href":"https:\/\/api.w.org\/{rel}","templated":true}]}}