{"id":198691,"date":"2025-03-22T14:18:27","date_gmt":"2025-03-22T14:18:27","guid":{"rendered":"https:\/\/aromasentia.com\/product\/amber-roller-bottle\/"},"modified":"2025-06-22T03:13:38","modified_gmt":"2025-06-22T03:13:38","slug":"ravfarvet-rulleflaske","status":"publish","type":"product","link":"https:\/\/aromasentia.com\/da\/ravfarvet-rulleflaske\/","title":{"rendered":"Ravfarvet Rulleflaske"},"content":{"rendered":"<div class=\"description\" style=\"text-align: justify;\"><strong>Wholesale 10 ml Amber Roller Bottles&nbsp;<\/strong>er perfekte til at p\u00e5f\u00f8re fortyndede \u00e6teriske olier direkte p\u00e5 huden. Rullekuglen er designet til at sprede blandingerne j\u00e6vnt over huden.<\/div>\n<div class=\"description\" style=\"text-align: justify;\"><\/div>\n<div class=\"description\" style=\"text-align: justify;\">Flaskens praktiske st\u00f8rrelse (83 mm h\u00f8jde, 18 mm diameter) g\u00f8r den nem at tage med overalt. V\u00e6gten af 1 flaske er 32 g<\/div>\n<div class=\"description\" style=\"text-align: justify;\"><\/div>\n<div class=\"description\" style=\"text-align: justify;\"><strong>S\u00e6lges i en pakke med 150 stk (flasker med ruller og toppe).<\/strong><\/div>\n","protected":false},"excerpt":{"rendered":"<p>Wholesale 10 ml Amber Roller Bottles&nbsp;er perfekte til at p\u00e5f\u00f8re fortyndede \u00e6teriske olier direkte p\u00e5 huden. Rullekuglen er designet til at sprede blandingerne j\u00e6vnt over huden. Flaskens praktiske st\u00f8rrelse (83 mm h\u00f8jde, 18 mm diameter) g\u00f8r den nem at tage med overalt. V\u00e6gten af 1 flaske er 32 g S\u00e6lges i en pakke med 150 [&hellip;]<\/p>\n","protected":false},"featured_media":354719,"comment_status":"closed","ping_status":"open","template":"","meta":{"_angie_page":false},"product_brand":[],"product_cat":[6176,6153,5582,6560],"product_tag":[],"class_list":{"0":"post-198691","1":"product","2":"type-product","3":"status-publish","4":"has-post-thumbnail","6":"product_cat-aroma-flasker-og-tilbehor","7":"product_cat-aromaterapi-og-rumdufte","8":"product_cat-gaveindpakning","9":"product_cat-white-label-produkter","10":"pa_collection-glass-bottles-accessories-da","11":"pa_made-in-kina","13":"first","14":"instock","15":"purchasable","16":"product-type-simple"},"supplier_id":null,"supplier_sku":"Gbot-21","barcode":null,"atum_controlled":true,"out_stock_date":null,"out_stock_threshold":null,"inheritable":false,"inbound_stock":null,"stock_on_hold":0,"sold_today":0,"sales_last_days":0,"reserved_stock":null,"customer_returns":null,"warehouse_damage":null,"lost_in_post":null,"other_logs":null,"out_stock_days":0,"lost_sales":0,"has_location":null,"update_date":"2026-04-27T07:05:00","atum_locations":[],"atum_stock_status":"instock","restock_status":false,"low_stock_amount":"","sales_update_date":"2026-02-06T00:01:12","calc_backorders":null,"_links":{"self":[{"href":"https:\/\/aromasentia.com\/da\/wp-json\/wp\/v2\/product\/198691","targetHints":{"allow":["GET"]}}],"collection":[{"href":"https:\/\/aromasentia.com\/da\/wp-json\/wp\/v2\/product"}],"about":[{"href":"https:\/\/aromasentia.com\/da\/wp-json\/wp\/v2\/types\/product"}],"replies":[{"embeddable":true,"href":"https:\/\/aromasentia.com\/da\/wp-json\/wp\/v2\/comments?post=198691"}],"version-history":[{"count":0,"href":"https:\/\/aromasentia.com\/da\/wp-json\/wp\/v2\/product\/198691\/revisions"}],"wp:featuredmedia":[{"embeddable":true,"href":"https:\/\/aromasentia.com\/da\/wp-json\/wp\/v2\/media\/354719"}],"wp:attachment":[{"href":"https:\/\/aromasentia.com\/da\/wp-json\/wp\/v2\/media?parent=198691"}],"wp:term":[{"taxonomy":"product_brand","embeddable":true,"href":"https:\/\/aromasentia.com\/da\/wp-json\/wp\/v2\/product_brand?post=198691"},{"taxonomy":"product_cat","embeddable":true,"href":"https:\/\/aromasentia.com\/da\/wp-json\/wp\/v2\/product_cat?post=198691"},{"taxonomy":"product_tag","embeddable":true,"href":"https:\/\/aromasentia.com\/da\/wp-json\/wp\/v2\/product_tag?post=198691"}],"curies":[{"name":"wp","href":"https:\/\/api.w.org\/{rel}","templated":true}]}}