{"id":198690,"date":"2025-03-22T14:18:27","date_gmt":"2025-03-22T14:18:27","guid":{"rendered":"https:\/\/aromasentia.com\/product\/lotion-pump-for-100ml-bottle\/"},"modified":"2025-06-22T03:13:38","modified_gmt":"2025-06-22T03:13:38","slug":"lotionpumpe-til-100ml-flaske","status":"publish","type":"product","link":"https:\/\/aromasentia.com\/da\/lotionpumpe-til-100ml-flaske\/","title":{"rendered":"Lotionpumpe Til 100ml Flaske"},"content":{"rendered":"<p>Opgrader dine 100 ml-flasker med denne praktiske lotionpumpe. Denne pumpetop er designet til at passe til standardflasker p\u00e5 100 ml (kontroller halsst\u00f8rrelsen), s\u00e5 du nemt og uden rod kan dosere lotion, cremer, flydende s\u00e6be eller st\u00f8rre m\u00e6ngder massageolie. Den giver en hygiejnisk m\u00e5de at f\u00e5 adgang til dine produkter p\u00e5, leverer en ensartet m\u00e6ngde med hver pumpe og minimerer spild. Perfekt til b\u00e5de hjemmelavede kreationer og kommercielle produkter, der tilf\u00f8jer funktionalitet og brugervenlighed til dine st\u00f8rre flasker.<\/p>\n","protected":false},"excerpt":{"rendered":"<p>Opgrader dine 100 ml-flasker med denne praktiske lotionpumpe. Denne pumpetop er designet til at passe til standardflasker p\u00e5 100 ml (kontroller halsst\u00f8rrelsen), s\u00e5 du nemt og uden rod kan dosere lotion, cremer, flydende s\u00e6be eller st\u00f8rre m\u00e6ngder massageolie. Den giver en hygiejnisk m\u00e5de at f\u00e5 adgang til dine produkter p\u00e5, leverer en ensartet m\u00e6ngde med [&hellip;]<\/p>\n","protected":false},"featured_media":354694,"comment_status":"closed","ping_status":"open","template":"","meta":{"_angie_page":false},"product_brand":[],"product_cat":[6176,6153,5582,6560],"product_tag":[],"class_list":{"0":"post-198690","1":"product","2":"type-product","3":"status-publish","4":"has-post-thumbnail","6":"product_cat-aroma-flasker-og-tilbehor","7":"product_cat-aromaterapi-og-rumdufte","8":"product_cat-gaveindpakning","9":"product_cat-white-label-produkter","10":"pa_collection-glass-bottles-accessories-da","11":"pa_made-in-kina","12":"pa_size-100ml","14":"first","15":"instock","16":"purchasable","17":"product-type-simple"},"supplier_id":null,"supplier_sku":"Gbot-30","barcode":null,"atum_controlled":true,"out_stock_date":null,"out_stock_threshold":null,"inheritable":false,"inbound_stock":null,"stock_on_hold":0,"sold_today":0,"sales_last_days":0,"reserved_stock":null,"customer_returns":null,"warehouse_damage":null,"lost_in_post":null,"other_logs":null,"out_stock_days":0,"lost_sales":0,"has_location":null,"update_date":"2026-05-04T00:03:55","atum_locations":[],"atum_stock_status":"instock","restock_status":false,"low_stock_amount":"","sales_update_date":"2026-01-30T01:24:55","calc_backorders":null,"_links":{"self":[{"href":"https:\/\/aromasentia.com\/da\/wp-json\/wp\/v2\/product\/198690","targetHints":{"allow":["GET"]}}],"collection":[{"href":"https:\/\/aromasentia.com\/da\/wp-json\/wp\/v2\/product"}],"about":[{"href":"https:\/\/aromasentia.com\/da\/wp-json\/wp\/v2\/types\/product"}],"replies":[{"embeddable":true,"href":"https:\/\/aromasentia.com\/da\/wp-json\/wp\/v2\/comments?post=198690"}],"version-history":[{"count":0,"href":"https:\/\/aromasentia.com\/da\/wp-json\/wp\/v2\/product\/198690\/revisions"}],"wp:featuredmedia":[{"embeddable":true,"href":"https:\/\/aromasentia.com\/da\/wp-json\/wp\/v2\/media\/354694"}],"wp:attachment":[{"href":"https:\/\/aromasentia.com\/da\/wp-json\/wp\/v2\/media?parent=198690"}],"wp:term":[{"taxonomy":"product_brand","embeddable":true,"href":"https:\/\/aromasentia.com\/da\/wp-json\/wp\/v2\/product_brand?post=198690"},{"taxonomy":"product_cat","embeddable":true,"href":"https:\/\/aromasentia.com\/da\/wp-json\/wp\/v2\/product_cat?post=198690"},{"taxonomy":"product_tag","embeddable":true,"href":"https:\/\/aromasentia.com\/da\/wp-json\/wp\/v2\/product_tag?post=198690"}],"curies":[{"name":"wp","href":"https:\/\/api.w.org\/{rel}","templated":true}]}}