{"id":198689,"date":"2025-03-22T14:18:27","date_gmt":"2025-03-22T14:18:27","guid":{"rendered":"https:\/\/aromasentia.com\/product\/lotion-pump-for-50ml-bottle\/"},"modified":"2025-06-22T03:13:38","modified_gmt":"2025-06-22T03:13:38","slug":"lotionpumpe-til-50ml-flaske","status":"publish","type":"product","link":"https:\/\/aromasentia.com\/da\/lotionpumpe-til-50ml-flaske\/","title":{"rendered":"Lotionpumpe Til 50ml Flaske"},"content":{"rendered":"<p>Du kan nemt dosere dine lotions og cremer med denne lotionpumpe til 50 ml-flasker. Denne pumpetop er designet til at passe til en standard 50 ml flaske (tjek halsst\u00f8rrelsen) og giver mulighed for praktisk, hygiejnisk og kontrolleret dosering af lotion, creme, flydende s\u00e6be eller massageolie. Den hj\u00e6lper med at forhindre kontaminering og produktspild og giver en j\u00e6vn, afm\u00e5lt m\u00e6ngde ved hvert pump. Et praktisk tilbeh\u00f8r, der forvandler dine yndlingsprodukter p\u00e5 50 ml-flasker til brugervenlige dispensere.<\/p>\n","protected":false},"excerpt":{"rendered":"<p>Du kan nemt dosere dine lotions og cremer med denne lotionpumpe til 50 ml-flasker. Denne pumpetop er designet til at passe til en standard 50 ml flaske (tjek halsst\u00f8rrelsen) og giver mulighed for praktisk, hygiejnisk og kontrolleret dosering af lotion, creme, flydende s\u00e6be eller massageolie. Den hj\u00e6lper med at forhindre kontaminering og produktspild og giver [&hellip;]<\/p>\n","protected":false},"featured_media":354669,"comment_status":"closed","ping_status":"open","template":"","meta":{"_angie_page":false},"product_brand":[],"product_cat":[6176,6153,5582,6560],"product_tag":[],"class_list":{"0":"post-198689","1":"product","2":"type-product","3":"status-publish","4":"has-post-thumbnail","6":"product_cat-aroma-flasker-og-tilbehor","7":"product_cat-aromaterapi-og-rumdufte","8":"product_cat-gaveindpakning","9":"product_cat-white-label-produkter","10":"pa_collection-glass-bottles-accessories-da","11":"pa_made-in-kina","12":"pa_size-50ml","14":"first","15":"instock","16":"purchasable","17":"product-type-simple"},"supplier_id":null,"supplier_sku":"Gbot-29","barcode":null,"atum_controlled":true,"out_stock_date":null,"out_stock_threshold":null,"inheritable":false,"inbound_stock":null,"stock_on_hold":0,"sold_today":0,"sales_last_days":0,"reserved_stock":null,"customer_returns":null,"warehouse_damage":null,"lost_in_post":null,"other_logs":null,"out_stock_days":0,"lost_sales":0,"has_location":null,"update_date":"2026-04-27T07:05:00","atum_locations":[],"atum_stock_status":"instock","restock_status":false,"low_stock_amount":"","sales_update_date":"2026-01-30T01:24:33","calc_backorders":null,"_links":{"self":[{"href":"https:\/\/aromasentia.com\/da\/wp-json\/wp\/v2\/product\/198689","targetHints":{"allow":["GET"]}}],"collection":[{"href":"https:\/\/aromasentia.com\/da\/wp-json\/wp\/v2\/product"}],"about":[{"href":"https:\/\/aromasentia.com\/da\/wp-json\/wp\/v2\/types\/product"}],"replies":[{"embeddable":true,"href":"https:\/\/aromasentia.com\/da\/wp-json\/wp\/v2\/comments?post=198689"}],"version-history":[{"count":0,"href":"https:\/\/aromasentia.com\/da\/wp-json\/wp\/v2\/product\/198689\/revisions"}],"wp:featuredmedia":[{"embeddable":true,"href":"https:\/\/aromasentia.com\/da\/wp-json\/wp\/v2\/media\/354669"}],"wp:attachment":[{"href":"https:\/\/aromasentia.com\/da\/wp-json\/wp\/v2\/media?parent=198689"}],"wp:term":[{"taxonomy":"product_brand","embeddable":true,"href":"https:\/\/aromasentia.com\/da\/wp-json\/wp\/v2\/product_brand?post=198689"},{"taxonomy":"product_cat","embeddable":true,"href":"https:\/\/aromasentia.com\/da\/wp-json\/wp\/v2\/product_cat?post=198689"},{"taxonomy":"product_tag","embeddable":true,"href":"https:\/\/aromasentia.com\/da\/wp-json\/wp\/v2\/product_tag?post=198689"}],"curies":[{"name":"wp","href":"https:\/\/api.w.org\/{rel}","templated":true}]}}