{"id":198687,"date":"2025-03-22T14:18:27","date_gmt":"2025-03-22T14:18:27","guid":{"rendered":"https:\/\/aromasentia.com\/product\/tamper-evident-and-child-resistant-closure\/"},"modified":"2025-06-22T03:13:37","modified_gmt":"2025-06-22T03:13:37","slug":"tyverisikret-og-boernesikret-lukning","status":"publish","type":"product","link":"https:\/\/aromasentia.com\/da\/tyverisikret-og-boernesikret-lukning\/","title":{"rendered":"Tyverisikret Og B\u00f8rnesikret Lukning"},"content":{"rendered":"<p>B\u00f8rnesikring med dr\u00e5bedispensering til flasker p\u00e5 10 ml, 50 ml og 100 ml. Her hos <strong>Ancient Wisdom&nbsp;<\/strong> har vi et bredt udvalg af flasker og tilbeh\u00f8r til engrospriser. Ideel til en lang r\u00e6kke aftapningsbehov, herunder <strong>Essential Oils<\/strong> og <strong>Fragrance Oils<\/strong>, s\u00e5 du kan aftappe dine egne eller m\u00e5ske endda lave din egen blanding af <strong>Massage Oils.<\/strong><\/p>\n","protected":false},"excerpt":{"rendered":"<p>B\u00f8rnesikring med dr\u00e5bedispensering til flasker p\u00e5 10 ml, 50 ml og 100 ml. Her hos Ancient Wisdom&nbsp; har vi et bredt udvalg af flasker og tilbeh\u00f8r til engrospriser. Ideel til en lang r\u00e6kke aftapningsbehov, herunder Essential Oils og Fragrance Oils, s\u00e5 du kan aftappe dine egne eller m\u00e5ske endda lave din egen blanding af Massage [&hellip;]<\/p>\n","protected":false},"featured_media":354643,"comment_status":"closed","ping_status":"open","template":"","meta":{"_angie_page":false},"product_brand":[],"product_cat":[6176,6153,5582,6560],"product_tag":[],"class_list":{"0":"post-198687","1":"product","2":"type-product","3":"status-publish","4":"has-post-thumbnail","6":"product_cat-aroma-flasker-og-tilbehor","7":"product_cat-aromaterapi-og-rumdufte","8":"product_cat-gaveindpakning","9":"product_cat-white-label-produkter","10":"pa_collection-glass-bottles-accessories-da","11":"pa_made-in-storbritannien","13":"first","14":"instock","15":"purchasable","16":"product-type-simple"},"supplier_id":null,"supplier_sku":"GBot-24","barcode":null,"atum_controlled":true,"out_stock_date":null,"out_stock_threshold":null,"inheritable":false,"inbound_stock":null,"stock_on_hold":0,"sold_today":0,"sales_last_days":0,"reserved_stock":null,"customer_returns":null,"warehouse_damage":null,"lost_in_post":null,"other_logs":null,"out_stock_days":0,"lost_sales":0,"has_location":null,"update_date":"2026-05-04T00:03:55","atum_locations":[],"atum_stock_status":"instock","restock_status":false,"low_stock_amount":"","sales_update_date":"2025-09-05T00:27:20","calc_backorders":null,"_links":{"self":[{"href":"https:\/\/aromasentia.com\/da\/wp-json\/wp\/v2\/product\/198687","targetHints":{"allow":["GET"]}}],"collection":[{"href":"https:\/\/aromasentia.com\/da\/wp-json\/wp\/v2\/product"}],"about":[{"href":"https:\/\/aromasentia.com\/da\/wp-json\/wp\/v2\/types\/product"}],"replies":[{"embeddable":true,"href":"https:\/\/aromasentia.com\/da\/wp-json\/wp\/v2\/comments?post=198687"}],"version-history":[{"count":0,"href":"https:\/\/aromasentia.com\/da\/wp-json\/wp\/v2\/product\/198687\/revisions"}],"wp:featuredmedia":[{"embeddable":true,"href":"https:\/\/aromasentia.com\/da\/wp-json\/wp\/v2\/media\/354643"}],"wp:attachment":[{"href":"https:\/\/aromasentia.com\/da\/wp-json\/wp\/v2\/media?parent=198687"}],"wp:term":[{"taxonomy":"product_brand","embeddable":true,"href":"https:\/\/aromasentia.com\/da\/wp-json\/wp\/v2\/product_brand?post=198687"},{"taxonomy":"product_cat","embeddable":true,"href":"https:\/\/aromasentia.com\/da\/wp-json\/wp\/v2\/product_cat?post=198687"},{"taxonomy":"product_tag","embeddable":true,"href":"https:\/\/aromasentia.com\/da\/wp-json\/wp\/v2\/product_tag?post=198687"}],"curies":[{"name":"wp","href":"https:\/\/api.w.org\/{rel}","templated":true}]}}