{"id":198683,"date":"2025-03-22T14:18:27","date_gmt":"2025-03-22T14:18:27","guid":{"rendered":"https:\/\/aromasentia.com\/product\/50ml-amber-bottles\/"},"modified":"2025-06-22T03:13:35","modified_gmt":"2025-06-22T03:13:35","slug":"50ml-amber-bottles","status":"publish","type":"product","link":"https:\/\/aromasentia.com\/da\/50ml-amber-bottles\/","title":{"rendered":"50ml Amber Bottles"},"content":{"rendered":"<p>Ideal til en lang r\u00e6kke aftapningsbehov, herunder \u00e6teriske olier og duftolier, s\u00e5 du kan aftappe dine egne eller m\u00e5ske endda lave din egen blanding af massageolier.<\/p>\n<p>Glem ikke at bestille dit valg af l\u00e5g ogs\u00e5. Hver bestilling af flasker p\u00e5 denne side kommer IKKE med et l\u00e5g.<\/p>\n<p><strong>Passende l\u00e5g Kode: Gbot-24 Gbot-09 Gbot-05<\/strong><\/p>\n","protected":false},"excerpt":{"rendered":"<p>Ideal til en lang r\u00e6kke aftapningsbehov, herunder \u00e6teriske olier og duftolier, s\u00e5 du kan aftappe dine egne eller m\u00e5ske endda lave din egen blanding af massageolier. Glem ikke at bestille dit valg af l\u00e5g ogs\u00e5. Hver bestilling af flasker p\u00e5 denne side kommer IKKE med et l\u00e5g. Passende l\u00e5g Kode: Gbot-24 Gbot-09 Gbot-05<\/p>\n","protected":false},"featured_media":354591,"comment_status":"closed","ping_status":"open","template":"","meta":{"_angie_page":false},"product_brand":[],"product_cat":[6176,6153,5582,6560],"product_tag":[],"class_list":{"0":"post-198683","1":"product","2":"type-product","3":"status-publish","4":"has-post-thumbnail","6":"product_cat-aroma-flasker-og-tilbehor","7":"product_cat-aromaterapi-og-rumdufte","8":"product_cat-gaveindpakning","9":"product_cat-white-label-produkter","10":"pa_collection-glass-bottles-accessories-da","11":"pa_made-in-kina","12":"pa_size-50ml","14":"first","15":"instock","16":"purchasable","17":"product-type-simple"},"supplier_id":null,"supplier_sku":"GBot-22","barcode":null,"atum_controlled":true,"out_stock_date":null,"out_stock_threshold":null,"inheritable":false,"inbound_stock":null,"stock_on_hold":0,"sold_today":0,"sales_last_days":0,"reserved_stock":null,"customer_returns":null,"warehouse_damage":null,"lost_in_post":null,"other_logs":null,"out_stock_days":0,"lost_sales":0,"has_location":null,"update_date":"2026-04-27T07:05:00","atum_locations":[],"atum_stock_status":"instock","restock_status":false,"low_stock_amount":"","sales_update_date":"2025-09-05T00:27:19","calc_backorders":null,"_links":{"self":[{"href":"https:\/\/aromasentia.com\/da\/wp-json\/wp\/v2\/product\/198683","targetHints":{"allow":["GET"]}}],"collection":[{"href":"https:\/\/aromasentia.com\/da\/wp-json\/wp\/v2\/product"}],"about":[{"href":"https:\/\/aromasentia.com\/da\/wp-json\/wp\/v2\/types\/product"}],"replies":[{"embeddable":true,"href":"https:\/\/aromasentia.com\/da\/wp-json\/wp\/v2\/comments?post=198683"}],"version-history":[{"count":0,"href":"https:\/\/aromasentia.com\/da\/wp-json\/wp\/v2\/product\/198683\/revisions"}],"wp:featuredmedia":[{"embeddable":true,"href":"https:\/\/aromasentia.com\/da\/wp-json\/wp\/v2\/media\/354591"}],"wp:attachment":[{"href":"https:\/\/aromasentia.com\/da\/wp-json\/wp\/v2\/media?parent=198683"}],"wp:term":[{"taxonomy":"product_brand","embeddable":true,"href":"https:\/\/aromasentia.com\/da\/wp-json\/wp\/v2\/product_brand?post=198683"},{"taxonomy":"product_cat","embeddable":true,"href":"https:\/\/aromasentia.com\/da\/wp-json\/wp\/v2\/product_cat?post=198683"},{"taxonomy":"product_tag","embeddable":true,"href":"https:\/\/aromasentia.com\/da\/wp-json\/wp\/v2\/product_tag?post=198683"}],"curies":[{"name":"wp","href":"https:\/\/api.w.org\/{rel}","templated":true}]}}