{"id":198666,"date":"2025-03-22T14:18:27","date_gmt":"2025-03-22T14:18:27","guid":{"rendered":"https:\/\/aromasentia.com\/product\/tea-gift-hamper-box-grey\/"},"modified":"2025-06-22T03:13:26","modified_gmt":"2025-06-22T03:13:26","slug":"aeske-til-te-gave-kurv-graa","status":"publish","type":"product","link":"https:\/\/aromasentia.com\/da\/aeske-til-te-gave-kurv-graa\/","title":{"rendered":"\u00c6ske Til Te\/gave\/Kurv &#8211; Gr\u00e5"},"content":{"rendered":"<p><span style=\"color: rgb(75, 80, 88);\">Disse \u00e6sker har en distinkt kolonial charme, men forvent ikke perfektion, design, st\u00f8rrelser og finish kan variere. Lavet af krydsfiner og forskellige<\/span><\/p>\n<p><span style=\"color: rgb(75, 80, 88);\">Den gr\u00e5 te-\/gave-\/gavekurve\u00e6ske er en alsidig opbevaringsmulighed, perfekt til at holde dine v\u00e6rdsatte ting organiseret eller til at pr\u00e6sentere gaver med stil.<\/span><\/p>\n<p><span style=\"color: rgb(75, 80, 88);\"><strong>Fantastisk til ompakning af gaver, som nipsgenstande eller som smykkeskrin fra den gamle verden.<\/strong><\/span><\/p>\n","protected":false},"excerpt":{"rendered":"<p>Disse \u00e6sker har en distinkt kolonial charme, men forvent ikke perfektion, design, st\u00f8rrelser og finish kan variere. Lavet af krydsfiner og forskellige Den gr\u00e5 te-\/gave-\/gavekurve\u00e6ske er en alsidig opbevaringsmulighed, perfekt til at holde dine v\u00e6rdsatte ting organiseret eller til at pr\u00e6sentere gaver med stil. Fantastisk til ompakning af gaver, som nipsgenstande eller som smykkeskrin fra [&hellip;]<\/p>\n","protected":false},"featured_media":354214,"comment_status":"closed","ping_status":"open","template":"","meta":{"_angie_page":false},"product_brand":[],"product_cat":[5582,5583,5908],"product_tag":[],"class_list":{"0":"post-198666","1":"product","2":"type-product","3":"status-publish","4":"has-post-thumbnail","6":"product_cat-gaveindpakning","7":"product_cat-gaveopbevaring-og-traeaesker","8":"product_cat-teer-og-te-udstyr","9":"pa_collection-vintage-style-boxes-da","10":"pa_made-in-kina","12":"first","13":"instock","14":"purchasable","15":"product-type-simple"},"supplier_id":null,"supplier_sku":"ColB-33","barcode":null,"atum_controlled":true,"out_stock_date":null,"out_stock_threshold":null,"inheritable":false,"inbound_stock":null,"stock_on_hold":0,"sold_today":0,"sales_last_days":0,"reserved_stock":null,"customer_returns":null,"warehouse_damage":null,"lost_in_post":null,"other_logs":null,"out_stock_days":0,"lost_sales":0,"has_location":null,"update_date":"2026-04-27T06:58:06","atum_locations":[],"atum_stock_status":"instock","restock_status":false,"low_stock_amount":"","sales_update_date":"2026-01-30T01:26:08","calc_backorders":null,"_links":{"self":[{"href":"https:\/\/aromasentia.com\/da\/wp-json\/wp\/v2\/product\/198666","targetHints":{"allow":["GET"]}}],"collection":[{"href":"https:\/\/aromasentia.com\/da\/wp-json\/wp\/v2\/product"}],"about":[{"href":"https:\/\/aromasentia.com\/da\/wp-json\/wp\/v2\/types\/product"}],"replies":[{"embeddable":true,"href":"https:\/\/aromasentia.com\/da\/wp-json\/wp\/v2\/comments?post=198666"}],"version-history":[{"count":0,"href":"https:\/\/aromasentia.com\/da\/wp-json\/wp\/v2\/product\/198666\/revisions"}],"wp:featuredmedia":[{"embeddable":true,"href":"https:\/\/aromasentia.com\/da\/wp-json\/wp\/v2\/media\/354214"}],"wp:attachment":[{"href":"https:\/\/aromasentia.com\/da\/wp-json\/wp\/v2\/media?parent=198666"}],"wp:term":[{"taxonomy":"product_brand","embeddable":true,"href":"https:\/\/aromasentia.com\/da\/wp-json\/wp\/v2\/product_brand?post=198666"},{"taxonomy":"product_cat","embeddable":true,"href":"https:\/\/aromasentia.com\/da\/wp-json\/wp\/v2\/product_cat?post=198666"},{"taxonomy":"product_tag","embeddable":true,"href":"https:\/\/aromasentia.com\/da\/wp-json\/wp\/v2\/product_tag?post=198666"}],"curies":[{"name":"wp","href":"https:\/\/api.w.org\/{rel}","templated":true}]}}