{"id":198650,"date":"2025-03-22T14:18:33","date_gmt":"2025-03-22T14:18:33","guid":{"rendered":"https:\/\/aromasentia.com\/product\/medium-jute-sack-240x300mm\/"},"modified":"2025-06-22T03:13:17","modified_gmt":"2025-06-22T03:13:17","slug":"mellemstor-jutesaek-240x300mm","status":"publish","type":"product","link":"https:\/\/aromasentia.com\/da\/mellemstor-jutesaek-240x300mm\/","title":{"rendered":"Mellemstor Jutes\u00e6k &#8211; 240X300mm"},"content":{"rendered":"<p>Denne naturlige jutepose i hessian leveres syet og ops\u00f8mmet &#8211; lavet af en mellemv\u00e6gtig, j\u00e6vnt v\u00e6vet jute.<\/p>\n<p>Det er nemt at fastg\u00f8re vedh\u00e6ng, m\u00e6rker, b\u00e5nd og andre dekorationer for at g\u00f8re noget enkelt til noget helt s\u00e6rligt. Leveres med en snor, der er klar til at binde.<\/p>\n<p>Ideel til gaver og andre overraskelser.<\/p>\n","protected":false},"excerpt":{"rendered":"<p>Denne naturlige jutepose i hessian leveres syet og ops\u00f8mmet &#8211; lavet af en mellemv\u00e6gtig, j\u00e6vnt v\u00e6vet jute. Det er nemt at fastg\u00f8re vedh\u00e6ng, m\u00e6rker, b\u00e5nd og andre dekorationer for at g\u00f8re noget enkelt til noget helt s\u00e6rligt. Leveres med en snor, der er klar til at binde. Ideel til gaver og andre overraskelser.<\/p>\n","protected":false},"featured_media":355065,"comment_status":"closed","ping_status":"open","template":"","meta":{"_angie_page":false},"product_brand":[],"product_cat":[5582,6546],"product_tag":[],"class_list":{"0":"post-198650","1":"product","2":"type-product","3":"status-publish","4":"has-post-thumbnail","6":"product_cat-gaveindpakning","7":"product_cat-papir-jute-og-bomuldstasker","8":"pa_collection-jute-drawstring-sacks-da","9":"pa_made-in-indien","11":"first","12":"instock","13":"purchasable","14":"product-type-simple"},"supplier_id":null,"supplier_sku":"JSack-02","barcode":null,"atum_controlled":true,"out_stock_date":null,"out_stock_threshold":null,"inheritable":false,"inbound_stock":null,"stock_on_hold":0,"sold_today":0,"sales_last_days":0,"reserved_stock":null,"customer_returns":null,"warehouse_damage":null,"lost_in_post":null,"other_logs":null,"out_stock_days":73,"lost_sales":0,"has_location":null,"update_date":"2026-04-30T13:08:10","atum_locations":[],"atum_stock_status":"instock","restock_status":false,"low_stock_amount":"","sales_update_date":"2026-02-06T00:00:52","calc_backorders":null,"_links":{"self":[{"href":"https:\/\/aromasentia.com\/da\/wp-json\/wp\/v2\/product\/198650","targetHints":{"allow":["GET"]}}],"collection":[{"href":"https:\/\/aromasentia.com\/da\/wp-json\/wp\/v2\/product"}],"about":[{"href":"https:\/\/aromasentia.com\/da\/wp-json\/wp\/v2\/types\/product"}],"replies":[{"embeddable":true,"href":"https:\/\/aromasentia.com\/da\/wp-json\/wp\/v2\/comments?post=198650"}],"version-history":[{"count":0,"href":"https:\/\/aromasentia.com\/da\/wp-json\/wp\/v2\/product\/198650\/revisions"}],"wp:featuredmedia":[{"embeddable":true,"href":"https:\/\/aromasentia.com\/da\/wp-json\/wp\/v2\/media\/355065"}],"wp:attachment":[{"href":"https:\/\/aromasentia.com\/da\/wp-json\/wp\/v2\/media?parent=198650"}],"wp:term":[{"taxonomy":"product_brand","embeddable":true,"href":"https:\/\/aromasentia.com\/da\/wp-json\/wp\/v2\/product_brand?post=198650"},{"taxonomy":"product_cat","embeddable":true,"href":"https:\/\/aromasentia.com\/da\/wp-json\/wp\/v2\/product_cat?post=198650"},{"taxonomy":"product_tag","embeddable":true,"href":"https:\/\/aromasentia.com\/da\/wp-json\/wp\/v2\/product_tag?post=198650"}],"curies":[{"name":"wp","href":"https:\/\/api.w.org\/{rel}","templated":true}]}}