{"id":198647,"date":"2025-03-22T14:18:33","date_gmt":"2025-03-22T14:18:33","guid":{"rendered":"https:\/\/aromasentia.com\/product\/jute-window-bag-25x16cm\/"},"modified":"2025-06-22T03:13:16","modified_gmt":"2025-06-22T03:13:16","slug":"vinduespose-i-jute-25x16cm","status":"publish","type":"product","link":"https:\/\/aromasentia.com\/da\/vinduespose-i-jute-25x16cm\/","title":{"rendered":"Vinduespose I Jute 25X16cm"},"content":{"rendered":"<p>Tag et kig p\u00e5 disse jute-vinduesposer.<\/p>\n<p>Disse emballageartikler er perfekte til opbevaring af sm\u00e5 ting s\u00e5som smykker, badebomber, s\u00e6ber osv. eller stort set alt, der passer ind, og de har ogs\u00e5 et klart vindue foran, s\u00e5 du kan vise dine produkter frem.<\/p>\n<p>Du kan bruge dem til at tilf\u00f8je v\u00e6rdi til produkter eller endda lave et attraktivt gaves\u00e6t. De er endda lavet af jute; et milj\u00f8venligt og robust materiale, der er et fremragende salgsargument.<\/p>\n<p>Bestil i dag for at f\u00e5 disse milj\u00f8venlige og stilfulde vinduesposer!<\/p>\n","protected":false},"excerpt":{"rendered":"<p>Tag et kig p\u00e5 disse jute-vinduesposer. Disse emballageartikler er perfekte til opbevaring af sm\u00e5 ting s\u00e5som smykker, badebomber, s\u00e6ber osv. eller stort set alt, der passer ind, og de har ogs\u00e5 et klart vindue foran, s\u00e5 du kan vise dine produkter frem. Du kan bruge dem til at tilf\u00f8je v\u00e6rdi til produkter eller endda lave [&hellip;]<\/p>\n","protected":false},"featured_media":354958,"comment_status":"closed","ping_status":"open","template":"","meta":[],"product_brand":[],"product_cat":[5582,6546],"product_tag":[],"class_list":{"0":"post-198647","1":"product","2":"type-product","3":"status-publish","4":"has-post-thumbnail","6":"product_cat-gaveindpakning","7":"product_cat-papir-jute-og-bomuldstasker","8":"pa_collection-jute-window-bags-da","9":"pa_made-in-indien","11":"first","12":"outofstock","13":"purchasable","14":"product-type-simple"},"supplier_id":null,"supplier_sku":"JGP-01","barcode":null,"atum_controlled":true,"out_stock_date":"2026-02-05 22:39:54","out_stock_threshold":null,"inheritable":false,"inbound_stock":null,"stock_on_hold":0,"sold_today":0,"sales_last_days":0,"reserved_stock":null,"customer_returns":null,"warehouse_damage":null,"lost_in_post":null,"other_logs":null,"out_stock_days":0,"lost_sales":0,"has_location":null,"update_date":"2026-02-05T22:39:57","atum_locations":[],"atum_stock_status":"outofstock","restock_status":false,"low_stock_amount":"","sales_update_date":"2026-01-30T01:26:21","calc_backorders":null,"_links":{"self":[{"href":"https:\/\/aromasentia.com\/da\/wp-json\/wp\/v2\/product\/198647","targetHints":{"allow":["GET"]}}],"collection":[{"href":"https:\/\/aromasentia.com\/da\/wp-json\/wp\/v2\/product"}],"about":[{"href":"https:\/\/aromasentia.com\/da\/wp-json\/wp\/v2\/types\/product"}],"replies":[{"embeddable":true,"href":"https:\/\/aromasentia.com\/da\/wp-json\/wp\/v2\/comments?post=198647"}],"version-history":[{"count":0,"href":"https:\/\/aromasentia.com\/da\/wp-json\/wp\/v2\/product\/198647\/revisions"}],"wp:featuredmedia":[{"embeddable":true,"href":"https:\/\/aromasentia.com\/da\/wp-json\/wp\/v2\/media\/354958"}],"wp:attachment":[{"href":"https:\/\/aromasentia.com\/da\/wp-json\/wp\/v2\/media?parent=198647"}],"wp:term":[{"taxonomy":"product_brand","embeddable":true,"href":"https:\/\/aromasentia.com\/da\/wp-json\/wp\/v2\/product_brand?post=198647"},{"taxonomy":"product_cat","embeddable":true,"href":"https:\/\/aromasentia.com\/da\/wp-json\/wp\/v2\/product_cat?post=198647"},{"taxonomy":"product_tag","embeddable":true,"href":"https:\/\/aromasentia.com\/da\/wp-json\/wp\/v2\/product_tag?post=198647"}],"curies":[{"name":"wp","href":"https:\/\/api.w.org\/{rel}","templated":true}]}}