{"id":198616,"date":"2025-03-22T14:18:33","date_gmt":"2025-03-22T14:18:33","guid":{"rendered":"https:\/\/aromasentia.com\/product\/lrg-cotton-window-pouch-26x15cm\/"},"modified":"2025-06-22T03:12:59","modified_gmt":"2025-06-22T03:12:59","slug":"vinduespose-i-bomuld-26x15cm","status":"publish","type":"product","link":"https:\/\/aromasentia.com\/da\/vinduespose-i-bomuld-26x15cm\/","title":{"rendered":"Vinduespose I Bomuld &#8211; 26X15cm"},"content":{"rendered":"<p>STOP MED AT BRUGE PLASTIK! Bomuldsvinduesposen er velegnet som emballage til mange gaveartikler.<\/p>\n<p>Snoren p\u00e5 posen tr\u00e6kkes stramt for at holde varerne sikre.<\/p>\n<p>Lavet af 100% bomuld, et milj\u00f8venligt og robust materiale, der er et fremragende salgsargument. Det centrale vindue er lavet af bomuldsorganza.<\/p>\n","protected":false},"excerpt":{"rendered":"<p>STOP MED AT BRUGE PLASTIK! Bomuldsvinduesposen er velegnet som emballage til mange gaveartikler. Snoren p\u00e5 posen tr\u00e6kkes stramt for at holde varerne sikre. Lavet af 100% bomuld, et milj\u00f8venligt og robust materiale, der er et fremragende salgsargument. Det centrale vindue er lavet af bomuldsorganza.<\/p>\n","protected":false},"featured_media":355569,"comment_status":"closed","ping_status":"open","template":"","meta":{"_angie_page":false},"product_brand":[],"product_cat":[5582,6546],"product_tag":[],"class_list":{"0":"post-198616","1":"product","2":"type-product","3":"status-publish","4":"has-post-thumbnail","6":"product_cat-gaveindpakning","7":"product_cat-papir-jute-og-bomuldstasker","8":"pa_collection-natural-pouches-with-see-through-cotton-window-da","9":"pa_made-in-indien","11":"first","12":"instock","13":"purchasable","14":"product-type-simple"},"supplier_id":null,"supplier_sku":"NatWP-03","barcode":null,"atum_controlled":true,"out_stock_date":null,"out_stock_threshold":null,"inheritable":false,"inbound_stock":null,"stock_on_hold":0,"sold_today":0,"sales_last_days":0,"reserved_stock":null,"customer_returns":null,"warehouse_damage":null,"lost_in_post":null,"other_logs":null,"out_stock_days":0,"lost_sales":0,"has_location":null,"update_date":"2026-04-27T07:14:51","atum_locations":[],"atum_stock_status":"instock","restock_status":false,"low_stock_amount":"","sales_update_date":"2026-01-30T01:26:20","calc_backorders":null,"_links":{"self":[{"href":"https:\/\/aromasentia.com\/da\/wp-json\/wp\/v2\/product\/198616","targetHints":{"allow":["GET"]}}],"collection":[{"href":"https:\/\/aromasentia.com\/da\/wp-json\/wp\/v2\/product"}],"about":[{"href":"https:\/\/aromasentia.com\/da\/wp-json\/wp\/v2\/types\/product"}],"replies":[{"embeddable":true,"href":"https:\/\/aromasentia.com\/da\/wp-json\/wp\/v2\/comments?post=198616"}],"version-history":[{"count":0,"href":"https:\/\/aromasentia.com\/da\/wp-json\/wp\/v2\/product\/198616\/revisions"}],"wp:featuredmedia":[{"embeddable":true,"href":"https:\/\/aromasentia.com\/da\/wp-json\/wp\/v2\/media\/355569"}],"wp:attachment":[{"href":"https:\/\/aromasentia.com\/da\/wp-json\/wp\/v2\/media?parent=198616"}],"wp:term":[{"taxonomy":"product_brand","embeddable":true,"href":"https:\/\/aromasentia.com\/da\/wp-json\/wp\/v2\/product_brand?post=198616"},{"taxonomy":"product_cat","embeddable":true,"href":"https:\/\/aromasentia.com\/da\/wp-json\/wp\/v2\/product_cat?post=198616"},{"taxonomy":"product_tag","embeddable":true,"href":"https:\/\/aromasentia.com\/da\/wp-json\/wp\/v2\/product_tag?post=198616"}],"curies":[{"name":"wp","href":"https:\/\/api.w.org\/{rel}","templated":true}]}}