{"id":198607,"date":"2025-03-22T14:18:33","date_gmt":"2025-03-22T14:18:33","guid":{"rendered":"https:\/\/aromasentia.com\/product\/10x-kraft-window-bag-10x16-cm\/"},"modified":"2025-06-22T03:12:56","modified_gmt":"2025-06-22T03:12:56","slug":"10x-kraft-vinduespose-10x16-cm","status":"publish","type":"product","link":"https:\/\/aromasentia.com\/da\/10x-kraft-vinduespose-10x16-cm\/","title":{"rendered":"10X Kraft Vinduespose 10X16 cm"},"content":{"rendered":"<p>Disse kraftposer med vindue er velegnede til b\u00e5de fugtige og t\u00f8rre produkter, der kr\u00e6ver emballage med h\u00f8j barriereevne. De er fremstillet til f\u00f8devarebrug af <strong>Aroma Sentia<\/strong> og er ideelle til mange gaveartikler.<\/p>\n<p>G\u00f8r dem ekstra seje ved at printe dine egne etiketter (vi leverer kraftetiketterne, se nedenfor).<\/p>\n<p>Kraftposer med vindue giver den naturlige f\u00f8lelse, og med lidt fantasi og flair kan du lave en gave, der vil imponere alle.<\/p>\n<p>De har en grebslukning, der kan \u00e5bnes og lukkes mange gange. Den selvb\u00e6rende runde bund sikrer, at poserne kan st\u00e5 frit. Med det centrale vindue sikres det, at dine gaver let kan ses.<\/p>\n","protected":false},"excerpt":{"rendered":"<p>Disse kraftposer med vindue er velegnede til b\u00e5de fugtige og t\u00f8rre produkter, der kr\u00e6ver emballage med h\u00f8j barriereevne. De er fremstillet til f\u00f8devarebrug af Aroma Sentia og er ideelle til mange gaveartikler. G\u00f8r dem ekstra seje ved at printe dine egne etiketter (vi leverer kraftetiketterne, se nedenfor). Kraftposer med vindue giver den naturlige f\u00f8lelse, og [&hellip;]<\/p>\n","protected":false},"featured_media":355296,"comment_status":"closed","ping_status":"open","template":"","meta":{"_angie_page":false},"product_brand":[],"product_cat":[5582,6546],"product_tag":[],"class_list":{"0":"post-198607","1":"product","2":"type-product","3":"status-publish","4":"has-post-thumbnail","6":"product_cat-gaveindpakning","7":"product_cat-papir-jute-og-bomuldstasker","8":"pa_collection-kraft-window-bags-da","9":"pa_made-in-kina","11":"first","12":"instock","13":"purchasable","14":"product-type-simple"},"supplier_id":null,"supplier_sku":"KWB-01","barcode":null,"atum_controlled":true,"out_stock_date":null,"out_stock_threshold":null,"inheritable":false,"inbound_stock":null,"stock_on_hold":0,"sold_today":0,"sales_last_days":0,"reserved_stock":null,"customer_returns":null,"warehouse_damage":null,"lost_in_post":null,"other_logs":null,"out_stock_days":0,"lost_sales":0,"has_location":null,"update_date":"2026-04-27T07:10:28","atum_locations":[],"atum_stock_status":"instock","restock_status":false,"low_stock_amount":"","sales_update_date":"2025-09-05T00:27:29","calc_backorders":null,"_links":{"self":[{"href":"https:\/\/aromasentia.com\/da\/wp-json\/wp\/v2\/product\/198607","targetHints":{"allow":["GET"]}}],"collection":[{"href":"https:\/\/aromasentia.com\/da\/wp-json\/wp\/v2\/product"}],"about":[{"href":"https:\/\/aromasentia.com\/da\/wp-json\/wp\/v2\/types\/product"}],"replies":[{"embeddable":true,"href":"https:\/\/aromasentia.com\/da\/wp-json\/wp\/v2\/comments?post=198607"}],"version-history":[{"count":0,"href":"https:\/\/aromasentia.com\/da\/wp-json\/wp\/v2\/product\/198607\/revisions"}],"wp:featuredmedia":[{"embeddable":true,"href":"https:\/\/aromasentia.com\/da\/wp-json\/wp\/v2\/media\/355296"}],"wp:attachment":[{"href":"https:\/\/aromasentia.com\/da\/wp-json\/wp\/v2\/media?parent=198607"}],"wp:term":[{"taxonomy":"product_brand","embeddable":true,"href":"https:\/\/aromasentia.com\/da\/wp-json\/wp\/v2\/product_brand?post=198607"},{"taxonomy":"product_cat","embeddable":true,"href":"https:\/\/aromasentia.com\/da\/wp-json\/wp\/v2\/product_cat?post=198607"},{"taxonomy":"product_tag","embeddable":true,"href":"https:\/\/aromasentia.com\/da\/wp-json\/wp\/v2\/product_tag?post=198607"}],"curies":[{"name":"wp","href":"https:\/\/api.w.org\/{rel}","templated":true}]}}