{"id":198600,"date":"2025-03-22T14:18:40","date_gmt":"2025-03-22T14:18:40","guid":{"rendered":"https:\/\/aromasentia.com\/product\/santa-sack-do-not-open-before\/"},"modified":"2025-06-22T03:12:52","modified_gmt":"2025-06-22T03:12:52","slug":"julemandens-saek-maa-ikke-aabnes-foer","status":"publish","type":"product","link":"https:\/\/aromasentia.com\/da\/julemandens-saek-maa-ikke-aabnes-foer\/","title":{"rendered":"Julemandens S\u00e6k &#8211; m\u00e5 Ikke \u00c5bnes F\u00f8r"},"content":{"rendered":"<p>Gemm julegaverne til dine k\u00e6re med Do Not Open Before Christmas Day Jute Sack.&nbsp;<\/p>\n<p>Denne vidunderligt festlige jutes\u00e6k er st\u00e6rk og robust, s\u00e5 du kan fylde den med gaver til dine venner og familie og ogs\u00e5 genbruge den n\u00e6ste \u00e5r, s\u00e5 du kan f\u00e5 masser af brug for den. For ikke at n\u00e6vne det dejlige juledesign. Den har sort og r\u00f8d skrift, hvor der st\u00e5r &#8220;M\u00e5 ikke \u00e5bnes f\u00f8r juledag&#8221;, s\u00e5 folk ved, at de ikke m\u00e5 g\u00e5 ind i den f\u00f8r jul.<\/p>\n<p>Disse vil v\u00e6re en fremragende s\u00e6lger i julen, da alle kan lide at opbevare gaver p\u00e5 et kompakt sted, s\u00e5 de ikke mister nogen.Bestil nogle af disse fantastiske jutes\u00e6kke lige i tide til jul.<\/p>\n<p>St\u00f8rrelse: H: 76 cm; B: 55 cm<\/p>\n","protected":false},"excerpt":{"rendered":"<p>Gemm julegaverne til dine k\u00e6re med Do Not Open Before Christmas Day Jute Sack.&nbsp; Denne vidunderligt festlige jutes\u00e6k er st\u00e6rk og robust, s\u00e5 du kan fylde den med gaver til dine venner og familie og ogs\u00e5 genbruge den n\u00e6ste \u00e5r, s\u00e5 du kan f\u00e5 masser af brug for den. For ikke at n\u00e6vne det dejlige [&hellip;]<\/p>\n","protected":false},"featured_media":356895,"comment_status":"closed","ping_status":"open","template":"","meta":{"_angie_page":false},"product_brand":[],"product_cat":[5582,6546],"product_tag":[],"class_list":{"0":"post-198600","1":"product","2":"type-product","3":"status-publish","4":"has-post-thumbnail","6":"product_cat-gaveindpakning","7":"product_cat-papir-jute-og-bomuldstasker","8":"pa_collection-jute-santa-sacks-da","9":"pa_made-in-indien","11":"first","12":"outofstock","13":"purchasable","14":"product-type-simple"},"supplier_id":null,"supplier_sku":"SANTA-01","barcode":null,"atum_controlled":true,"out_stock_date":"2025-09-05 14:11:12","out_stock_threshold":null,"inheritable":false,"inbound_stock":null,"stock_on_hold":0,"sold_today":0,"sales_last_days":0,"reserved_stock":null,"customer_returns":null,"warehouse_damage":null,"lost_in_post":null,"other_logs":null,"out_stock_days":0,"lost_sales":0,"has_location":null,"update_date":"2026-04-27T07:20:24","atum_locations":[],"atum_stock_status":"outofstock","restock_status":false,"low_stock_amount":"","sales_update_date":"2025-09-05T00:28:00","calc_backorders":null,"_links":{"self":[{"href":"https:\/\/aromasentia.com\/da\/wp-json\/wp\/v2\/product\/198600","targetHints":{"allow":["GET"]}}],"collection":[{"href":"https:\/\/aromasentia.com\/da\/wp-json\/wp\/v2\/product"}],"about":[{"href":"https:\/\/aromasentia.com\/da\/wp-json\/wp\/v2\/types\/product"}],"replies":[{"embeddable":true,"href":"https:\/\/aromasentia.com\/da\/wp-json\/wp\/v2\/comments?post=198600"}],"version-history":[{"count":0,"href":"https:\/\/aromasentia.com\/da\/wp-json\/wp\/v2\/product\/198600\/revisions"}],"wp:featuredmedia":[{"embeddable":true,"href":"https:\/\/aromasentia.com\/da\/wp-json\/wp\/v2\/media\/356895"}],"wp:attachment":[{"href":"https:\/\/aromasentia.com\/da\/wp-json\/wp\/v2\/media?parent=198600"}],"wp:term":[{"taxonomy":"product_brand","embeddable":true,"href":"https:\/\/aromasentia.com\/da\/wp-json\/wp\/v2\/product_brand?post=198600"},{"taxonomy":"product_cat","embeddable":true,"href":"https:\/\/aromasentia.com\/da\/wp-json\/wp\/v2\/product_cat?post=198600"},{"taxonomy":"product_tag","embeddable":true,"href":"https:\/\/aromasentia.com\/da\/wp-json\/wp\/v2\/product_tag?post=198600"}],"curies":[{"name":"wp","href":"https:\/\/api.w.org\/{rel}","templated":true}]}}