{"id":198598,"date":"2025-03-22T14:18:40","date_gmt":"2025-03-22T14:18:40","guid":{"rendered":"https:\/\/aromasentia.com\/product\/reusable-foam-dispenser-bottle-450ml\/"},"modified":"2025-06-22T03:12:51","modified_gmt":"2025-06-22T03:12:51","slug":"genanvendelig-skumdispenserflaske-450ml","status":"publish","type":"product","link":"https:\/\/aromasentia.com\/da\/genanvendelig-skumdispenserflaske-450ml\/","title":{"rendered":"Genanvendelig Skumdispenserflaske &#8211; 450ml"},"content":{"rendered":"<p><span style=\"color: rgb(75, 80, 88);\">Giv dit produkttilbud et l\u00f8ft med vores helt nye <strong>genanvendelige dispenserflasker<\/strong>, der er designet til at im\u00f8dekomme de skiftende behov hos b\u00e5de virksomheder og milj\u00f8bevidste forbrugere. Disse slanke, gr\u00f8nne flasker er fremstillet af holdbart og robust plastik, hvilket sikrer, at de holder i lang tid, samtidig med at de har en positiv indvirkning p\u00e5 milj\u00f8et.<\/span><\/p>\n<p><span style=\"color: rgb(75, 80, 88);\">Vi pr\u00e6senterer vores genanvendelige skumdispenserflaske med en rummelig kapacitet p\u00e5 450 ml. Denne flaske er fremstillet af holdbart plastik og er specielt designet til skumprodukter. Dens pumpemekanisme skaber et fyldigt skum til h\u00e5nds\u00e6ber, skummende rensemidler eller andre skumformulerede produkter. Den innovative plastiksp\u00e6nde giver ekstra sikkerhed under transport eller opbevaring. Hvis du s\u00e6lger skumprodukter, tilbyder denne flaske en f\u00f8rsteklasses og b\u00e6redygtig emballagel\u00f8sning.<\/span><\/p>\n<p><span style=\"color: rgb(75, 80, 88);\"><strong>Flaskens dimensioner:<\/strong><\/span><\/p>\n<p>6,5 x 18,5 x 6,5 cm<\/p>\n<p><span style=\"color: rgb(75, 80, 88);\"><strong>Beholderens dimensioner:<\/strong><\/span><\/p>\n<p>6,5 x 11,5 x 6,5 cm<\/p>\n","protected":false},"excerpt":{"rendered":"<p>Giv dit produkttilbud et l\u00f8ft med vores helt nye genanvendelige dispenserflasker, der er designet til at im\u00f8dekomme de skiftende behov hos b\u00e5de virksomheder og milj\u00f8bevidste forbrugere. Disse slanke, gr\u00f8nne flasker er fremstillet af holdbart og robust plastik, hvilket sikrer, at de holder i lang tid, samtidig med at de har en positiv indvirkning p\u00e5 milj\u00f8et. [&hellip;]<\/p>\n","protected":false},"featured_media":356805,"comment_status":"closed","ping_status":"open","template":"","meta":{"_angie_page":false},"product_brand":[],"product_cat":[5582,6560],"product_tag":[],"class_list":{"0":"post-198598","1":"product","2":"type-product","3":"status-publish","4":"has-post-thumbnail","6":"product_cat-gaveindpakning","7":"product_cat-white-label-produkter","8":"pa_collection-reusable-dispenser-bottles-da","9":"pa_made-in-kina","10":"pa_size-450ml","12":"first","13":"instock","14":"purchasable","15":"product-type-simple"},"supplier_id":null,"supplier_sku":"RPD-04","barcode":null,"atum_controlled":true,"out_stock_date":null,"out_stock_threshold":null,"inheritable":false,"inbound_stock":null,"stock_on_hold":0,"sold_today":0,"sales_last_days":0,"reserved_stock":null,"customer_returns":null,"warehouse_damage":null,"lost_in_post":null,"other_logs":null,"out_stock_days":0,"lost_sales":0,"has_location":null,"update_date":"2026-04-27T07:19:52","atum_locations":[],"atum_stock_status":"instock","restock_status":false,"low_stock_amount":"","sales_update_date":"2026-01-30T01:25:33","calc_backorders":null,"_links":{"self":[{"href":"https:\/\/aromasentia.com\/da\/wp-json\/wp\/v2\/product\/198598","targetHints":{"allow":["GET"]}}],"collection":[{"href":"https:\/\/aromasentia.com\/da\/wp-json\/wp\/v2\/product"}],"about":[{"href":"https:\/\/aromasentia.com\/da\/wp-json\/wp\/v2\/types\/product"}],"replies":[{"embeddable":true,"href":"https:\/\/aromasentia.com\/da\/wp-json\/wp\/v2\/comments?post=198598"}],"version-history":[{"count":0,"href":"https:\/\/aromasentia.com\/da\/wp-json\/wp\/v2\/product\/198598\/revisions"}],"wp:featuredmedia":[{"embeddable":true,"href":"https:\/\/aromasentia.com\/da\/wp-json\/wp\/v2\/media\/356805"}],"wp:attachment":[{"href":"https:\/\/aromasentia.com\/da\/wp-json\/wp\/v2\/media?parent=198598"}],"wp:term":[{"taxonomy":"product_brand","embeddable":true,"href":"https:\/\/aromasentia.com\/da\/wp-json\/wp\/v2\/product_brand?post=198598"},{"taxonomy":"product_cat","embeddable":true,"href":"https:\/\/aromasentia.com\/da\/wp-json\/wp\/v2\/product_cat?post=198598"},{"taxonomy":"product_tag","embeddable":true,"href":"https:\/\/aromasentia.com\/da\/wp-json\/wp\/v2\/product_tag?post=198598"}],"curies":[{"name":"wp","href":"https:\/\/api.w.org\/{rel}","templated":true}]}}