{"id":198597,"date":"2025-03-22T14:18:40","date_gmt":"2025-03-22T14:18:40","guid":{"rendered":"https:\/\/aromasentia.com\/product\/squat-reusable-dispenser-bottle-250ml\/"},"modified":"2025-06-22T03:12:51","modified_gmt":"2025-06-22T03:12:51","slug":"squat-genanvendelig-dispenserflaske-250ml","status":"publish","type":"product","link":"https:\/\/aromasentia.com\/da\/squat-genanvendelig-dispenserflaske-250ml\/","title":{"rendered":"Squat Genanvendelig Dispenserflaske &#8211; 250ml"},"content":{"rendered":"<p><span style=\"color: rgb(75, 80, 88);\">Giv dit produkttilbud et l\u00f8ft med vores helt nye <strong>genanvendelige dispenserflasker<\/strong>, der er designet til at im\u00f8dekomme de skiftende behov hos b\u00e5de virksomheder og milj\u00f8bevidste forbrugere. Disse slanke, gr\u00f8nne flasker er fremstillet af holdbart og robust plastik, hvilket sikrer, at de holder i lang tid, samtidig med at de har en positiv indvirkning p\u00e5 milj\u00f8et.<\/span><\/p>\n<p><span style=\"color: rgb(75, 80, 88);\"><strong>250 ml genanvendelig dispenserflaske<\/strong> kombinerer milj\u00f8bevidsthed med praktisk anvendelighed. Denne flaske er lavet af robust plastik og har en praktisk pumpemekanisme, hvilket g\u00f8r den perfekt til forskellige flydende produkter. Den innovative skruepumpe giver ekstra sikkerhed under transport eller opbevaring. Uanset om du \u00f8nsker at tilbyde dine kunder alsidige emballagemuligheder eller \u00f8nsker at organisere dit eget rum b\u00e6redygtigt, er denne flaske et p\u00e5lideligt valg.<\/span><\/p>\n<p><span style=\"color: rgb(75, 80, 88);\"><strong>Flaskens dimensioner:<\/strong><\/span><\/p>\n<p>6,5 x 10 x 6,5 cm<\/p>\n<p><span style=\"color: rgb(75, 80, 88);\"><strong>Beholderens dimensioner:<\/strong><\/span><\/p>\n<p>6,5 x 6,5 x 6,5 cm <\/p>\n","protected":false},"excerpt":{"rendered":"<p>Giv dit produkttilbud et l\u00f8ft med vores helt nye genanvendelige dispenserflasker, der er designet til at im\u00f8dekomme de skiftende behov hos b\u00e5de virksomheder og milj\u00f8bevidste forbrugere. Disse slanke, gr\u00f8nne flasker er fremstillet af holdbart og robust plastik, hvilket sikrer, at de holder i lang tid, samtidig med at de har en positiv indvirkning p\u00e5 milj\u00f8et. [&hellip;]<\/p>\n","protected":false},"featured_media":356772,"comment_status":"closed","ping_status":"open","template":"","meta":{"_angie_page":false},"product_brand":[],"product_cat":[5582,6560],"product_tag":[],"class_list":{"0":"post-198597","1":"product","2":"type-product","3":"status-publish","4":"has-post-thumbnail","6":"product_cat-gaveindpakning","7":"product_cat-white-label-produkter","8":"pa_collection-reusable-dispenser-bottles-da","9":"pa_made-in-kina","10":"pa_size-250ml","12":"first","13":"instock","14":"purchasable","15":"product-type-simple"},"supplier_id":null,"supplier_sku":"RPD-03","barcode":null,"atum_controlled":true,"out_stock_date":null,"out_stock_threshold":null,"inheritable":false,"inbound_stock":null,"stock_on_hold":0,"sold_today":0,"sales_last_days":0,"reserved_stock":null,"customer_returns":null,"warehouse_damage":null,"lost_in_post":null,"other_logs":null,"out_stock_days":0,"lost_sales":0,"has_location":null,"update_date":"2026-05-04T00:04:58","atum_locations":[],"atum_stock_status":"instock","restock_status":false,"low_stock_amount":"","sales_update_date":"2026-01-30T01:26:01","calc_backorders":null,"_links":{"self":[{"href":"https:\/\/aromasentia.com\/da\/wp-json\/wp\/v2\/product\/198597","targetHints":{"allow":["GET"]}}],"collection":[{"href":"https:\/\/aromasentia.com\/da\/wp-json\/wp\/v2\/product"}],"about":[{"href":"https:\/\/aromasentia.com\/da\/wp-json\/wp\/v2\/types\/product"}],"replies":[{"embeddable":true,"href":"https:\/\/aromasentia.com\/da\/wp-json\/wp\/v2\/comments?post=198597"}],"version-history":[{"count":0,"href":"https:\/\/aromasentia.com\/da\/wp-json\/wp\/v2\/product\/198597\/revisions"}],"wp:featuredmedia":[{"embeddable":true,"href":"https:\/\/aromasentia.com\/da\/wp-json\/wp\/v2\/media\/356772"}],"wp:attachment":[{"href":"https:\/\/aromasentia.com\/da\/wp-json\/wp\/v2\/media?parent=198597"}],"wp:term":[{"taxonomy":"product_brand","embeddable":true,"href":"https:\/\/aromasentia.com\/da\/wp-json\/wp\/v2\/product_brand?post=198597"},{"taxonomy":"product_cat","embeddable":true,"href":"https:\/\/aromasentia.com\/da\/wp-json\/wp\/v2\/product_cat?post=198597"},{"taxonomy":"product_tag","embeddable":true,"href":"https:\/\/aromasentia.com\/da\/wp-json\/wp\/v2\/product_tag?post=198597"}],"curies":[{"name":"wp","href":"https:\/\/api.w.org\/{rel}","templated":true}]}}