{"id":198587,"date":"2025-03-22T14:18:40","date_gmt":"2025-03-22T14:18:40","guid":{"rendered":"https:\/\/aromasentia.com\/product\/set-of-3-storage-display-boxes-brown\/"},"modified":"2025-06-22T03:12:47","modified_gmt":"2025-06-22T03:12:47","slug":"saet-med-3-opbevarings-udstillingskasser-brun","status":"publish","type":"product","link":"https:\/\/aromasentia.com\/da\/saet-med-3-opbevarings-udstillingskasser-brun\/","title":{"rendered":"S\u00e6t med 3 Opbevarings-\/Udstillingskasser &#8211; Brun"},"content":{"rendered":"<p>S\u00e6t med tre frugtkasser lavet af Albesia-tr\u00e6, der er etisk fremstillet i Indonesien. Disse fantastiske brownwash tr\u00e6frugtkasser er perfekte til alle former for opbevaring, fra genbrug til frugt og gr\u00f8ntsager til opt\u00e6ndingsbr\u00e6nde og magasiner. Uanset hvad er der mange m\u00e5der, dine kunder kan omdanne disse kasser p\u00e5 ud over deres tilsigtede brug.<\/p>\n<p>Tr\u00e6kasser kan endda f\u00e5 et meget industrielt pr\u00e6g. Uanset din designsmag. <strong>Bestil nu og f\u00e5 overskud i kassen.<\/strong><\/p>\n<p>Kassens m\u00e5l: Large:H:25cm B:45cm D:30 V\u00e6gt: 1.926g Medium: H:24cm B:35cm D:25 V\u00e6gt: 1.540g Small:H:20cm B:25cm D:20 V\u00e6gt: 140g<\/p>\n","protected":false},"excerpt":{"rendered":"<p>S\u00e6t med tre frugtkasser lavet af Albesia-tr\u00e6, der er etisk fremstillet i Indonesien. Disse fantastiske brownwash tr\u00e6frugtkasser er perfekte til alle former for opbevaring, fra genbrug til frugt og gr\u00f8ntsager til opt\u00e6ndingsbr\u00e6nde og magasiner. Uanset hvad er der mange m\u00e5der, dine kunder kan omdanne disse kasser p\u00e5 ud over deres tilsigtede brug. Tr\u00e6kasser kan endda [&hellip;]<\/p>\n","protected":false},"featured_media":356410,"comment_status":"closed","ping_status":"open","template":"","meta":{"_angie_page":false},"product_brand":[],"product_cat":[5582,6550],"product_tag":[],"class_list":{"0":"post-198587","1":"product","2":"type-product","3":"status-publish","4":"has-post-thumbnail","6":"product_cat-gaveindpakning","7":"product_cat-slojfer-og-displaystativer","8":"pa_collection-retail-display-stands-da","9":"pa_made-in-indonesien","11":"first","12":"instock","13":"purchasable","14":"product-type-simple"},"supplier_id":null,"supplier_sku":"RDS-151","barcode":null,"atum_controlled":true,"out_stock_date":null,"out_stock_threshold":null,"inheritable":false,"inbound_stock":null,"stock_on_hold":0,"sold_today":0,"sales_last_days":0,"reserved_stock":null,"customer_returns":null,"warehouse_damage":null,"lost_in_post":null,"other_logs":null,"out_stock_days":146,"lost_sales":0,"has_location":null,"update_date":"2026-04-27T07:27:41","atum_locations":[],"atum_stock_status":"instock","restock_status":false,"low_stock_amount":"","sales_update_date":"2026-01-30T01:24:21","calc_backorders":null,"_links":{"self":[{"href":"https:\/\/aromasentia.com\/da\/wp-json\/wp\/v2\/product\/198587","targetHints":{"allow":["GET"]}}],"collection":[{"href":"https:\/\/aromasentia.com\/da\/wp-json\/wp\/v2\/product"}],"about":[{"href":"https:\/\/aromasentia.com\/da\/wp-json\/wp\/v2\/types\/product"}],"replies":[{"embeddable":true,"href":"https:\/\/aromasentia.com\/da\/wp-json\/wp\/v2\/comments?post=198587"}],"version-history":[{"count":0,"href":"https:\/\/aromasentia.com\/da\/wp-json\/wp\/v2\/product\/198587\/revisions"}],"wp:featuredmedia":[{"embeddable":true,"href":"https:\/\/aromasentia.com\/da\/wp-json\/wp\/v2\/media\/356410"}],"wp:attachment":[{"href":"https:\/\/aromasentia.com\/da\/wp-json\/wp\/v2\/media?parent=198587"}],"wp:term":[{"taxonomy":"product_brand","embeddable":true,"href":"https:\/\/aromasentia.com\/da\/wp-json\/wp\/v2\/product_brand?post=198587"},{"taxonomy":"product_cat","embeddable":true,"href":"https:\/\/aromasentia.com\/da\/wp-json\/wp\/v2\/product_cat?post=198587"},{"taxonomy":"product_tag","embeddable":true,"href":"https:\/\/aromasentia.com\/da\/wp-json\/wp\/v2\/product_tag?post=198587"}],"curies":[{"name":"wp","href":"https:\/\/api.w.org\/{rel}","templated":true}]}}