{"id":198584,"date":"2025-03-22T14:18:40","date_gmt":"2025-03-22T14:18:40","guid":{"rendered":"https:\/\/aromasentia.com\/product\/room-perfume-display-stand-mango-wood\/"},"modified":"2025-06-22T03:12:46","modified_gmt":"2025-06-22T03:12:46","slug":"room-perfume-display-stand-mangotrae","status":"publish","type":"product","link":"https:\/\/aromasentia.com\/da\/room-perfume-display-stand-mangotrae\/","title":{"rendered":"Room Perfume Display Stand &#8211; Mangotr\u00e6"},"content":{"rendered":"<p>St\u00f8rrelse p\u00e5 tr\u00e6stativets parfumedisplay<\/p>\n<p>Bredde: 32 cm, l\u00e6ngde: 22,5 cm, h\u00f8jde: 31 cm&nbsp;<\/p>\n<p>(h\u00f8jde uden overskrift 21 cm)<\/p>\n<p>Hyldens st\u00f8rrelse: 27 cm x 9 cm<\/p>\n<p>V\u00e6gt: 1,5 kg<\/p>\n<p>Stativet s\u00e6lges tomt.5cm<\/p>\n<p>V\u00e6gt: 2kg<\/p>\n<p>Stativet s\u00e6lges tomt, produkterne er kun til illustrationsform\u00e5l.<\/p>\n<p>Et parfume-display i tr\u00e6 med to hylder har plads til 24 flasker p\u00e5 50 ml.<\/p>\n","protected":false},"excerpt":{"rendered":"<p>St\u00f8rrelse p\u00e5 tr\u00e6stativets parfumedisplay Bredde: 32 cm, l\u00e6ngde: 22,5 cm, h\u00f8jde: 31 cm&nbsp; (h\u00f8jde uden overskrift 21 cm) Hyldens st\u00f8rrelse: 27 cm x 9 cm V\u00e6gt: 1,5 kg Stativet s\u00e6lges tomt.5cm V\u00e6gt: 2kg Stativet s\u00e6lges tomt, produkterne er kun til illustrationsform\u00e5l. Et parfume-display i tr\u00e6 med to hylder har plads til 24 flasker p\u00e5 50 [&hellip;]<\/p>\n","protected":false},"featured_media":356303,"comment_status":"closed","ping_status":"open","template":"","meta":{"_angie_page":false},"product_brand":[],"product_cat":[5582,6550],"product_tag":[],"class_list":{"0":"post-198584","1":"product","2":"type-product","3":"status-publish","4":"has-post-thumbnail","6":"product_cat-gaveindpakning","7":"product_cat-slojfer-og-displaystativer","8":"pa_collection-retail-display-stands-da","9":"pa_made-in-indien","11":"first","12":"outofstock","13":"purchasable","14":"product-type-simple"},"supplier_id":null,"supplier_sku":"RDS-122M","barcode":null,"atum_controlled":true,"out_stock_date":"2026-01-26 06:54:45","out_stock_threshold":null,"inheritable":false,"inbound_stock":null,"stock_on_hold":0,"sold_today":0,"sales_last_days":0,"reserved_stock":null,"customer_returns":null,"warehouse_damage":null,"lost_in_post":null,"other_logs":null,"out_stock_days":0,"lost_sales":0,"has_location":null,"update_date":"2026-04-27T07:19:28","atum_locations":[],"atum_stock_status":"outofstock","restock_status":false,"low_stock_amount":"","sales_update_date":"2025-09-05T00:27:53","calc_backorders":null,"_links":{"self":[{"href":"https:\/\/aromasentia.com\/da\/wp-json\/wp\/v2\/product\/198584","targetHints":{"allow":["GET"]}}],"collection":[{"href":"https:\/\/aromasentia.com\/da\/wp-json\/wp\/v2\/product"}],"about":[{"href":"https:\/\/aromasentia.com\/da\/wp-json\/wp\/v2\/types\/product"}],"replies":[{"embeddable":true,"href":"https:\/\/aromasentia.com\/da\/wp-json\/wp\/v2\/comments?post=198584"}],"version-history":[{"count":0,"href":"https:\/\/aromasentia.com\/da\/wp-json\/wp\/v2\/product\/198584\/revisions"}],"wp:featuredmedia":[{"embeddable":true,"href":"https:\/\/aromasentia.com\/da\/wp-json\/wp\/v2\/media\/356303"}],"wp:attachment":[{"href":"https:\/\/aromasentia.com\/da\/wp-json\/wp\/v2\/media?parent=198584"}],"wp:term":[{"taxonomy":"product_brand","embeddable":true,"href":"https:\/\/aromasentia.com\/da\/wp-json\/wp\/v2\/product_brand?post=198584"},{"taxonomy":"product_cat","embeddable":true,"href":"https:\/\/aromasentia.com\/da\/wp-json\/wp\/v2\/product_cat?post=198584"},{"taxonomy":"product_tag","embeddable":true,"href":"https:\/\/aromasentia.com\/da\/wp-json\/wp\/v2\/product_tag?post=198584"}],"curies":[{"name":"wp","href":"https:\/\/api.w.org\/{rel}","templated":true}]}}