{"id":198583,"date":"2025-03-22T14:18:40","date_gmt":"2025-03-22T14:18:40","guid":{"rendered":"https:\/\/aromasentia.com\/product\/essential-fragrance-oil-mango-wood-stand\/"},"modified":"2025-06-22T03:12:45","modified_gmt":"2025-06-22T03:12:45","slug":"stativ-til-aeteriske-olier-parfume-olier-i-mangotrae","status":"publish","type":"product","link":"https:\/\/aromasentia.com\/da\/stativ-til-aeteriske-olier-parfume-olier-i-mangotrae\/","title":{"rendered":"Stativ Til \u00c6teriske Olier\/Parfume Olier I Mangotr\u00e6"},"content":{"rendered":"<p>St\u00f8rrelse p\u00e5 tr\u00e6displayet<\/p>\n<p>Bredde: 36 cm, l\u00e6ngde: 33,5 cm, h\u00f8jde: 34 cm&nbsp;<\/p>\n<p>(H\u00f8jde uden overskrift 24 cm)<\/p>\n<p>St\u00f8rrelse p\u00e5 hylden: 30 cm x 9 cm<\/p>\n<p>V\u00e6gt: 2,6 kg<\/p>\n<p>Stativet s\u00e6lges tomt, produkterne er kun til illustrationsform\u00e5l.<\/p>\n<p>Stativet kan rumme: 90 flasker med 25 mm diameter<\/p>\n<\/p>\n<p>Stativet kan rumme: 90 flasker med 25 mm diameter<\/p>\n<\/p>\n<p>.<\/p>\n","protected":false},"excerpt":{"rendered":"<p>St\u00f8rrelse p\u00e5 tr\u00e6displayet Bredde: 36 cm, l\u00e6ngde: 33,5 cm, h\u00f8jde: 34 cm&nbsp; (H\u00f8jde uden overskrift 24 cm) St\u00f8rrelse p\u00e5 hylden: 30 cm x 9 cm V\u00e6gt: 2,6 kg Stativet s\u00e6lges tomt, produkterne er kun til illustrationsform\u00e5l. Stativet kan rumme: 90 flasker med 25 mm diameter Stativet kan rumme: 90 flasker med 25 mm diameter .<\/p>\n","protected":false},"featured_media":356262,"comment_status":"closed","ping_status":"open","template":"","meta":{"_angie_page":false},"product_brand":[],"product_cat":[5582,6550],"product_tag":[],"class_list":{"0":"post-198583","1":"product","2":"type-product","3":"status-publish","4":"has-post-thumbnail","6":"product_cat-gaveindpakning","7":"product_cat-slojfer-og-displaystativer","8":"pa_collection-retail-display-stands-da","9":"pa_made-in-indien","11":"first","12":"outofstock","13":"purchasable","14":"product-type-simple"},"supplier_id":null,"supplier_sku":"RDS-118M","barcode":null,"atum_controlled":true,"out_stock_date":"2026-01-25 15:06:48","out_stock_threshold":null,"inheritable":false,"inbound_stock":null,"stock_on_hold":0,"sold_today":0,"sales_last_days":0,"reserved_stock":null,"customer_returns":null,"warehouse_damage":null,"lost_in_post":null,"other_logs":null,"out_stock_days":0,"lost_sales":0,"has_location":null,"update_date":"2026-04-27T07:19:28","atum_locations":[],"atum_stock_status":"outofstock","restock_status":false,"low_stock_amount":"","sales_update_date":"2025-09-05T00:27:52","calc_backorders":null,"_links":{"self":[{"href":"https:\/\/aromasentia.com\/da\/wp-json\/wp\/v2\/product\/198583","targetHints":{"allow":["GET"]}}],"collection":[{"href":"https:\/\/aromasentia.com\/da\/wp-json\/wp\/v2\/product"}],"about":[{"href":"https:\/\/aromasentia.com\/da\/wp-json\/wp\/v2\/types\/product"}],"replies":[{"embeddable":true,"href":"https:\/\/aromasentia.com\/da\/wp-json\/wp\/v2\/comments?post=198583"}],"version-history":[{"count":0,"href":"https:\/\/aromasentia.com\/da\/wp-json\/wp\/v2\/product\/198583\/revisions"}],"wp:featuredmedia":[{"embeddable":true,"href":"https:\/\/aromasentia.com\/da\/wp-json\/wp\/v2\/media\/356262"}],"wp:attachment":[{"href":"https:\/\/aromasentia.com\/da\/wp-json\/wp\/v2\/media?parent=198583"}],"wp:term":[{"taxonomy":"product_brand","embeddable":true,"href":"https:\/\/aromasentia.com\/da\/wp-json\/wp\/v2\/product_brand?post=198583"},{"taxonomy":"product_cat","embeddable":true,"href":"https:\/\/aromasentia.com\/da\/wp-json\/wp\/v2\/product_cat?post=198583"},{"taxonomy":"product_tag","embeddable":true,"href":"https:\/\/aromasentia.com\/da\/wp-json\/wp\/v2\/product_tag?post=198583"}],"curies":[{"name":"wp","href":"https:\/\/api.w.org\/{rel}","templated":true}]}}