{"id":198582,"date":"2025-03-22T14:18:40","date_gmt":"2025-03-22T14:18:40","guid":{"rendered":"https:\/\/aromasentia.com\/product\/bath-bomb-5-shelf-display-brownwash\/"},"modified":"2025-06-22T03:12:45","modified_gmt":"2025-06-22T03:12:45","slug":"badebombe-5-hylde-display-brunwash","status":"publish","type":"product","link":"https:\/\/aromasentia.com\/da\/badebombe-5-hylde-display-brunwash\/","title":{"rendered":"Badebombe 5 Hylde Display &#8211; Brunwash"},"content":{"rendered":"<p><strong>Five Shelf Bath Bomb Display with blackboard<\/strong>, denne reol er en \u00f8jeblikkelig pladsbesparelse, der er lige s\u00e5 praktisk til at vise dine badebomber.&nbsp;<\/p>\n<p>K\u00e6rligt h\u00e5ndlavet af b\u00e6redygtigt Albesia-tr\u00e6 i hjertet af Balis landsbyer. Ogs\u00e5 velegnet til b\u00f8ger, urtepotter og udstilling af h\u00e5ndkl\u00e6der.<\/p>\n<p><strong>Wholesale Bath Bomb Display Stands<\/strong> er designet til at v\u00e6re kernen i en moderne gavebutik: gennemt\u00e6nkt, godt lavet og overraskende overkommelig i pris. Udseendet er moderne og ryddeligt.<\/p>\n<p>Leveres i \u00e6sken med to dele, forsynet med skruer til at montere den nederste og \u00f8verste hylde, meget let at samle. Displaystativet har ogs\u00e5 en krog p\u00e5 bagsiden, som passer til v\u00e6ggen.<\/p>\n<p><a href=\"https:\/\/aromasentia.com\/starter\"><strong><span style=\"color: rgb(184, 49, 47);\">Tjek vores Bath Bombs Starter-pakke her.&nbsp;<\/span><\/strong><\/a><\/p>\n<p><strong><span style=\"color: rgb(0, 0, 0);\">K\u00f8b nu for at skabe den ultimative badev\u00e6relseshimmel i din butik.&nbsp;<\/span><\/strong><strong><span style=\"color: rgb(0, 0, 0);\"><span class=\"fr-emoticon fr-deletable fr-emoticon-img\" style=\"background: url(https:\/\/cdnjs.cloudflare.com\/ajax\/libs\/emojione\/2.0.1\/assets\/svg\/1f600.svg);\">&nbsp;<\/span>&nbsp;<\/span><\/strong><\/p>\n<p><strong>Bem\u00e6rk venligst: For ordrer uden for UK MAINLAND &nbsp;vil forsendelsen af stativet blive opkr\u00e6vet separat. &nbsp;Vi giver et tilbud. &nbsp;&nbsp;<\/strong><\/p>\n<p><em>Bem\u00e6rk: Displaystativet s\u00e6lges tomt.<\/em><\/p>\n<p><em><strong>Hyldest\u00f8rrelser: D:40cm B:56cm H:180cm<\/strong><\/em><\/p>\n","protected":false},"excerpt":{"rendered":"<p>Five Shelf Bath Bomb Display with blackboard, denne reol er en \u00f8jeblikkelig pladsbesparelse, der er lige s\u00e5 praktisk til at vise dine badebomber.&nbsp; K\u00e6rligt h\u00e5ndlavet af b\u00e6redygtigt Albesia-tr\u00e6 i hjertet af Balis landsbyer. Ogs\u00e5 velegnet til b\u00f8ger, urtepotter og udstilling af h\u00e5ndkl\u00e6der. Wholesale Bath Bomb Display Stands er designet til at v\u00e6re kernen i en [&hellip;]<\/p>\n","protected":false},"featured_media":356229,"comment_status":"closed","ping_status":"open","template":"","meta":{"_angie_page":false},"product_brand":[],"product_cat":[5582,6550],"product_tag":[],"class_list":{"0":"post-198582","1":"product","2":"type-product","3":"status-publish","4":"has-post-thumbnail","6":"product_cat-gaveindpakning","7":"product_cat-slojfer-og-displaystativer","8":"pa_collection-retail-display-stands-da","9":"pa_made-in-indonesien","11":"first","12":"outofstock","13":"purchasable","14":"product-type-simple"},"supplier_id":null,"supplier_sku":"RDS-127","barcode":null,"atum_controlled":true,"out_stock_date":"2026-01-23 13:06:33","out_stock_threshold":null,"inheritable":false,"inbound_stock":null,"stock_on_hold":0,"sold_today":0,"sales_last_days":0,"reserved_stock":null,"customer_returns":null,"warehouse_damage":null,"lost_in_post":null,"other_logs":null,"out_stock_days":0,"lost_sales":0,"has_location":null,"update_date":"2026-04-27T07:19:28","atum_locations":[],"atum_stock_status":"outofstock","restock_status":false,"low_stock_amount":"","sales_update_date":"2025-09-05T00:27:52","calc_backorders":null,"_links":{"self":[{"href":"https:\/\/aromasentia.com\/da\/wp-json\/wp\/v2\/product\/198582","targetHints":{"allow":["GET"]}}],"collection":[{"href":"https:\/\/aromasentia.com\/da\/wp-json\/wp\/v2\/product"}],"about":[{"href":"https:\/\/aromasentia.com\/da\/wp-json\/wp\/v2\/types\/product"}],"replies":[{"embeddable":true,"href":"https:\/\/aromasentia.com\/da\/wp-json\/wp\/v2\/comments?post=198582"}],"version-history":[{"count":0,"href":"https:\/\/aromasentia.com\/da\/wp-json\/wp\/v2\/product\/198582\/revisions"}],"wp:featuredmedia":[{"embeddable":true,"href":"https:\/\/aromasentia.com\/da\/wp-json\/wp\/v2\/media\/356229"}],"wp:attachment":[{"href":"https:\/\/aromasentia.com\/da\/wp-json\/wp\/v2\/media?parent=198582"}],"wp:term":[{"taxonomy":"product_brand","embeddable":true,"href":"https:\/\/aromasentia.com\/da\/wp-json\/wp\/v2\/product_brand?post=198582"},{"taxonomy":"product_cat","embeddable":true,"href":"https:\/\/aromasentia.com\/da\/wp-json\/wp\/v2\/product_cat?post=198582"},{"taxonomy":"product_tag","embeddable":true,"href":"https:\/\/aromasentia.com\/da\/wp-json\/wp\/v2\/product_tag?post=198582"}],"curies":[{"name":"wp","href":"https:\/\/api.w.org\/{rel}","templated":true}]}}