{"id":198580,"date":"2025-03-22T14:18:40","date_gmt":"2025-03-22T14:18:40","guid":{"rendered":"https:\/\/aromasentia.com\/product\/twentyfive-box-tray-display\/"},"modified":"2025-06-22T03:12:42","modified_gmt":"2025-06-22T03:12:42","slug":"display-med-femogtyve-kasser","status":"publish","type":"product","link":"https:\/\/aromasentia.com\/da\/display-med-femogtyve-kasser\/","title":{"rendered":"Display med Femogtyve Kasser"},"content":{"rendered":"<p><strong><span style=\"color: rgb(184, 49, 47);\">Din Twenty-five Box Tray Wooden Display Stand<\/span><\/strong> er designet til at v\u00e6re kernen i din moderne gavebutik, gennemt\u00e6nkt, godt lavet og overraskende overkommelig i pris. Fornemmelsen er moderne og ryddelig.<\/p>\n<p><strong><span style=\"color: rgb(184, 49, 47);\">Wholesale Wooden Display Stands<\/span>,&nbsp;<\/strong>de 25 bakker er udelukkende konstrueret af hvidkalket Albesia-tr\u00e6, let og holdbart tr\u00e6. Perfekt til at b\u00e6re med f\u00e6rdige produkter, l\u00e6sse din bil og g\u00e5 direkte ud p\u00e5 markedet. Denne praktiske displaybakke har ogs\u00e5 kridttavle med foldbar overskrift. Forestil dig bakken fuld af farverige <strong><a class=\"fr-green\" href=\"https:\/\/aromasentia.com\/fgsoap\">blomstformede g\u00e6stes\u00e6ber<\/a>,&nbsp;<\/strong>s\u00e5 vil du tiltr\u00e6kke dine kunders opm\u00e6rksomhed.&nbsp;<strong><\/strong><\/p>\n<p>Hver \u00e6ske m\u00e5ler Dybde: 7cm, L\u00e6ngde: 6cm, Bredde: 9cm<\/p>\n<p>Bakke m\u00e5ler: L\u00e6ngde:52cm, dybde:38cm, h\u00f8jde:9.5cm V\u00e6gt:1.930g<\/p>\n<p><strong><span style=\"color: rgb(184, 49, 47);\">Bestil i dag for at f\u00e5 dette display i din butik. &nbsp;&nbsp;<\/span><\/strong><\/p>\n","protected":false},"excerpt":{"rendered":"<p>Din Twenty-five Box Tray Wooden Display Stand er designet til at v\u00e6re kernen i din moderne gavebutik, gennemt\u00e6nkt, godt lavet og overraskende overkommelig i pris. Fornemmelsen er moderne og ryddelig. Wholesale Wooden Display Stands,&nbsp;de 25 bakker er udelukkende konstrueret af hvidkalket Albesia-tr\u00e6, let og holdbart tr\u00e6. Perfekt til at b\u00e6re med f\u00e6rdige produkter, l\u00e6sse din [&hellip;]<\/p>\n","protected":false},"featured_media":356139,"comment_status":"closed","ping_status":"open","template":"","meta":{"_angie_page":false},"product_brand":[],"product_cat":[5582,6550],"product_tag":[],"class_list":{"0":"post-198580","1":"product","2":"type-product","3":"status-publish","4":"has-post-thumbnail","6":"product_cat-gaveindpakning","7":"product_cat-slojfer-og-displaystativer","8":"pa_collection-retail-display-stands-da","9":"pa_made-in-indonesien","11":"first","12":"instock","13":"purchasable","14":"product-type-simple"},"supplier_id":null,"supplier_sku":"RDS-57","barcode":null,"atum_controlled":true,"out_stock_date":null,"out_stock_threshold":null,"inheritable":false,"inbound_stock":null,"stock_on_hold":0,"sold_today":0,"sales_last_days":0,"reserved_stock":null,"customer_returns":null,"warehouse_damage":null,"lost_in_post":null,"other_logs":null,"out_stock_days":0,"lost_sales":0,"has_location":null,"update_date":"2026-05-08T05:17:59","atum_locations":[],"atum_stock_status":"instock","restock_status":false,"low_stock_amount":"","sales_update_date":"2026-01-30T01:24:30","calc_backorders":null,"_links":{"self":[{"href":"https:\/\/aromasentia.com\/da\/wp-json\/wp\/v2\/product\/198580","targetHints":{"allow":["GET"]}}],"collection":[{"href":"https:\/\/aromasentia.com\/da\/wp-json\/wp\/v2\/product"}],"about":[{"href":"https:\/\/aromasentia.com\/da\/wp-json\/wp\/v2\/types\/product"}],"replies":[{"embeddable":true,"href":"https:\/\/aromasentia.com\/da\/wp-json\/wp\/v2\/comments?post=198580"}],"version-history":[{"count":0,"href":"https:\/\/aromasentia.com\/da\/wp-json\/wp\/v2\/product\/198580\/revisions"}],"wp:featuredmedia":[{"embeddable":true,"href":"https:\/\/aromasentia.com\/da\/wp-json\/wp\/v2\/media\/356139"}],"wp:attachment":[{"href":"https:\/\/aromasentia.com\/da\/wp-json\/wp\/v2\/media?parent=198580"}],"wp:term":[{"taxonomy":"product_brand","embeddable":true,"href":"https:\/\/aromasentia.com\/da\/wp-json\/wp\/v2\/product_brand?post=198580"},{"taxonomy":"product_cat","embeddable":true,"href":"https:\/\/aromasentia.com\/da\/wp-json\/wp\/v2\/product_cat?post=198580"},{"taxonomy":"product_tag","embeddable":true,"href":"https:\/\/aromasentia.com\/da\/wp-json\/wp\/v2\/product_tag?post=198580"}],"curies":[{"name":"wp","href":"https:\/\/api.w.org\/{rel}","templated":true}]}}