{"id":198579,"date":"2025-03-22T14:18:40","date_gmt":"2025-03-22T14:18:40","guid":{"rendered":"https:\/\/aromasentia.com\/product\/poly-prop-bags-125x500mm-reaseal-500\/"},"modified":"2025-06-22T03:12:42","modified_gmt":"2025-06-22T03:12:42","slug":"poly-prop-poser-125x500mm-reaseal-500","status":"publish","type":"product","link":"https:\/\/aromasentia.com\/da\/poly-prop-poser-125x500mm-reaseal-500\/","title":{"rendered":"Poly-Prop Poser 125X500mm Reaseal (500)"},"content":{"rendered":"<p>Tag et kig p\u00e5 vores Poly-Prop Reseal Bags.<\/p>\n<p>De tilf\u00f8jer lidt glamour til ethvert produkt, der passer til. Polypropylen er den spr\u00f8de klare plast, der reflekterer lyset p\u00e5 en festlig m\u00e5de.<\/p>\n<p>De har en tendens til at v\u00e6re forholdsm\u00e6ssigt dyrere end polyethylenposer &nbsp;men n\u00e5r du overvejer den merv\u00e6rdi, denne type emballage giver, er de det v\u00e6rd!<\/p>\n","protected":false},"excerpt":{"rendered":"<p>Tag et kig p\u00e5 vores Poly-Prop Reseal Bags. De tilf\u00f8jer lidt glamour til ethvert produkt, der passer til. Polypropylen er den spr\u00f8de klare plast, der reflekterer lyset p\u00e5 en festlig m\u00e5de. De har en tendens til at v\u00e6re forholdsm\u00e6ssigt dyrere end polyethylenposer &nbsp;men n\u00e5r du overvejer den merv\u00e6rdi, denne type emballage giver, er de det [&hellip;]<\/p>\n","protected":false},"featured_media":643334,"comment_status":"closed","ping_status":"open","template":"","meta":{"_angie_page":false},"product_brand":[],"product_cat":[5582,6546],"product_tag":[],"class_list":{"0":"post-198579","1":"product","2":"type-product","3":"status-publish","4":"has-post-thumbnail","6":"product_cat-gaveindpakning","7":"product_cat-papir-jute-og-bomuldstasker","8":"pa_collection-poly-prop-bags-da","9":"pa_made-in-kina","11":"first","12":"instock","13":"purchasable","14":"product-type-simple"},"supplier_id":null,"supplier_sku":"Prop-10","barcode":null,"atum_controlled":true,"out_stock_date":null,"out_stock_threshold":null,"inheritable":false,"inbound_stock":null,"stock_on_hold":0,"sold_today":0,"sales_last_days":0,"reserved_stock":null,"customer_returns":null,"warehouse_damage":null,"lost_in_post":null,"other_logs":null,"out_stock_days":0,"lost_sales":0,"has_location":null,"update_date":"2026-04-27T07:18:41","atum_locations":[],"atum_stock_status":"instock","restock_status":false,"low_stock_amount":"","sales_update_date":"2026-02-06T00:01:39","calc_backorders":null,"_links":{"self":[{"href":"https:\/\/aromasentia.com\/da\/wp-json\/wp\/v2\/product\/198579","targetHints":{"allow":["GET"]}}],"collection":[{"href":"https:\/\/aromasentia.com\/da\/wp-json\/wp\/v2\/product"}],"about":[{"href":"https:\/\/aromasentia.com\/da\/wp-json\/wp\/v2\/types\/product"}],"replies":[{"embeddable":true,"href":"https:\/\/aromasentia.com\/da\/wp-json\/wp\/v2\/comments?post=198579"}],"version-history":[{"count":0,"href":"https:\/\/aromasentia.com\/da\/wp-json\/wp\/v2\/product\/198579\/revisions"}],"wp:featuredmedia":[{"embeddable":true,"href":"https:\/\/aromasentia.com\/da\/wp-json\/wp\/v2\/media\/643334"}],"wp:attachment":[{"href":"https:\/\/aromasentia.com\/da\/wp-json\/wp\/v2\/media?parent=198579"}],"wp:term":[{"taxonomy":"product_brand","embeddable":true,"href":"https:\/\/aromasentia.com\/da\/wp-json\/wp\/v2\/product_brand?post=198579"},{"taxonomy":"product_cat","embeddable":true,"href":"https:\/\/aromasentia.com\/da\/wp-json\/wp\/v2\/product_cat?post=198579"},{"taxonomy":"product_tag","embeddable":true,"href":"https:\/\/aromasentia.com\/da\/wp-json\/wp\/v2\/product_tag?post=198579"}],"curies":[{"name":"wp","href":"https:\/\/api.w.org\/{rel}","templated":true}]}}