{"id":198573,"date":"2025-03-22T16:04:38","date_gmt":"2025-03-22T16:04:38","guid":{"rendered":"https:\/\/aromasentia.com\/product\/bamboo-windchime-natural-finish-6-medium-tubes\/"},"modified":"2025-06-22T03:12:39","modified_gmt":"2025-06-22T03:12:39","slug":"vindspil-i-bambus-naturlig-finish-6-mellemstore-roer","status":"publish","type":"product","link":"https:\/\/aromasentia.com\/da\/vindspil-i-bambus-naturlig-finish-6-mellemstore-roer\/","title":{"rendered":"Vindspil I Bambus &#8211; Naturlig Finish &#8211; 6 Mellemstore R\u00f8r"},"content":{"rendered":"<p>Skab en rolig atmosf\u00e6re med dette bambus-vindspil &#8211; naturlig finish &#8211; 6 mellemstore r\u00f8r. Dette klassiske vindspil har seks mellemlange bambusr\u00f8r, der frembringer harmoniske, bl\u00f8de toner, n\u00e5r de bev\u00e6ges af vinden. Bambussens naturlige finish giver en organisk, jordn\u00e6r \u00e6stetik, der er perfekt til haver, terrasser eller andre steder, hvor du \u00f8nsker at indbyde til ro og fred. En enkel, men elegant m\u00e5de at tilf\u00f8je beroligende, naturlig lyd og et strejf af rustik sk\u00f8nhed til dine omgivelser.<\/p>\n","protected":false},"excerpt":{"rendered":"<p>Skab en rolig atmosf\u00e6re med dette bambus-vindspil &#8211; naturlig finish &#8211; 6 mellemstore r\u00f8r. Dette klassiske vindspil har seks mellemlange bambusr\u00f8r, der frembringer harmoniske, bl\u00f8de toner, n\u00e5r de bev\u00e6ges af vinden. Bambussens naturlige finish giver en organisk, jordn\u00e6r \u00e6stetik, der er perfekt til haver, terrasser eller andre steder, hvor du \u00f8nsker at indbyde til ro [&hellip;]<\/p>\n","protected":false},"featured_media":358418,"comment_status":"closed","ping_status":"open","template":"","meta":{"_angie_page":false},"product_brand":[],"product_cat":[5591,6397],"product_tag":[],"class_list":{"0":"post-198573","1":"product","2":"type-product","3":"status-publish","4":"has-post-thumbnail","6":"product_cat-hjem-og-have","7":"product_cat-vindspil","8":"pa_collection-bamboo-mountain-wind-chimes-da","9":"pa_made-in-indonesien","11":"first","12":"outofstock","13":"purchasable","14":"product-type-simple"},"supplier_id":null,"supplier_sku":"BBamC-10","barcode":null,"atum_controlled":true,"out_stock_date":"2026-04-25 15:20:09","out_stock_threshold":null,"inheritable":false,"inbound_stock":null,"stock_on_hold":0,"sold_today":0,"sales_last_days":0,"reserved_stock":null,"customer_returns":null,"warehouse_damage":null,"lost_in_post":null,"other_logs":null,"out_stock_days":0,"lost_sales":0,"has_location":null,"update_date":"2026-04-27T06:54:19","atum_locations":[],"atum_stock_status":"outofstock","restock_status":false,"low_stock_amount":"","sales_update_date":"2026-02-06T00:02:46","calc_backorders":null,"_links":{"self":[{"href":"https:\/\/aromasentia.com\/da\/wp-json\/wp\/v2\/product\/198573","targetHints":{"allow":["GET"]}}],"collection":[{"href":"https:\/\/aromasentia.com\/da\/wp-json\/wp\/v2\/product"}],"about":[{"href":"https:\/\/aromasentia.com\/da\/wp-json\/wp\/v2\/types\/product"}],"replies":[{"embeddable":true,"href":"https:\/\/aromasentia.com\/da\/wp-json\/wp\/v2\/comments?post=198573"}],"version-history":[{"count":0,"href":"https:\/\/aromasentia.com\/da\/wp-json\/wp\/v2\/product\/198573\/revisions"}],"wp:featuredmedia":[{"embeddable":true,"href":"https:\/\/aromasentia.com\/da\/wp-json\/wp\/v2\/media\/358418"}],"wp:attachment":[{"href":"https:\/\/aromasentia.com\/da\/wp-json\/wp\/v2\/media?parent=198573"}],"wp:term":[{"taxonomy":"product_brand","embeddable":true,"href":"https:\/\/aromasentia.com\/da\/wp-json\/wp\/v2\/product_brand?post=198573"},{"taxonomy":"product_cat","embeddable":true,"href":"https:\/\/aromasentia.com\/da\/wp-json\/wp\/v2\/product_cat?post=198573"},{"taxonomy":"product_tag","embeddable":true,"href":"https:\/\/aromasentia.com\/da\/wp-json\/wp\/v2\/product_tag?post=198573"}],"curies":[{"name":"wp","href":"https:\/\/api.w.org\/{rel}","templated":true}]}}