{"id":198563,"date":"2025-03-22T16:04:38","date_gmt":"2025-03-22T16:04:38","guid":{"rendered":"https:\/\/aromasentia.com\/product\/buddah-painting-gold-brocade-detail\/"},"modified":"2025-06-22T03:12:36","modified_gmt":"2025-06-22T03:12:36","slug":"buddah-maleri-detaljer-i-guldbrokade","status":"publish","type":"product","link":"https:\/\/aromasentia.com\/da\/buddah-maleri-detaljer-i-guldbrokade\/","title":{"rendered":"Buddah Maleri &#8211; Detaljer I Guldbrokade"},"content":{"rendered":"<p><span style=\"color: rgb(75, 80, 88);\">Tilf\u00f8j elegance og kultur til din butik med vores udvalg af <strong>Buddha-malerier<\/strong>. H\u00e5ndlavet med passion og k\u00e6rlighed med det fineste l\u00e6rred og naturlige tr\u00e6rammer af balinesiske kunsth\u00e5ndv\u00e6rkere, derfor er hvert enkelt unikt signeret af maleren.<\/span><\/p>\n<p><span style=\"color: rgb(75, 80, 88);\">Dine Buddha-malerier ankommer klar til at h\u00e6nge p\u00e5 v\u00e6ggen og lyse v\u00e6ggene op i din kundes hjem, yogastudier og gavebutikker. Den spektakul\u00e6re sans for detaljer giver maleriet realisme og sk\u00f8nhed.<\/span><\/p>\n<p><span style=\"color: rgb(75, 80, 88);\">Dette Buddha-maleri vil bidrage til at skabe et afslappende og beroligende pr\u00e6g i ethvert rum. De f\u00e5s i 14 forskellige designs og st\u00f8rrelser. Dette er en fantastisk gaveid\u00e9 til familie og venner. Hvert panel har en bagkrog, der allerede er monteret p\u00e5 tr\u00e6rammen, klar til at blive h\u00e6ngt op ud af \u00e6sken.<\/span><\/p>\n<p><span style=\"color: rgb(75, 80, 88);\">Bestil dit Buddha-maleri nu, begr\u00e6nset lager.<\/span><\/p>\n<p><span style=\"color: rgb(75, 80, 88);\"><strong>St\u00f8rrelser: H:80 B:60 D:3cm<\/strong><\/span><\/p>\n","protected":false},"excerpt":{"rendered":"<p>Tilf\u00f8j elegance og kultur til din butik med vores udvalg af Buddha-malerier. H\u00e5ndlavet med passion og k\u00e6rlighed med det fineste l\u00e6rred og naturlige tr\u00e6rammer af balinesiske kunsth\u00e5ndv\u00e6rkere, derfor er hvert enkelt unikt signeret af maleren. Dine Buddha-malerier ankommer klar til at h\u00e6nge p\u00e5 v\u00e6ggen og lyse v\u00e6ggene op i din kundes hjem, yogastudier og gavebutikker. [&hellip;]<\/p>\n","protected":false},"featured_media":358072,"comment_status":"closed","ping_status":"open","template":"","meta":{"_angie_page":false},"product_brand":[],"product_cat":[6332,5591],"product_tag":[],"class_list":{"0":"post-198563","1":"product","2":"type-product","3":"status-publish","4":"has-post-thumbnail","6":"product_cat-dekorationer","7":"product_cat-hjem-og-have","8":"pa_collection-buddha-painting-da","9":"pa_made-in-indonesien","11":"first","12":"instock","13":"purchasable","14":"product-type-simple"},"supplier_id":null,"supplier_sku":"BAP-05","barcode":null,"atum_controlled":true,"out_stock_date":null,"out_stock_threshold":null,"inheritable":false,"inbound_stock":null,"stock_on_hold":0,"sold_today":0,"sales_last_days":0,"reserved_stock":null,"customer_returns":null,"warehouse_damage":null,"lost_in_post":null,"other_logs":null,"out_stock_days":0,"lost_sales":0,"has_location":null,"update_date":"2026-04-27T06:53:52","atum_locations":[],"atum_stock_status":"instock","restock_status":false,"low_stock_amount":"","sales_update_date":"2026-01-30T01:24:34","calc_backorders":null,"_links":{"self":[{"href":"https:\/\/aromasentia.com\/da\/wp-json\/wp\/v2\/product\/198563","targetHints":{"allow":["GET"]}}],"collection":[{"href":"https:\/\/aromasentia.com\/da\/wp-json\/wp\/v2\/product"}],"about":[{"href":"https:\/\/aromasentia.com\/da\/wp-json\/wp\/v2\/types\/product"}],"replies":[{"embeddable":true,"href":"https:\/\/aromasentia.com\/da\/wp-json\/wp\/v2\/comments?post=198563"}],"version-history":[{"count":0,"href":"https:\/\/aromasentia.com\/da\/wp-json\/wp\/v2\/product\/198563\/revisions"}],"wp:featuredmedia":[{"embeddable":true,"href":"https:\/\/aromasentia.com\/da\/wp-json\/wp\/v2\/media\/358072"}],"wp:attachment":[{"href":"https:\/\/aromasentia.com\/da\/wp-json\/wp\/v2\/media?parent=198563"}],"wp:term":[{"taxonomy":"product_brand","embeddable":true,"href":"https:\/\/aromasentia.com\/da\/wp-json\/wp\/v2\/product_brand?post=198563"},{"taxonomy":"product_cat","embeddable":true,"href":"https:\/\/aromasentia.com\/da\/wp-json\/wp\/v2\/product_cat?post=198563"},{"taxonomy":"product_tag","embeddable":true,"href":"https:\/\/aromasentia.com\/da\/wp-json\/wp\/v2\/product_tag?post=198563"}],"curies":[{"name":"wp","href":"https:\/\/api.w.org\/{rel}","templated":true}]}}