{"id":198545,"date":"2025-03-22T16:04:38","date_gmt":"2025-03-22T16:04:38","guid":{"rendered":"https:\/\/aromasentia.com\/product\/salt-lamp-fittings-uk\/"},"modified":"2025-06-22T03:12:26","modified_gmt":"2025-06-22T03:12:26","slug":"beslag-til-saltlamper-uk","status":"publish","type":"product","link":"https:\/\/aromasentia.com\/da\/beslag-til-saltlamper-uk\/","title":{"rendered":"Beslag Til Saltlamper &#8211; Uk"},"content":{"rendered":"<p>UK-kabel til saltlampe. For mere information om Salt-lamper kan du downloade filen ved at klikke p\u00e5 linket nedenfor.<\/p>\n<p><strong>Bem\u00e6rk, at du skal bruge adgangskoden<\/strong> awuser for at downloade informationen.<\/p>\n<p><strong>BEM\u00c6RK<\/strong> P\u00e5 grund af disse lampers natur kan st\u00f8rrelse og form variere. Billederne er kun til illustrationsform\u00e5l.<\/p>\n<p><strong><span style=\"color: rgb(184, 49, 47);\">Disse kabler passer ikke til Selenite Tower-lamperne&nbsp;<\/span><\/strong><\/p>\n<p><strong>Kabell\u00e6ngde: 1.5M&nbsp;<\/strong><\/p>\n","protected":false},"excerpt":{"rendered":"<p>UK-kabel til saltlampe. For mere information om Salt-lamper kan du downloade filen ved at klikke p\u00e5 linket nedenfor. Bem\u00e6rk, at du skal bruge adgangskoden awuser for at downloade informationen. BEM\u00c6RK P\u00e5 grund af disse lampers natur kan st\u00f8rrelse og form variere. Billederne er kun til illustrationsform\u00e5l. Disse kabler passer ikke til Selenite Tower-lamperne&nbsp; Kabell\u00e6ngde: 1.5M&nbsp;<\/p>\n","protected":false},"featured_media":357374,"comment_status":"closed","ping_status":"open","template":"","meta":{"_angie_page":false},"product_brand":[],"product_cat":[5591],"product_tag":[],"class_list":{"0":"post-198545","1":"product","2":"type-product","3":"status-publish","4":"has-post-thumbnail","6":"product_cat-hjem-og-have","7":"pa_collection-plug-adaptors-usb-stations-da","8":"pa_made-in-kina","10":"first","11":"instock","12":"purchasable","13":"product-type-simple"},"supplier_id":null,"supplier_sku":"Salt-54","barcode":null,"atum_controlled":true,"out_stock_date":null,"out_stock_threshold":null,"inheritable":false,"inbound_stock":null,"stock_on_hold":0,"sold_today":0,"sales_last_days":0,"reserved_stock":null,"customer_returns":null,"warehouse_damage":null,"lost_in_post":null,"other_logs":null,"out_stock_days":0,"lost_sales":0,"has_location":null,"update_date":"2026-05-08T05:18:01","atum_locations":[],"atum_stock_status":"instock","restock_status":false,"low_stock_amount":"","sales_update_date":"2025-09-05T00:28:05","calc_backorders":null,"_links":{"self":[{"href":"https:\/\/aromasentia.com\/da\/wp-json\/wp\/v2\/product\/198545","targetHints":{"allow":["GET"]}}],"collection":[{"href":"https:\/\/aromasentia.com\/da\/wp-json\/wp\/v2\/product"}],"about":[{"href":"https:\/\/aromasentia.com\/da\/wp-json\/wp\/v2\/types\/product"}],"replies":[{"embeddable":true,"href":"https:\/\/aromasentia.com\/da\/wp-json\/wp\/v2\/comments?post=198545"}],"version-history":[{"count":0,"href":"https:\/\/aromasentia.com\/da\/wp-json\/wp\/v2\/product\/198545\/revisions"}],"wp:featuredmedia":[{"embeddable":true,"href":"https:\/\/aromasentia.com\/da\/wp-json\/wp\/v2\/media\/357374"}],"wp:attachment":[{"href":"https:\/\/aromasentia.com\/da\/wp-json\/wp\/v2\/media?parent=198545"}],"wp:term":[{"taxonomy":"product_brand","embeddable":true,"href":"https:\/\/aromasentia.com\/da\/wp-json\/wp\/v2\/product_brand?post=198545"},{"taxonomy":"product_cat","embeddable":true,"href":"https:\/\/aromasentia.com\/da\/wp-json\/wp\/v2\/product_cat?post=198545"},{"taxonomy":"product_tag","embeddable":true,"href":"https:\/\/aromasentia.com\/da\/wp-json\/wp\/v2\/product_tag?post=198545"}],"curies":[{"name":"wp","href":"https:\/\/api.w.org\/{rel}","templated":true}]}}