{"id":198540,"date":"2025-03-22T16:04:38","date_gmt":"2025-03-22T16:04:38","guid":{"rendered":"https:\/\/aromasentia.com\/product\/mr-triangle-decoration-storage-3-draws\/"},"modified":"2025-06-22T03:12:21","modified_gmt":"2025-06-22T03:12:21","slug":"mr-triangle-dekorationsopbevaring-3-traek","status":"publish","type":"product","link":"https:\/\/aromasentia.com\/da\/mr-triangle-dekorationsopbevaring-3-traek\/","title":{"rendered":"mr Triangle Dekorationsopbevaring 3 Tr\u00e6k"},"content":{"rendered":"<p><span style=\"color: rgb(75, 80, 88);\">BEM\u00c6RK VENLIGST: Der vil blive p\u00e5lagt ekstra forsendelsesomkostninger.<\/span><\/p>\n<p><span style=\"color: rgb(75, 80, 88);\">Forst\u00e5 venligst, at alle m\u00f8bler er h\u00e5ndlavede.<\/span><\/p>\n<p><span style=\"color: rgb(75, 80, 88);\">Hvert m\u00f8bel har forskellige m\u00e6rker og ufuldkommenheder.<\/span><\/p>\n<p><span style=\"color: rgb(75, 80, 88);\">M\u00f8bler er unikke.<\/span><\/p>\n","protected":false},"excerpt":{"rendered":"<p>BEM\u00c6RK VENLIGST: Der vil blive p\u00e5lagt ekstra forsendelsesomkostninger. Forst\u00e5 venligst, at alle m\u00f8bler er h\u00e5ndlavede. Hvert m\u00f8bel har forskellige m\u00e6rker og ufuldkommenheder. M\u00f8bler er unikke.<\/p>\n","protected":false},"featured_media":357329,"comment_status":"closed","ping_status":"open","template":"","meta":{"_angie_page":false},"product_brand":[27084],"product_cat":[5591,6391],"product_tag":[],"class_list":{"0":"post-198540","1":"product","2":"type-product","3":"status-publish","4":"has-post-thumbnail","6":"product_brand-agnes-and-cat","7":"product_cat-hjem-og-have","8":"product_cat-mobler","9":"pa_collection-recycled-home-furniture-from-bali-da","10":"pa_made-in-indonesien","12":"first","13":"instock","14":"purchasable","15":"product-type-simple"},"supplier_id":null,"supplier_sku":"ACShop-15","barcode":null,"atum_controlled":true,"out_stock_date":null,"out_stock_threshold":null,"inheritable":false,"inbound_stock":null,"stock_on_hold":0,"sold_today":0,"sales_last_days":0,"reserved_stock":null,"customer_returns":null,"warehouse_damage":null,"lost_in_post":null,"other_logs":null,"out_stock_days":0,"lost_sales":0,"has_location":null,"update_date":"2026-04-29T18:50:32","atum_locations":[],"atum_stock_status":"instock","restock_status":false,"low_stock_amount":"","sales_update_date":"2025-10-09T03:23:09","calc_backorders":null,"_links":{"self":[{"href":"https:\/\/aromasentia.com\/da\/wp-json\/wp\/v2\/product\/198540","targetHints":{"allow":["GET"]}}],"collection":[{"href":"https:\/\/aromasentia.com\/da\/wp-json\/wp\/v2\/product"}],"about":[{"href":"https:\/\/aromasentia.com\/da\/wp-json\/wp\/v2\/types\/product"}],"replies":[{"embeddable":true,"href":"https:\/\/aromasentia.com\/da\/wp-json\/wp\/v2\/comments?post=198540"}],"version-history":[{"count":0,"href":"https:\/\/aromasentia.com\/da\/wp-json\/wp\/v2\/product\/198540\/revisions"}],"wp:featuredmedia":[{"embeddable":true,"href":"https:\/\/aromasentia.com\/da\/wp-json\/wp\/v2\/media\/357329"}],"wp:attachment":[{"href":"https:\/\/aromasentia.com\/da\/wp-json\/wp\/v2\/media?parent=198540"}],"wp:term":[{"taxonomy":"product_brand","embeddable":true,"href":"https:\/\/aromasentia.com\/da\/wp-json\/wp\/v2\/product_brand?post=198540"},{"taxonomy":"product_cat","embeddable":true,"href":"https:\/\/aromasentia.com\/da\/wp-json\/wp\/v2\/product_cat?post=198540"},{"taxonomy":"product_tag","embeddable":true,"href":"https:\/\/aromasentia.com\/da\/wp-json\/wp\/v2\/product_tag?post=198540"}],"curies":[{"name":"wp","href":"https:\/\/api.w.org\/{rel}","templated":true}]}}