{"id":198534,"date":"2025-03-22T16:04:38","date_gmt":"2025-03-22T16:04:38","guid":{"rendered":"https:\/\/aromasentia.com\/product\/round-folding-coffee-table-50x50cm\/"},"modified":"2025-06-22T03:12:18","modified_gmt":"2025-06-22T03:12:18","slug":"rundt-folde-sofabord-50x50cm","status":"publish","type":"product","link":"https:\/\/aromasentia.com\/da\/rundt-folde-sofabord-50x50cm\/","title":{"rendered":"Rundt Folde-Sofabord &#8211; 50X50cm"},"content":{"rendered":"<p><span style=\"color: rgb(75, 80, 88);\">Dette <strong>runde, foldbare sofabord<\/strong> er h\u00e5ndlavet p\u00e5 Bali, prim\u00e6rt af genbrugsteaktr\u00e6 fra udtjente fiskerb\u00e5de. Det krydrede tr\u00e6 har bevaret nogle af de originale farver og den rustikke finish og er en perfekt baggrund til at fremvise et udvalg af dine produkter eller som et flot supplement til enhver boligindretning.<\/span><\/p>\n<p><span style=\"color: rgb(75, 80, 88);\">Den naturlige finish fremh\u00e6ver de rige detaljer og tr\u00e6ets fylde.<\/span><\/p>\n<p><span style=\"color: rgb(75, 80, 88);\"><strong>Da m\u00f8blerne er h\u00e5ndlavede, er hvert m\u00f8bel unikt og en smule anderledes.<\/strong> Der er ogs\u00e5 nogle begr\u00e6nsninger i udbuddet, da de h\u00e5ndv\u00e6rkere, der producerer disse m\u00f8bler, kun kan lave et begr\u00e6nset antal.<\/span><\/p>\n<p><span style=\"color: rgb(75, 80, 88);\"><strong>St\u00f8rrelse: H 50 cm, D 50 cm<\/strong><\/span><\/p>\n","protected":false},"excerpt":{"rendered":"<p>Dette runde, foldbare sofabord er h\u00e5ndlavet p\u00e5 Bali, prim\u00e6rt af genbrugsteaktr\u00e6 fra udtjente fiskerb\u00e5de. Det krydrede tr\u00e6 har bevaret nogle af de originale farver og den rustikke finish og er en perfekt baggrund til at fremvise et udvalg af dine produkter eller som et flot supplement til enhver boligindretning. Den naturlige finish fremh\u00e6ver de rige [&hellip;]<\/p>\n","protected":false},"featured_media":357187,"comment_status":"closed","ping_status":"open","template":"","meta":{"_angie_page":false},"product_brand":[27084],"product_cat":[5591,6391],"product_tag":[],"class_list":{"0":"post-198534","1":"product","2":"type-product","3":"status-publish","4":"has-post-thumbnail","6":"product_brand-agnes-and-cat","7":"product_cat-hjem-og-have","8":"product_cat-mobler","9":"pa_collection-recycled-home-furniture-from-bali-da","10":"pa_made-in-indonesien","12":"first","13":"instock","14":"purchasable","15":"product-type-simple"},"supplier_id":null,"supplier_sku":"ACSHOP-09","barcode":null,"atum_controlled":true,"out_stock_date":null,"out_stock_threshold":null,"inheritable":false,"inbound_stock":null,"stock_on_hold":0,"sold_today":0,"sales_last_days":0,"reserved_stock":null,"customer_returns":null,"warehouse_damage":null,"lost_in_post":null,"other_logs":null,"out_stock_days":0,"lost_sales":0,"has_location":null,"update_date":"2026-04-27T06:50:12","atum_locations":[],"atum_stock_status":"instock","restock_status":false,"low_stock_amount":"","sales_update_date":"2025-10-09T03:23:08","calc_backorders":null,"_links":{"self":[{"href":"https:\/\/aromasentia.com\/da\/wp-json\/wp\/v2\/product\/198534","targetHints":{"allow":["GET"]}}],"collection":[{"href":"https:\/\/aromasentia.com\/da\/wp-json\/wp\/v2\/product"}],"about":[{"href":"https:\/\/aromasentia.com\/da\/wp-json\/wp\/v2\/types\/product"}],"replies":[{"embeddable":true,"href":"https:\/\/aromasentia.com\/da\/wp-json\/wp\/v2\/comments?post=198534"}],"version-history":[{"count":0,"href":"https:\/\/aromasentia.com\/da\/wp-json\/wp\/v2\/product\/198534\/revisions"}],"wp:featuredmedia":[{"embeddable":true,"href":"https:\/\/aromasentia.com\/da\/wp-json\/wp\/v2\/media\/357187"}],"wp:attachment":[{"href":"https:\/\/aromasentia.com\/da\/wp-json\/wp\/v2\/media?parent=198534"}],"wp:term":[{"taxonomy":"product_brand","embeddable":true,"href":"https:\/\/aromasentia.com\/da\/wp-json\/wp\/v2\/product_brand?post=198534"},{"taxonomy":"product_cat","embeddable":true,"href":"https:\/\/aromasentia.com\/da\/wp-json\/wp\/v2\/product_cat?post=198534"},{"taxonomy":"product_tag","embeddable":true,"href":"https:\/\/aromasentia.com\/da\/wp-json\/wp\/v2\/product_tag?post=198534"}],"curies":[{"name":"wp","href":"https:\/\/api.w.org\/{rel}","templated":true}]}}