{"id":198533,"date":"2025-03-22T16:04:38","date_gmt":"2025-03-22T16:04:38","guid":{"rendered":"https:\/\/aromasentia.com\/product\/spare-oil-burner-dish-classic-11-5cm\/"},"modified":"2025-06-22T03:12:18","modified_gmt":"2025-06-22T03:12:18","slug":"skaal-til-reserveoliebraender-til-duftolie-classic-115-cm","status":"publish","type":"product","link":"https:\/\/aromasentia.com\/da\/skaal-til-reserveoliebraender-til-duftolie-classic-115-cm\/","title":{"rendered":"Sk\u00e5l Til ReserveOliebr\u00e6nder Til Duftolie &#8211; Classic 11,5 cm"},"content":{"rendered":"<p>Hold din oliebr\u00e6nder funktionel med denne Spare Oil Burner Dish &#8211; Classic 11,5 cm. Denne erstatningssk\u00e5l i glas eller keramik med et klassisk design og en diameter p\u00e5 11,5 cm er designet til at passe til de fleste standardoliebr\u00e6ndere. Den er perfekt, n\u00e5r din oprindelige sk\u00e5l g\u00e5r i stykker eller bliver for plettet, s\u00e5 du kan forts\u00e6tte med at nyde dine foretrukne \u00e6teriske olier eller vokssmelter. Et praktisk og uundv\u00e6rligt tilbeh\u00f8r, der sikrer, at dine aromaterapisessioner forts\u00e6tter uafbrudt, og at du bevarer en ren og effektiv forbr\u00e6nding.<\/p>\n","protected":false},"excerpt":{"rendered":"<p>Hold din oliebr\u00e6nder funktionel med denne Spare Oil Burner Dish &#8211; Classic 11,5 cm. Denne erstatningssk\u00e5l i glas eller keramik med et klassisk design og en diameter p\u00e5 11,5 cm er designet til at passe til de fleste standardoliebr\u00e6ndere. Den er perfekt, n\u00e5r din oprindelige sk\u00e5l g\u00e5r i stykker eller bliver for plettet, s\u00e5 du [&hellip;]<\/p>\n","protected":false},"featured_media":357162,"comment_status":"closed","ping_status":"open","template":"","meta":{"_angie_page":false},"product_brand":[],"product_cat":[5591,5663,6422,5571],"product_tag":[],"class_list":{"0":"post-198533","1":"product","2":"type-product","3":"status-publish","4":"has-post-thumbnail","6":"product_cat-hjem-og-have","7":"product_cat-samlefigurer","8":"product_cat-statuer-og-figurer","9":"product_cat-vintagegaver-og-souvenirs","10":"pa_collection-antique-buddha-collectables-da","11":"pa_made-in-kina","13":"first","14":"instock","15":"purchasable","16":"product-type-simple"},"supplier_id":null,"supplier_sku":"OBDish-04","barcode":null,"atum_controlled":true,"out_stock_date":null,"out_stock_threshold":null,"inheritable":false,"inbound_stock":null,"stock_on_hold":0,"sold_today":0,"sales_last_days":0,"reserved_stock":null,"customer_returns":null,"warehouse_damage":null,"lost_in_post":null,"other_logs":null,"out_stock_days":0,"lost_sales":0,"has_location":null,"update_date":"2026-05-08T05:15:40","atum_locations":[],"atum_stock_status":"instock","restock_status":false,"low_stock_amount":"","sales_update_date":"2026-01-30T01:25:31","calc_backorders":null,"_links":{"self":[{"href":"https:\/\/aromasentia.com\/da\/wp-json\/wp\/v2\/product\/198533","targetHints":{"allow":["GET"]}}],"collection":[{"href":"https:\/\/aromasentia.com\/da\/wp-json\/wp\/v2\/product"}],"about":[{"href":"https:\/\/aromasentia.com\/da\/wp-json\/wp\/v2\/types\/product"}],"replies":[{"embeddable":true,"href":"https:\/\/aromasentia.com\/da\/wp-json\/wp\/v2\/comments?post=198533"}],"version-history":[{"count":0,"href":"https:\/\/aromasentia.com\/da\/wp-json\/wp\/v2\/product\/198533\/revisions"}],"wp:featuredmedia":[{"embeddable":true,"href":"https:\/\/aromasentia.com\/da\/wp-json\/wp\/v2\/media\/357162"}],"wp:attachment":[{"href":"https:\/\/aromasentia.com\/da\/wp-json\/wp\/v2\/media?parent=198533"}],"wp:term":[{"taxonomy":"product_brand","embeddable":true,"href":"https:\/\/aromasentia.com\/da\/wp-json\/wp\/v2\/product_brand?post=198533"},{"taxonomy":"product_cat","embeddable":true,"href":"https:\/\/aromasentia.com\/da\/wp-json\/wp\/v2\/product_cat?post=198533"},{"taxonomy":"product_tag","embeddable":true,"href":"https:\/\/aromasentia.com\/da\/wp-json\/wp\/v2\/product_tag?post=198533"}],"curies":[{"name":"wp","href":"https:\/\/api.w.org\/{rel}","templated":true}]}}