{"id":198532,"date":"2025-03-22T16:04:38","date_gmt":"2025-03-22T16:04:38","guid":{"rendered":"https:\/\/aromasentia.com\/product\/med-spare-glass-bowl-12cm-diameter\/"},"modified":"2025-06-22T03:12:18","modified_gmt":"2025-06-22T03:12:18","slug":"med-spare-glasskaal-12-cm-i-diameter","status":"publish","type":"product","link":"https:\/\/aromasentia.com\/da\/med-spare-glasskaal-12-cm-i-diameter\/","title":{"rendered":"med Spare Glassk\u00e5l &#8211; 12 cm I Diameter"},"content":{"rendered":"<p>Ekstra glassk\u00e5le til oliebr\u00e6ndere fra Aroma Sentia-ping s\u00e6lges i st\u00f8rrelsen 12 cm x 12 cm x 2,5 cm.<\/p>\n<p>De er standardst\u00f8rrelser til de fleste oliebr\u00e6ndere, som har en separat glassk\u00e5l.<\/p>\n<p>Kun egnet til brug med olier. Glassk\u00e5len b\u00f8r ikke bruges med smelter og granulat.<\/p>\n<p>Det er altid bedst at have en ekstra.<\/p>\n","protected":false},"excerpt":{"rendered":"<p>Ekstra glassk\u00e5le til oliebr\u00e6ndere fra Aroma Sentia-ping s\u00e6lges i st\u00f8rrelsen 12 cm x 12 cm x 2,5 cm. De er standardst\u00f8rrelser til de fleste oliebr\u00e6ndere, som har en separat glassk\u00e5l. Kun egnet til brug med olier. Glassk\u00e5len b\u00f8r ikke bruges med smelter og granulat. Det er altid bedst at have en ekstra.<\/p>\n","protected":false},"featured_media":357145,"comment_status":"closed","ping_status":"open","template":"","meta":{"_angie_page":false},"product_brand":[],"product_cat":[5591,5663,6422,5571],"product_tag":[],"class_list":{"0":"post-198532","1":"product","2":"type-product","3":"status-publish","4":"has-post-thumbnail","6":"product_cat-hjem-og-have","7":"product_cat-samlefigurer","8":"product_cat-statuer-og-figurer","9":"product_cat-vintagegaver-og-souvenirs","10":"pa_collection-antique-buddha-collectables-da","11":"pa_made-in-kina","13":"first","14":"instock","15":"purchasable","16":"product-type-simple"},"supplier_id":null,"supplier_sku":"OBDISH-03","barcode":null,"atum_controlled":true,"out_stock_date":null,"out_stock_threshold":null,"inheritable":false,"inbound_stock":null,"stock_on_hold":0,"sold_today":0,"sales_last_days":0,"reserved_stock":null,"customer_returns":null,"warehouse_damage":null,"lost_in_post":null,"other_logs":null,"out_stock_days":0,"lost_sales":0,"has_location":null,"update_date":"2026-04-27T07:16:19","atum_locations":[],"atum_stock_status":"instock","restock_status":false,"low_stock_amount":"","sales_update_date":"2026-01-30T01:25:31","calc_backorders":null,"_links":{"self":[{"href":"https:\/\/aromasentia.com\/da\/wp-json\/wp\/v2\/product\/198532","targetHints":{"allow":["GET"]}}],"collection":[{"href":"https:\/\/aromasentia.com\/da\/wp-json\/wp\/v2\/product"}],"about":[{"href":"https:\/\/aromasentia.com\/da\/wp-json\/wp\/v2\/types\/product"}],"replies":[{"embeddable":true,"href":"https:\/\/aromasentia.com\/da\/wp-json\/wp\/v2\/comments?post=198532"}],"version-history":[{"count":0,"href":"https:\/\/aromasentia.com\/da\/wp-json\/wp\/v2\/product\/198532\/revisions"}],"wp:featuredmedia":[{"embeddable":true,"href":"https:\/\/aromasentia.com\/da\/wp-json\/wp\/v2\/media\/357145"}],"wp:attachment":[{"href":"https:\/\/aromasentia.com\/da\/wp-json\/wp\/v2\/media?parent=198532"}],"wp:term":[{"taxonomy":"product_brand","embeddable":true,"href":"https:\/\/aromasentia.com\/da\/wp-json\/wp\/v2\/product_brand?post=198532"},{"taxonomy":"product_cat","embeddable":true,"href":"https:\/\/aromasentia.com\/da\/wp-json\/wp\/v2\/product_cat?post=198532"},{"taxonomy":"product_tag","embeddable":true,"href":"https:\/\/aromasentia.com\/da\/wp-json\/wp\/v2\/product_tag?post=198532"}],"curies":[{"name":"wp","href":"https:\/\/api.w.org\/{rel}","templated":true}]}}