{"id":198530,"date":"2025-03-22T16:04:38","date_gmt":"2025-03-22T16:04:38","guid":{"rendered":"https:\/\/aromasentia.com\/product\/antique-buddha-offering-hands-oil-burner\/"},"modified":"2025-06-22T03:12:17","modified_gmt":"2025-06-22T03:12:17","slug":"antik-buddha-oliebraender-til-duftolie-med-ofrende-haender","status":"publish","type":"product","link":"https:\/\/aromasentia.com\/da\/antik-buddha-oliebraender-til-duftolie-med-ofrende-haender\/","title":{"rendered":"Antik Buddha &#8211; Oliebr\u00e6nder Til Duftolie med Ofrende H\u00e6nder"},"content":{"rendered":"<p>Antik Buddha &#8211; Oliebr\u00e6nder med ofrende h\u00e6nder<\/p>\n<p>Antikke Buddha-samlerobjekter er perfekte til ethvert hjem, restaurant, tesalon, yogacenter eller meditationsrum.<\/p>\n<p>G\u00f8r dit og dine kunders hjem mere zen med disse kloge antikke Buddha-samlerobjekter fra Aroma Sentia &#8211; ping, og se dem skille sig ud i dit rum.<\/p>\n<p>Slap af \u262f og tilf\u00f8j os til din indk\u00f8bskurv.<\/p>\n","protected":false},"excerpt":{"rendered":"<p>Antik Buddha &#8211; Oliebr\u00e6nder med ofrende h\u00e6nder Antikke Buddha-samlerobjekter er perfekte til ethvert hjem, restaurant, tesalon, yogacenter eller meditationsrum. G\u00f8r dit og dine kunders hjem mere zen med disse kloge antikke Buddha-samlerobjekter fra Aroma Sentia &#8211; ping, og se dem skille sig ud i dit rum. Slap af \u262f og tilf\u00f8j os til din indk\u00f8bskurv.<\/p>\n","protected":false},"featured_media":357039,"comment_status":"closed","ping_status":"open","template":"","meta":{"_angie_page":false},"product_brand":[],"product_cat":[6517,6169],"product_tag":[],"class_list":{"0":"post-198530","1":"product","2":"type-product","3":"status-publish","4":"has-post-thumbnail","6":"product_cat-aromalamper-oliebraender","7":"product_cat-aromalamper-aromadiffusere-og-duftstaenger","8":"pa_collection-antique-buddha-collectables-da","9":"pa_made-in-kina","11":"first","12":"instock","13":"purchasable","14":"product-type-simple"},"supplier_id":null,"supplier_sku":"ABC-01","barcode":null,"atum_controlled":true,"out_stock_date":null,"out_stock_threshold":null,"inheritable":false,"inbound_stock":null,"stock_on_hold":0,"sold_today":0,"sales_last_days":0,"reserved_stock":null,"customer_returns":null,"warehouse_damage":null,"lost_in_post":null,"other_logs":null,"out_stock_days":0,"lost_sales":0,"has_location":null,"update_date":"2026-04-27T06:48:47","atum_locations":[],"atum_stock_status":"instock","restock_status":false,"low_stock_amount":"","sales_update_date":"2026-01-30T01:24:53","calc_backorders":null,"_links":{"self":[{"href":"https:\/\/aromasentia.com\/da\/wp-json\/wp\/v2\/product\/198530","targetHints":{"allow":["GET"]}}],"collection":[{"href":"https:\/\/aromasentia.com\/da\/wp-json\/wp\/v2\/product"}],"about":[{"href":"https:\/\/aromasentia.com\/da\/wp-json\/wp\/v2\/types\/product"}],"replies":[{"embeddable":true,"href":"https:\/\/aromasentia.com\/da\/wp-json\/wp\/v2\/comments?post=198530"}],"version-history":[{"count":0,"href":"https:\/\/aromasentia.com\/da\/wp-json\/wp\/v2\/product\/198530\/revisions"}],"wp:featuredmedia":[{"embeddable":true,"href":"https:\/\/aromasentia.com\/da\/wp-json\/wp\/v2\/media\/357039"}],"wp:attachment":[{"href":"https:\/\/aromasentia.com\/da\/wp-json\/wp\/v2\/media?parent=198530"}],"wp:term":[{"taxonomy":"product_brand","embeddable":true,"href":"https:\/\/aromasentia.com\/da\/wp-json\/wp\/v2\/product_brand?post=198530"},{"taxonomy":"product_cat","embeddable":true,"href":"https:\/\/aromasentia.com\/da\/wp-json\/wp\/v2\/product_cat?post=198530"},{"taxonomy":"product_tag","embeddable":true,"href":"https:\/\/aromasentia.com\/da\/wp-json\/wp\/v2\/product_tag?post=198530"}],"curies":[{"name":"wp","href":"https:\/\/api.w.org\/{rel}","templated":true}]}}