{"id":198519,"date":"2025-03-22T16:04:38","date_gmt":"2025-03-22T16:04:38","guid":{"rendered":"https:\/\/aromasentia.com\/product\/boho-sea-shell-lamp-chocolate-twist-oval-15cm\/"},"modified":"2025-06-22T03:12:10","modified_gmt":"2025-06-22T03:12:10","slug":"boho-havskallelampe-chocolate-twist-oval-15cm","status":"publish","type":"product","link":"https:\/\/aromasentia.com\/da\/boho-havskallelampe-chocolate-twist-oval-15cm\/","title":{"rendered":"Boho Havskallelampe &#8211; Chocolate Twist Oval &#8211; 15cm"},"content":{"rendered":"<p><span style=\"color: rgb(75, 80, 88);\">Vi pr\u00e6senterer fantastiske <strong>Boho Muslingeskallelamper<\/strong>, h\u00e5ndlavede p\u00e5 det tropiske paradis Bali, Indonesien. Disse lamper er indbegrebet af kunstnerisk kunnen, skabt af talentfulde h\u00e5ndv\u00e6rkere, der forvandler \u00e6gte muslingeskaller til betagende stykker, der udstr\u00e5ler en romantisk Boho-stemning.<\/span><\/p>\n<p><span style=\"color: rgb(75, 80, 88);\">Oplys dit rum med havets charme. <strong>Denne 15 cm Chocolate Twist Oval Boho Muslingeskallelampe er et bevis p\u00e5 kunstnerisk kunnen, lavet af \u00e6gte muslingeskaller af dygtige h\u00e5ndv\u00e6rkere<\/strong>. Dens fortryllende ovale form og chokolade-twist design giver dit rum en romantisk Boho-stemning. &nbsp;<br \/><\/span><\/p>\n<p><span style=\"color: rgb(75, 80, 88);\"><strong>Bem\u00e6rk venligst:&nbsp;<\/strong>Disse lamper er h\u00e5ndlavede af kunsth\u00e5ndv\u00e6rkere med \u00e6gte skaller, s\u00e5 sm\u00e5 defekter eller uregelm\u00e6ssigheder er udelukket.&nbsp;<\/span><\/p>\n<p><strong><span style=\"color: rgb(75, 80, 88);\">Hver lampe leveres komplet med lysfatning, p\u00e6re og EU-stik.<\/span><\/strong><\/p>\n","protected":false},"excerpt":{"rendered":"<p>Vi pr\u00e6senterer fantastiske Boho Muslingeskallelamper, h\u00e5ndlavede p\u00e5 det tropiske paradis Bali, Indonesien. Disse lamper er indbegrebet af kunstnerisk kunnen, skabt af talentfulde h\u00e5ndv\u00e6rkere, der forvandler \u00e6gte muslingeskaller til betagende stykker, der udstr\u00e5ler en romantisk Boho-stemning. Oplys dit rum med havets charme. Denne 15 cm Chocolate Twist Oval Boho Muslingeskallelampe er et bevis p\u00e5 kunstnerisk kunnen, [&hellip;]<\/p>\n","protected":false},"featured_media":358972,"comment_status":"closed","ping_status":"open","template":"","meta":[],"product_brand":[],"product_cat":[5591,6245],"product_tag":[],"class_list":{"0":"post-198519","1":"product","2":"type-product","3":"status-publish","4":"has-post-thumbnail","6":"product_cat-hjem-og-have","7":"product_cat-lamper-og-lyslygter","8":"pa_collection-boho-seashell-lamps-da","9":"pa_made-in-indonesien","11":"first","12":"instock","13":"purchasable","14":"product-type-simple"},"supplier_id":null,"supplier_sku":"BBSL-06","barcode":null,"atum_controlled":true,"out_stock_date":null,"out_stock_threshold":null,"inheritable":false,"inbound_stock":null,"stock_on_hold":0,"sold_today":0,"sales_last_days":0,"reserved_stock":null,"customer_returns":null,"warehouse_damage":null,"lost_in_post":null,"other_logs":null,"out_stock_days":0,"lost_sales":0,"has_location":null,"update_date":"2026-02-08T17:15:56","atum_locations":[],"atum_stock_status":"instock","restock_status":false,"low_stock_amount":"","sales_update_date":"2026-01-30T01:26:20","calc_backorders":null,"_links":{"self":[{"href":"https:\/\/aromasentia.com\/da\/wp-json\/wp\/v2\/product\/198519","targetHints":{"allow":["GET"]}}],"collection":[{"href":"https:\/\/aromasentia.com\/da\/wp-json\/wp\/v2\/product"}],"about":[{"href":"https:\/\/aromasentia.com\/da\/wp-json\/wp\/v2\/types\/product"}],"replies":[{"embeddable":true,"href":"https:\/\/aromasentia.com\/da\/wp-json\/wp\/v2\/comments?post=198519"}],"version-history":[{"count":0,"href":"https:\/\/aromasentia.com\/da\/wp-json\/wp\/v2\/product\/198519\/revisions"}],"wp:featuredmedia":[{"embeddable":true,"href":"https:\/\/aromasentia.com\/da\/wp-json\/wp\/v2\/media\/358972"}],"wp:attachment":[{"href":"https:\/\/aromasentia.com\/da\/wp-json\/wp\/v2\/media?parent=198519"}],"wp:term":[{"taxonomy":"product_brand","embeddable":true,"href":"https:\/\/aromasentia.com\/da\/wp-json\/wp\/v2\/product_brand?post=198519"},{"taxonomy":"product_cat","embeddable":true,"href":"https:\/\/aromasentia.com\/da\/wp-json\/wp\/v2\/product_cat?post=198519"},{"taxonomy":"product_tag","embeddable":true,"href":"https:\/\/aromasentia.com\/da\/wp-json\/wp\/v2\/product_tag?post=198519"}],"curies":[{"name":"wp","href":"https:\/\/api.w.org\/{rel}","templated":true}]}}