{"id":198513,"date":"2025-03-22T16:04:38","date_gmt":"2025-03-22T16:04:38","guid":{"rendered":"https:\/\/aromasentia.com\/product\/driftwood-bee-insect-wide-house-box\/"},"modified":"2025-06-22T03:12:08","modified_gmt":"2025-06-22T03:12:08","slug":"bi-og-insektkasse-i-drivtoemmer-med-bredt-hus","status":"publish","type":"product","link":"https:\/\/aromasentia.com\/da\/bi-og-insektkasse-i-drivtoemmer-med-bredt-hus\/","title":{"rendered":"Bi- Og Insektkasse I Drivt\u00f8mmer med Bredt Hus"},"content":{"rendered":"<p>Tilbyd et storsl\u00e5et tilflugtssted med denne Bee &#038; Insect Wide-house Box af drivt\u00f8mmer. Dette gener\u00f8se &#8220;wide-house&#8221; er fremstillet af naturligt drivt\u00f8mmer og giver et omfattende og varieret levested for gavnlige insekter i haven. Den store struktur og de mange rum er designet til at tiltr\u00e6kke og beskytte en mangfoldig population af best\u00f8vere og skadedyrsbek\u00e6mpere. Den er en vigtig og smuk tilf\u00f8jelse til enhver milj\u00f8bevidst have og \u00f8ger biodiversiteten, samtidig med at den tilf\u00f8jer et sl\u00e5ende element af rustik, naturlig kunst.<\/p>\n","protected":false},"excerpt":{"rendered":"<p>Tilbyd et storsl\u00e5et tilflugtssted med denne Bee &#038; Insect Wide-house Box af drivt\u00f8mmer. Dette gener\u00f8se &#8220;wide-house&#8221; er fremstillet af naturligt drivt\u00f8mmer og giver et omfattende og varieret levested for gavnlige insekter i haven. Den store struktur og de mange rum er designet til at tiltr\u00e6kke og beskytte en mangfoldig population af best\u00f8vere og skadedyrsbek\u00e6mpere. Den [&hellip;]<\/p>\n","protected":false},"featured_media":358646,"comment_status":"closed","ping_status":"open","template":"","meta":{"_angie_page":false},"product_brand":[],"product_cat":[6332,5591],"product_tag":[],"class_list":{"0":"post-198513","1":"product","2":"type-product","3":"status-publish","4":"has-post-thumbnail","6":"product_cat-dekorationer","7":"product_cat-hjem-og-have","8":"pa_made-in-indonesien","10":"first","11":"instock","12":"purchasable","13":"product-type-simple"},"supplier_id":null,"supplier_sku":"BBBox-09DS","barcode":null,"atum_controlled":true,"out_stock_date":null,"out_stock_threshold":null,"inheritable":false,"inbound_stock":null,"stock_on_hold":0,"sold_today":0,"sales_last_days":0,"reserved_stock":null,"customer_returns":null,"warehouse_damage":null,"lost_in_post":null,"other_logs":null,"out_stock_days":0,"lost_sales":0,"has_location":null,"update_date":"2026-04-27T06:54:19","atum_locations":[],"atum_stock_status":"instock","restock_status":false,"low_stock_amount":"","sales_update_date":"2026-01-30T01:25:50","calc_backorders":null,"_links":{"self":[{"href":"https:\/\/aromasentia.com\/da\/wp-json\/wp\/v2\/product\/198513","targetHints":{"allow":["GET"]}}],"collection":[{"href":"https:\/\/aromasentia.com\/da\/wp-json\/wp\/v2\/product"}],"about":[{"href":"https:\/\/aromasentia.com\/da\/wp-json\/wp\/v2\/types\/product"}],"replies":[{"embeddable":true,"href":"https:\/\/aromasentia.com\/da\/wp-json\/wp\/v2\/comments?post=198513"}],"version-history":[{"count":0,"href":"https:\/\/aromasentia.com\/da\/wp-json\/wp\/v2\/product\/198513\/revisions"}],"wp:featuredmedia":[{"embeddable":true,"href":"https:\/\/aromasentia.com\/da\/wp-json\/wp\/v2\/media\/358646"}],"wp:attachment":[{"href":"https:\/\/aromasentia.com\/da\/wp-json\/wp\/v2\/media?parent=198513"}],"wp:term":[{"taxonomy":"product_brand","embeddable":true,"href":"https:\/\/aromasentia.com\/da\/wp-json\/wp\/v2\/product_brand?post=198513"},{"taxonomy":"product_cat","embeddable":true,"href":"https:\/\/aromasentia.com\/da\/wp-json\/wp\/v2\/product_cat?post=198513"},{"taxonomy":"product_tag","embeddable":true,"href":"https:\/\/aromasentia.com\/da\/wp-json\/wp\/v2\/product_tag?post=198513"}],"curies":[{"name":"wp","href":"https:\/\/api.w.org\/{rel}","templated":true}]}}