{"id":198512,"date":"2025-03-22T16:04:38","date_gmt":"2025-03-22T16:04:38","guid":{"rendered":"https:\/\/aromasentia.com\/product\/driftwood-bee-insect-double-box\/"},"modified":"2025-06-22T03:12:07","modified_gmt":"2025-06-22T03:12:07","slug":"dobbeltkasse-til-bier-og-insekter-af-drivtoemmer","status":"publish","type":"product","link":"https:\/\/aromasentia.com\/da\/dobbeltkasse-til-bier-og-insekter-af-drivtoemmer\/","title":{"rendered":"Dobbeltkasse Til Bier Og Insekter Af Drivt\u00f8mmer"},"content":{"rendered":"<p>Skab et st\u00f8rre fristed med denne dobbeltkasse til bier og insekter af drivt\u00f8mmer. Dette udvidede levested, der er konstrueret af naturligt drivt\u00f8mmer, har endnu flere kroge og hj\u00f8rner til gavnlige insekter som solit\u00e6re bier og lacewings. Dens &#8220;dobbeltkasse&#8221;-design giver sandsynligvis forskellige rumst\u00f8rrelser og materialer for at tiltr\u00e6kke en bredere vifte af nyttige haveg\u00e6ster. En smuk, rustik og milj\u00f8venlig m\u00e5de at styrke din haves \u00f8kosystem p\u00e5 og nyde at observere naturen p\u00e5 t\u00e6t hold og tilf\u00f8je organisk charme.<\/p>\n","protected":false},"excerpt":{"rendered":"<p>Skab et st\u00f8rre fristed med denne dobbeltkasse til bier og insekter af drivt\u00f8mmer. Dette udvidede levested, der er konstrueret af naturligt drivt\u00f8mmer, har endnu flere kroge og hj\u00f8rner til gavnlige insekter som solit\u00e6re bier og lacewings. Dens &#8220;dobbeltkasse&#8221;-design giver sandsynligvis forskellige rumst\u00f8rrelser og materialer for at tiltr\u00e6kke en bredere vifte af nyttige haveg\u00e6ster. En smuk, [&hellip;]<\/p>\n","protected":false},"featured_media":358621,"comment_status":"closed","ping_status":"open","template":"","meta":{"_angie_page":false},"product_brand":[],"product_cat":[6332,5591],"product_tag":[],"class_list":{"0":"post-198512","1":"product","2":"type-product","3":"status-publish","4":"has-post-thumbnail","6":"product_cat-dekorationer","7":"product_cat-hjem-og-have","8":"pa_made-in-indonesien","10":"first","11":"instock","12":"purchasable","13":"product-type-simple"},"supplier_id":null,"supplier_sku":"BBBox-08DS","barcode":null,"atum_controlled":true,"out_stock_date":null,"out_stock_threshold":null,"inheritable":false,"inbound_stock":null,"stock_on_hold":0,"sold_today":0,"sales_last_days":0,"reserved_stock":null,"customer_returns":null,"warehouse_damage":null,"lost_in_post":null,"other_logs":null,"out_stock_days":0,"lost_sales":0,"has_location":null,"update_date":"2026-04-27T06:54:19","atum_locations":[],"atum_stock_status":"instock","restock_status":false,"low_stock_amount":"","sales_update_date":"2026-01-30T01:25:22","calc_backorders":null,"_links":{"self":[{"href":"https:\/\/aromasentia.com\/da\/wp-json\/wp\/v2\/product\/198512","targetHints":{"allow":["GET"]}}],"collection":[{"href":"https:\/\/aromasentia.com\/da\/wp-json\/wp\/v2\/product"}],"about":[{"href":"https:\/\/aromasentia.com\/da\/wp-json\/wp\/v2\/types\/product"}],"replies":[{"embeddable":true,"href":"https:\/\/aromasentia.com\/da\/wp-json\/wp\/v2\/comments?post=198512"}],"version-history":[{"count":0,"href":"https:\/\/aromasentia.com\/da\/wp-json\/wp\/v2\/product\/198512\/revisions"}],"wp:featuredmedia":[{"embeddable":true,"href":"https:\/\/aromasentia.com\/da\/wp-json\/wp\/v2\/media\/358621"}],"wp:attachment":[{"href":"https:\/\/aromasentia.com\/da\/wp-json\/wp\/v2\/media?parent=198512"}],"wp:term":[{"taxonomy":"product_brand","embeddable":true,"href":"https:\/\/aromasentia.com\/da\/wp-json\/wp\/v2\/product_brand?post=198512"},{"taxonomy":"product_cat","embeddable":true,"href":"https:\/\/aromasentia.com\/da\/wp-json\/wp\/v2\/product_cat?post=198512"},{"taxonomy":"product_tag","embeddable":true,"href":"https:\/\/aromasentia.com\/da\/wp-json\/wp\/v2\/product_tag?post=198512"}],"curies":[{"name":"wp","href":"https:\/\/api.w.org\/{rel}","templated":true}]}}