{"id":198511,"date":"2025-03-22T16:04:38","date_gmt":"2025-03-22T16:04:38","guid":{"rendered":"https:\/\/aromasentia.com\/product\/driftwood-birdbox-on-stand\/"},"modified":"2025-06-22T03:12:07","modified_gmt":"2025-06-22T03:12:07","slug":"fuglekasse-i-drivtoemmer-paa-stativ","status":"publish","type":"product","link":"https:\/\/aromasentia.com\/da\/fuglekasse-i-drivtoemmer-paa-stativ\/","title":{"rendered":"Fuglekasse I Drivt\u00f8mmer &#8211; P\u00e5 Stativ"},"content":{"rendered":"<p>L\u00f8ft din haves charme med denne fuglekasse i drivt\u00f8mmer &#8211; p\u00e5 stativ. Dette dejlige fuglehus, der er lavet af naturligt drivt\u00f8mmer, leveres komplet med sit eget stativ, der giver mulighed for alsidig placering i din have, p\u00e5 terrassen eller altanen. Det giver en unik, rustik redeplads til sm\u00e5fugle, hvor hvert stykke viser det forvitrede tr\u00e6s organiske sk\u00f8nhed. Et smukt, fritst\u00e5ende dekorativt element, der st\u00f8tter dyrelivet og giver et strejf af h\u00e5ndlavet, naturlig kunst til dine udend\u00f8rs omgivelser.<\/p>\n","protected":false},"excerpt":{"rendered":"<p>L\u00f8ft din haves charme med denne fuglekasse i drivt\u00f8mmer &#8211; p\u00e5 stativ. Dette dejlige fuglehus, der er lavet af naturligt drivt\u00f8mmer, leveres komplet med sit eget stativ, der giver mulighed for alsidig placering i din have, p\u00e5 terrassen eller altanen. Det giver en unik, rustik redeplads til sm\u00e5fugle, hvor hvert stykke viser det forvitrede tr\u00e6s [&hellip;]<\/p>\n","protected":false},"featured_media":358604,"comment_status":"closed","ping_status":"open","template":"","meta":{"_angie_page":false},"product_brand":[],"product_cat":[6332,5591],"product_tag":[],"class_list":{"0":"post-198511","1":"product","2":"type-product","3":"status-publish","4":"has-post-thumbnail","6":"product_cat-dekorationer","7":"product_cat-hjem-og-have","8":"pa_made-in-indonesien","10":"first","11":"instock","12":"purchasable","13":"product-type-simple"},"supplier_id":null,"supplier_sku":"BBBox-07DS","barcode":null,"atum_controlled":true,"out_stock_date":null,"out_stock_threshold":null,"inheritable":false,"inbound_stock":null,"stock_on_hold":0,"sold_today":0,"sales_last_days":0,"reserved_stock":null,"customer_returns":null,"warehouse_damage":null,"lost_in_post":null,"other_logs":null,"out_stock_days":0,"lost_sales":0,"has_location":null,"update_date":"2026-04-27T06:54:19","atum_locations":[],"atum_stock_status":"instock","restock_status":false,"low_stock_amount":"","sales_update_date":"2026-01-30T01:25:22","calc_backorders":null,"_links":{"self":[{"href":"https:\/\/aromasentia.com\/da\/wp-json\/wp\/v2\/product\/198511","targetHints":{"allow":["GET"]}}],"collection":[{"href":"https:\/\/aromasentia.com\/da\/wp-json\/wp\/v2\/product"}],"about":[{"href":"https:\/\/aromasentia.com\/da\/wp-json\/wp\/v2\/types\/product"}],"replies":[{"embeddable":true,"href":"https:\/\/aromasentia.com\/da\/wp-json\/wp\/v2\/comments?post=198511"}],"version-history":[{"count":0,"href":"https:\/\/aromasentia.com\/da\/wp-json\/wp\/v2\/product\/198511\/revisions"}],"wp:featuredmedia":[{"embeddable":true,"href":"https:\/\/aromasentia.com\/da\/wp-json\/wp\/v2\/media\/358604"}],"wp:attachment":[{"href":"https:\/\/aromasentia.com\/da\/wp-json\/wp\/v2\/media?parent=198511"}],"wp:term":[{"taxonomy":"product_brand","embeddable":true,"href":"https:\/\/aromasentia.com\/da\/wp-json\/wp\/v2\/product_brand?post=198511"},{"taxonomy":"product_cat","embeddable":true,"href":"https:\/\/aromasentia.com\/da\/wp-json\/wp\/v2\/product_cat?post=198511"},{"taxonomy":"product_tag","embeddable":true,"href":"https:\/\/aromasentia.com\/da\/wp-json\/wp\/v2\/product_tag?post=198511"}],"curies":[{"name":"wp","href":"https:\/\/api.w.org\/{rel}","templated":true}]}}