{"id":198510,"date":"2025-03-22T16:04:38","date_gmt":"2025-03-22T16:04:38","guid":{"rendered":"https:\/\/aromasentia.com\/product\/driftwood-birdbox-wallhanging\/"},"modified":"2025-06-22T03:12:06","modified_gmt":"2025-06-22T03:12:06","slug":"fuglekasse-i-drivtoemmer-vaegophaeng","status":"publish","type":"product","link":"https:\/\/aromasentia.com\/da\/fuglekasse-i-drivtoemmer-vaegophaeng\/","title":{"rendered":"Fuglekasse I Drivt\u00f8mmer &#8211; V\u00e6goph\u00e6ng"},"content":{"rendered":"<p>Skab et naturligt fristed med denne fuglekasse i drivt\u00f8mmer &#8211; v\u00e6gh\u00e6ngt. Denne charmerende fuglekasse er designet til nemt at kunne monteres p\u00e5 en v\u00e6g, et hegn eller et tr\u00e6 og er fremstillet af unikke stykker drivt\u00f8mmer, der giver et rustikt og indbydende skjul til fugle. Dens karakteristiske, naturlige \u00e6stetik forbedrer enhver have eller udend\u00f8rs v\u00e6g og giver en hyggelig redeplads, samtidig med at den tilf\u00f8jer et strejf af kyst- eller skovkunst. En milj\u00f8venlig m\u00e5de at st\u00f8tte lokale fuglebestande p\u00e5 og forsk\u00f8nne dine lodrette rum.<\/p>\n","protected":false},"excerpt":{"rendered":"<p>Skab et naturligt fristed med denne fuglekasse i drivt\u00f8mmer &#8211; v\u00e6gh\u00e6ngt. Denne charmerende fuglekasse er designet til nemt at kunne monteres p\u00e5 en v\u00e6g, et hegn eller et tr\u00e6 og er fremstillet af unikke stykker drivt\u00f8mmer, der giver et rustikt og indbydende skjul til fugle. Dens karakteristiske, naturlige \u00e6stetik forbedrer enhver have eller udend\u00f8rs v\u00e6g [&hellip;]<\/p>\n","protected":false},"featured_media":358579,"comment_status":"closed","ping_status":"open","template":"","meta":{"_angie_page":false},"product_brand":[],"product_cat":[6332,5591],"product_tag":[],"class_list":{"0":"post-198510","1":"product","2":"type-product","3":"status-publish","4":"has-post-thumbnail","6":"product_cat-dekorationer","7":"product_cat-hjem-og-have","8":"pa_made-in-indonesien","10":"first","11":"instock","12":"purchasable","13":"product-type-simple"},"supplier_id":null,"supplier_sku":"BBBox-06DS","barcode":null,"atum_controlled":true,"out_stock_date":null,"out_stock_threshold":null,"inheritable":false,"inbound_stock":null,"stock_on_hold":0,"sold_today":0,"sales_last_days":0,"reserved_stock":null,"customer_returns":null,"warehouse_damage":null,"lost_in_post":null,"other_logs":null,"out_stock_days":0,"lost_sales":0,"has_location":null,"update_date":"2026-05-04T00:02:50","atum_locations":[],"atum_stock_status":"instock","restock_status":false,"low_stock_amount":"","sales_update_date":"2026-01-30T01:24:56","calc_backorders":null,"_links":{"self":[{"href":"https:\/\/aromasentia.com\/da\/wp-json\/wp\/v2\/product\/198510","targetHints":{"allow":["GET"]}}],"collection":[{"href":"https:\/\/aromasentia.com\/da\/wp-json\/wp\/v2\/product"}],"about":[{"href":"https:\/\/aromasentia.com\/da\/wp-json\/wp\/v2\/types\/product"}],"replies":[{"embeddable":true,"href":"https:\/\/aromasentia.com\/da\/wp-json\/wp\/v2\/comments?post=198510"}],"version-history":[{"count":0,"href":"https:\/\/aromasentia.com\/da\/wp-json\/wp\/v2\/product\/198510\/revisions"}],"wp:featuredmedia":[{"embeddable":true,"href":"https:\/\/aromasentia.com\/da\/wp-json\/wp\/v2\/media\/358579"}],"wp:attachment":[{"href":"https:\/\/aromasentia.com\/da\/wp-json\/wp\/v2\/media?parent=198510"}],"wp:term":[{"taxonomy":"product_brand","embeddable":true,"href":"https:\/\/aromasentia.com\/da\/wp-json\/wp\/v2\/product_brand?post=198510"},{"taxonomy":"product_cat","embeddable":true,"href":"https:\/\/aromasentia.com\/da\/wp-json\/wp\/v2\/product_cat?post=198510"},{"taxonomy":"product_tag","embeddable":true,"href":"https:\/\/aromasentia.com\/da\/wp-json\/wp\/v2\/product_tag?post=198510"}],"curies":[{"name":"wp","href":"https:\/\/api.w.org\/{rel}","templated":true}]}}