{"id":198509,"date":"2025-03-22T16:04:38","date_gmt":"2025-03-22T16:04:38","guid":{"rendered":"https:\/\/aromasentia.com\/product\/driftwood-bee-insect-box\/"},"modified":"2025-06-22T03:12:06","modified_gmt":"2025-06-22T03:12:06","slug":"bi-og-insektkasse-af-drivtoemmer","status":"publish","type":"product","link":"https:\/\/aromasentia.com\/da\/bi-og-insektkasse-af-drivtoemmer\/","title":{"rendered":"Bi- Og Insektkasse Af Drivt\u00f8mmer"},"content":{"rendered":"<p>Tiltr\u00e6k gavnlige insekter til din have med denne bi- og insektkasse af drivt\u00f8mmer. Denne kasse er omhyggeligt konstrueret af naturligt drivt\u00f8mmer og giver et vigtigt levested for enlige bier, marieh\u00f8ns og andre gavnlige insekter. Dens forskellige rum og naturlige materialer skaber sikre rede- og overvintringssteder. Den er en smuk og milj\u00f8bevidst tilf\u00f8jelse til enhver have og st\u00f8tter den lokale biodiversitet, samtidig med at den tilf\u00f8jer et strejf af rustik, organisk charme og fascinerende naturlig aktivitet at observere.<\/p>\n","protected":false},"excerpt":{"rendered":"<p>Tiltr\u00e6k gavnlige insekter til din have med denne bi- og insektkasse af drivt\u00f8mmer. Denne kasse er omhyggeligt konstrueret af naturligt drivt\u00f8mmer og giver et vigtigt levested for enlige bier, marieh\u00f8ns og andre gavnlige insekter. Dens forskellige rum og naturlige materialer skaber sikre rede- og overvintringssteder. Den er en smuk og milj\u00f8bevidst tilf\u00f8jelse til enhver have [&hellip;]<\/p>\n","protected":false},"featured_media":358554,"comment_status":"closed","ping_status":"open","template":"","meta":{"_angie_page":false},"product_brand":[],"product_cat":[6332,5591],"product_tag":[],"class_list":{"0":"post-198509","1":"product","2":"type-product","3":"status-publish","4":"has-post-thumbnail","6":"product_cat-dekorationer","7":"product_cat-hjem-og-have","8":"pa_made-in-indonesien","10":"first","11":"instock","12":"purchasable","13":"product-type-simple"},"supplier_id":null,"supplier_sku":"BBBox-05DS","barcode":null,"atum_controlled":true,"out_stock_date":null,"out_stock_threshold":null,"inheritable":false,"inbound_stock":null,"stock_on_hold":0,"sold_today":0,"sales_last_days":0,"reserved_stock":null,"customer_returns":null,"warehouse_damage":null,"lost_in_post":null,"other_logs":null,"out_stock_days":0,"lost_sales":0,"has_location":null,"update_date":"2026-04-27T06:54:19","atum_locations":[],"atum_stock_status":"instock","restock_status":false,"low_stock_amount":"","sales_update_date":"2026-01-30T01:25:37","calc_backorders":null,"_links":{"self":[{"href":"https:\/\/aromasentia.com\/da\/wp-json\/wp\/v2\/product\/198509","targetHints":{"allow":["GET"]}}],"collection":[{"href":"https:\/\/aromasentia.com\/da\/wp-json\/wp\/v2\/product"}],"about":[{"href":"https:\/\/aromasentia.com\/da\/wp-json\/wp\/v2\/types\/product"}],"replies":[{"embeddable":true,"href":"https:\/\/aromasentia.com\/da\/wp-json\/wp\/v2\/comments?post=198509"}],"version-history":[{"count":0,"href":"https:\/\/aromasentia.com\/da\/wp-json\/wp\/v2\/product\/198509\/revisions"}],"wp:featuredmedia":[{"embeddable":true,"href":"https:\/\/aromasentia.com\/da\/wp-json\/wp\/v2\/media\/358554"}],"wp:attachment":[{"href":"https:\/\/aromasentia.com\/da\/wp-json\/wp\/v2\/media?parent=198509"}],"wp:term":[{"taxonomy":"product_brand","embeddable":true,"href":"https:\/\/aromasentia.com\/da\/wp-json\/wp\/v2\/product_brand?post=198509"},{"taxonomy":"product_cat","embeddable":true,"href":"https:\/\/aromasentia.com\/da\/wp-json\/wp\/v2\/product_cat?post=198509"},{"taxonomy":"product_tag","embeddable":true,"href":"https:\/\/aromasentia.com\/da\/wp-json\/wp\/v2\/product_tag?post=198509"}],"curies":[{"name":"wp","href":"https:\/\/api.w.org\/{rel}","templated":true}]}}