{"id":198507,"date":"2025-03-22T16:04:38","date_gmt":"2025-03-22T16:04:38","guid":{"rendered":"https:\/\/aromasentia.com\/product\/driftwood-birdbox-double\/"},"modified":"2025-06-22T03:12:05","modified_gmt":"2025-06-22T03:12:05","slug":"fuglekasse-i-drivtoemmer-dobbelt","status":"publish","type":"product","link":"https:\/\/aromasentia.com\/da\/fuglekasse-i-drivtoemmer-dobbelt\/","title":{"rendered":"Fuglekasse I Drivt\u00f8mmer &#8211; Dobbelt"},"content":{"rendered":"<p>Giv ly til flere fjerede venner med denne drivt\u00f8mmer-fuglekasse &#8211; dobbelt. Dette karakteristiske fuglehus er konstrueret af naturligt drivt\u00f8mmer og har et &#8220;dobbelt&#8221; design, m\u00e5ske med to redekamre eller en st\u00f8rre samlet struktur. Det giver et unikt, rustikt fristed for havens fugle, hvor hvert stykke har sin egen organiske charme. En vidunderlig m\u00e5de at forbedre din haves tiltr\u00e6kningskraft p\u00e5 dyrelivet og samtidig tilf\u00f8je et smukt, h\u00e5ndlavet element af kyst- eller skovkunst.<\/p>\n","protected":false},"excerpt":{"rendered":"<p>Giv ly til flere fjerede venner med denne drivt\u00f8mmer-fuglekasse &#8211; dobbelt. Dette karakteristiske fuglehus er konstrueret af naturligt drivt\u00f8mmer og har et &#8220;dobbelt&#8221; design, m\u00e5ske med to redekamre eller en st\u00f8rre samlet struktur. Det giver et unikt, rustikt fristed for havens fugle, hvor hvert stykke har sin egen organiske charme. En vidunderlig m\u00e5de at forbedre [&hellip;]<\/p>\n","protected":false},"featured_media":358504,"comment_status":"closed","ping_status":"open","template":"","meta":{"_angie_page":false},"product_brand":[],"product_cat":[6332,5591],"product_tag":[],"class_list":{"0":"post-198507","1":"product","2":"type-product","3":"status-publish","4":"has-post-thumbnail","6":"product_cat-dekorationer","7":"product_cat-hjem-og-have","8":"pa_made-in-indonesien","10":"first","11":"instock","12":"purchasable","13":"product-type-simple"},"supplier_id":null,"supplier_sku":"BBBox-03DS","barcode":null,"atum_controlled":true,"out_stock_date":null,"out_stock_threshold":null,"inheritable":false,"inbound_stock":null,"stock_on_hold":0,"sold_today":0,"sales_last_days":0,"reserved_stock":null,"customer_returns":null,"warehouse_damage":null,"lost_in_post":null,"other_logs":null,"out_stock_days":0,"lost_sales":0,"has_location":null,"update_date":"2026-04-27T06:54:19","atum_locations":[],"atum_stock_status":"instock","restock_status":false,"low_stock_amount":"","sales_update_date":"2026-01-30T01:26:34","calc_backorders":null,"_links":{"self":[{"href":"https:\/\/aromasentia.com\/da\/wp-json\/wp\/v2\/product\/198507","targetHints":{"allow":["GET"]}}],"collection":[{"href":"https:\/\/aromasentia.com\/da\/wp-json\/wp\/v2\/product"}],"about":[{"href":"https:\/\/aromasentia.com\/da\/wp-json\/wp\/v2\/types\/product"}],"replies":[{"embeddable":true,"href":"https:\/\/aromasentia.com\/da\/wp-json\/wp\/v2\/comments?post=198507"}],"version-history":[{"count":0,"href":"https:\/\/aromasentia.com\/da\/wp-json\/wp\/v2\/product\/198507\/revisions"}],"wp:featuredmedia":[{"embeddable":true,"href":"https:\/\/aromasentia.com\/da\/wp-json\/wp\/v2\/media\/358504"}],"wp:attachment":[{"href":"https:\/\/aromasentia.com\/da\/wp-json\/wp\/v2\/media?parent=198507"}],"wp:term":[{"taxonomy":"product_brand","embeddable":true,"href":"https:\/\/aromasentia.com\/da\/wp-json\/wp\/v2\/product_brand?post=198507"},{"taxonomy":"product_cat","embeddable":true,"href":"https:\/\/aromasentia.com\/da\/wp-json\/wp\/v2\/product_cat?post=198507"},{"taxonomy":"product_tag","embeddable":true,"href":"https:\/\/aromasentia.com\/da\/wp-json\/wp\/v2\/product_tag?post=198507"}],"curies":[{"name":"wp","href":"https:\/\/api.w.org\/{rel}","templated":true}]}}