{"id":198506,"date":"2025-03-22T16:04:38","date_gmt":"2025-03-22T16:04:38","guid":{"rendered":"https:\/\/aromasentia.com\/product\/driftwood-birdbox-small\/"},"modified":"2025-06-22T03:12:05","modified_gmt":"2025-06-22T03:12:05","slug":"fuglekasse-i-drivtoemmer-lille","status":"publish","type":"product","link":"https:\/\/aromasentia.com\/da\/fuglekasse-i-drivtoemmer-lille\/","title":{"rendered":"Fuglekasse I Drivt\u00f8mmer &#8211; Lille"},"content":{"rendered":"<p>Skab et hyggeligt tilflugtssted med denne fuglekasse i drivt\u00f8mmer &#8211; lille. Denne charmerende lille fuglekasse er fremstillet af unikke stykker naturligt drivt\u00f8mmer og giver et rustikt og indbydende skjul til havens fugle. Hver fuglekasse har sin egen individuelle karakter p\u00e5 grund af drivt\u00f8mmerets organiske former. Den er en smuk og milj\u00f8venlig tilf\u00f8jelse til din have og st\u00f8tter ikke kun det lokale dyreliv, men tilf\u00f8jer ogs\u00e5 et strejf af finurlig, kystinspireret kunst og naturlig charme til dit uderum.<\/p>\n","protected":false},"excerpt":{"rendered":"<p>Skab et hyggeligt tilflugtssted med denne fuglekasse i drivt\u00f8mmer &#8211; lille. Denne charmerende lille fuglekasse er fremstillet af unikke stykker naturligt drivt\u00f8mmer og giver et rustikt og indbydende skjul til havens fugle. Hver fuglekasse har sin egen individuelle karakter p\u00e5 grund af drivt\u00f8mmerets organiske former. Den er en smuk og milj\u00f8venlig tilf\u00f8jelse til din have [&hellip;]<\/p>\n","protected":false},"featured_media":358479,"comment_status":"closed","ping_status":"open","template":"","meta":{"_angie_page":false},"product_brand":[],"product_cat":[6332,5591],"product_tag":[],"class_list":{"0":"post-198506","1":"product","2":"type-product","3":"status-publish","4":"has-post-thumbnail","6":"product_cat-dekorationer","7":"product_cat-hjem-og-have","8":"pa_made-in-indonesien","10":"first","11":"instock","12":"purchasable","13":"product-type-simple"},"supplier_id":null,"supplier_sku":"BBBox-02DS","barcode":null,"atum_controlled":true,"out_stock_date":null,"out_stock_threshold":null,"inheritable":false,"inbound_stock":null,"stock_on_hold":0,"sold_today":0,"sales_last_days":0,"reserved_stock":null,"customer_returns":null,"warehouse_damage":null,"lost_in_post":null,"other_logs":null,"out_stock_days":0,"lost_sales":0,"has_location":null,"update_date":"2026-04-30T13:08:37","atum_locations":[],"atum_stock_status":"instock","restock_status":false,"low_stock_amount":"","sales_update_date":"2025-10-09T03:25:53","calc_backorders":null,"_links":{"self":[{"href":"https:\/\/aromasentia.com\/da\/wp-json\/wp\/v2\/product\/198506","targetHints":{"allow":["GET"]}}],"collection":[{"href":"https:\/\/aromasentia.com\/da\/wp-json\/wp\/v2\/product"}],"about":[{"href":"https:\/\/aromasentia.com\/da\/wp-json\/wp\/v2\/types\/product"}],"replies":[{"embeddable":true,"href":"https:\/\/aromasentia.com\/da\/wp-json\/wp\/v2\/comments?post=198506"}],"version-history":[{"count":0,"href":"https:\/\/aromasentia.com\/da\/wp-json\/wp\/v2\/product\/198506\/revisions"}],"wp:featuredmedia":[{"embeddable":true,"href":"https:\/\/aromasentia.com\/da\/wp-json\/wp\/v2\/media\/358479"}],"wp:attachment":[{"href":"https:\/\/aromasentia.com\/da\/wp-json\/wp\/v2\/media?parent=198506"}],"wp:term":[{"taxonomy":"product_brand","embeddable":true,"href":"https:\/\/aromasentia.com\/da\/wp-json\/wp\/v2\/product_brand?post=198506"},{"taxonomy":"product_cat","embeddable":true,"href":"https:\/\/aromasentia.com\/da\/wp-json\/wp\/v2\/product_cat?post=198506"},{"taxonomy":"product_tag","embeddable":true,"href":"https:\/\/aromasentia.com\/da\/wp-json\/wp\/v2\/product_tag?post=198506"}],"curies":[{"name":"wp","href":"https:\/\/api.w.org\/{rel}","templated":true}]}}