{"id":198503,"date":"2025-03-22T16:04:38","date_gmt":"2025-03-22T16:04:38","guid":{"rendered":"https:\/\/aromasentia.com\/product\/bamboo-windchime-natural-finish-6-large-tubes\/"},"modified":"2025-06-22T03:12:04","modified_gmt":"2025-06-22T03:12:04","slug":"vindspil-i-bambus-naturlig-finish-6-store-roer","status":"publish","type":"product","link":"https:\/\/aromasentia.com\/da\/vindspil-i-bambus-naturlig-finish-6-store-roer\/","title":{"rendered":"Vindspil I Bambus &#8211; Naturlig Finish &#8211; 6 Store R\u00f8r"},"content":{"rendered":"<p>Fyld din have med rige melodier fra dette bambus-vindspil &#8211; naturlig finish &#8211; 6 store r\u00f8r. Med seks store bambusr\u00f8r frembringer dette vindspil en fyldigere, dybere og mere kompleks r\u00e6kke af harmoniske toner. Den naturlige finish bevarer bambussens organiske sk\u00f8nhed, hvilket g\u00f8r den til en sl\u00e5ende og beroligende tilf\u00f8jelse til ethvert udend\u00f8rs milj\u00f8. Den er perfekt til at skabe et fredfyldt og fordybende lydbillede og bringer naturens beroligende lyde lige til din d\u00f8r med imponerende resonans.<\/p>\n","protected":false},"excerpt":{"rendered":"<p>Fyld din have med rige melodier fra dette bambus-vindspil &#8211; naturlig finish &#8211; 6 store r\u00f8r. Med seks store bambusr\u00f8r frembringer dette vindspil en fyldigere, dybere og mere kompleks r\u00e6kke af harmoniske toner. Den naturlige finish bevarer bambussens organiske sk\u00f8nhed, hvilket g\u00f8r den til en sl\u00e5ende og beroligende tilf\u00f8jelse til ethvert udend\u00f8rs milj\u00f8. Den er [&hellip;]<\/p>\n","protected":false},"featured_media":358436,"comment_status":"closed","ping_status":"open","template":"","meta":{"_angie_page":false},"product_brand":[],"product_cat":[5591,6397],"product_tag":[],"class_list":{"0":"post-198503","1":"product","2":"type-product","3":"status-publish","4":"has-post-thumbnail","6":"product_cat-hjem-og-have","7":"product_cat-vindspil","8":"pa_collection-bamboo-mountain-wind-chimes-da","9":"pa_made-in-indonesien","11":"first","12":"instock","13":"purchasable","14":"product-type-simple"},"supplier_id":null,"supplier_sku":"BBamC-09","barcode":null,"atum_controlled":true,"out_stock_date":null,"out_stock_threshold":null,"inheritable":false,"inbound_stock":null,"stock_on_hold":0,"sold_today":0,"sales_last_days":0,"reserved_stock":null,"customer_returns":null,"warehouse_damage":null,"lost_in_post":null,"other_logs":null,"out_stock_days":0,"lost_sales":0,"has_location":null,"update_date":"2026-04-27T19:08:26","atum_locations":[],"atum_stock_status":"instock","restock_status":false,"low_stock_amount":"","sales_update_date":"2026-02-06T00:02:45","calc_backorders":null,"_links":{"self":[{"href":"https:\/\/aromasentia.com\/da\/wp-json\/wp\/v2\/product\/198503","targetHints":{"allow":["GET"]}}],"collection":[{"href":"https:\/\/aromasentia.com\/da\/wp-json\/wp\/v2\/product"}],"about":[{"href":"https:\/\/aromasentia.com\/da\/wp-json\/wp\/v2\/types\/product"}],"replies":[{"embeddable":true,"href":"https:\/\/aromasentia.com\/da\/wp-json\/wp\/v2\/comments?post=198503"}],"version-history":[{"count":0,"href":"https:\/\/aromasentia.com\/da\/wp-json\/wp\/v2\/product\/198503\/revisions"}],"wp:featuredmedia":[{"embeddable":true,"href":"https:\/\/aromasentia.com\/da\/wp-json\/wp\/v2\/media\/358436"}],"wp:attachment":[{"href":"https:\/\/aromasentia.com\/da\/wp-json\/wp\/v2\/media?parent=198503"}],"wp:term":[{"taxonomy":"product_brand","embeddable":true,"href":"https:\/\/aromasentia.com\/da\/wp-json\/wp\/v2\/product_brand?post=198503"},{"taxonomy":"product_cat","embeddable":true,"href":"https:\/\/aromasentia.com\/da\/wp-json\/wp\/v2\/product_cat?post=198503"},{"taxonomy":"product_tag","embeddable":true,"href":"https:\/\/aromasentia.com\/da\/wp-json\/wp\/v2\/product_tag?post=198503"}],"curies":[{"name":"wp","href":"https:\/\/api.w.org\/{rel}","templated":true}]}}