{"id":198499,"date":"2025-03-22T16:04:50","date_gmt":"2025-03-22T16:04:50","guid":{"rendered":"https:\/\/aromasentia.com\/product\/double-cotton-bedspread-wall-hanging-winter-tree\/"},"modified":"2025-06-22T03:12:00","modified_gmt":"2025-06-22T03:12:00","slug":"dobbelt-bomuld-sengetaeppe-vaegophaeng-vintertrae","status":"publish","type":"product","link":"https:\/\/aromasentia.com\/da\/dobbelt-bomuld-sengetaeppe-vaegophaeng-vintertrae\/","title":{"rendered":"Dobbelt Bomuld Senget\u00e6ppe + V\u00e6goph\u00e6ng &#8211; Vintertr\u00e6"},"content":{"rendered":"<p>Aroma Sentia-ping bomulds perlebetr\u00e6k \/ v\u00e6goph\u00e6ng er virkelig fantastiske. H\u00e5ndlavet i Indien er disse v\u00e6goph\u00e6ng ideelle til indretningsarkitekter &#8211; de m\u00e6ttede farver er fantastiske til inspiration til forskellige indretningsstile. De kan bruges som senget\u00e6ppe eller blot som v\u00e6gdekoration.<\/p>\n<p>Komplet med AW-Artisan h\u00e5ndm\u00e6rke for at vise, at dette produkt er fair traded.<\/p>\n<p>St\u00f8rrelse p\u00e5 det dobbelte bomuldssenget\u00e6ppe: 230 cm x 200 cm, st\u00f8rrelse p\u00e5 det enkelte bomuldssenget\u00e6ppe: 130 cm x 200 cm.<\/p>\n","protected":false},"excerpt":{"rendered":"<p>Aroma Sentia-ping bomulds perlebetr\u00e6k \/ v\u00e6goph\u00e6ng er virkelig fantastiske. H\u00e5ndlavet i Indien er disse v\u00e6goph\u00e6ng ideelle til indretningsarkitekter &#8211; de m\u00e6ttede farver er fantastiske til inspiration til forskellige indretningsstile. De kan bruges som senget\u00e6ppe eller blot som v\u00e6gdekoration. Komplet med AW-Artisan h\u00e5ndm\u00e6rke for at vise, at dette produkt er fair traded. St\u00f8rrelse p\u00e5 det dobbelte [&hellip;]<\/p>\n","protected":false},"featured_media":361668,"comment_status":"closed","ping_status":"open","template":"","meta":{"_angie_page":false},"product_brand":[],"product_cat":[5591,6350,6433],"product_tag":[],"class_list":{"0":"post-198499","1":"product","2":"type-product","3":"status-publish","4":"has-post-thumbnail","6":"product_cat-hjem-og-have","7":"product_cat-tekstiler","8":"product_cat-vaegdekorationer-og-vaegbeklaedning","9":"pa_collection-cotton-bedspreads-wall-hangings-da","10":"pa_made-in-indien","12":"first","13":"instock","14":"purchasable","15":"product-type-simple"},"supplier_id":null,"supplier_sku":"CBWH-13","barcode":null,"atum_controlled":true,"out_stock_date":null,"out_stock_threshold":null,"inheritable":false,"inbound_stock":null,"stock_on_hold":0,"sold_today":0,"sales_last_days":0,"reserved_stock":null,"customer_returns":null,"warehouse_damage":null,"lost_in_post":null,"other_logs":null,"out_stock_days":0,"lost_sales":0,"has_location":null,"update_date":"2026-04-27T06:56:10","atum_locations":[],"atum_stock_status":"instock","restock_status":false,"low_stock_amount":"","sales_update_date":"2026-01-30T01:26:00","calc_backorders":null,"_links":{"self":[{"href":"https:\/\/aromasentia.com\/da\/wp-json\/wp\/v2\/product\/198499","targetHints":{"allow":["GET"]}}],"collection":[{"href":"https:\/\/aromasentia.com\/da\/wp-json\/wp\/v2\/product"}],"about":[{"href":"https:\/\/aromasentia.com\/da\/wp-json\/wp\/v2\/types\/product"}],"replies":[{"embeddable":true,"href":"https:\/\/aromasentia.com\/da\/wp-json\/wp\/v2\/comments?post=198499"}],"version-history":[{"count":0,"href":"https:\/\/aromasentia.com\/da\/wp-json\/wp\/v2\/product\/198499\/revisions"}],"wp:featuredmedia":[{"embeddable":true,"href":"https:\/\/aromasentia.com\/da\/wp-json\/wp\/v2\/media\/361668"}],"wp:attachment":[{"href":"https:\/\/aromasentia.com\/da\/wp-json\/wp\/v2\/media?parent=198499"}],"wp:term":[{"taxonomy":"product_brand","embeddable":true,"href":"https:\/\/aromasentia.com\/da\/wp-json\/wp\/v2\/product_brand?post=198499"},{"taxonomy":"product_cat","embeddable":true,"href":"https:\/\/aromasentia.com\/da\/wp-json\/wp\/v2\/product_cat?post=198499"},{"taxonomy":"product_tag","embeddable":true,"href":"https:\/\/aromasentia.com\/da\/wp-json\/wp\/v2\/product_tag?post=198499"}],"curies":[{"name":"wp","href":"https:\/\/api.w.org\/{rel}","templated":true}]}}