{"id":198491,"date":"2025-03-22T16:04:50","date_gmt":"2025-03-22T16:04:50","guid":{"rendered":"https:\/\/aromasentia.com\/product\/double-cotton-bedspread-wall-hanging-dreamchatcher-230cm-x-200cm\/"},"modified":"2025-06-22T03:11:57","modified_gmt":"2025-06-22T03:11:57","slug":"dobbelt-bomuld-sengetaeppe-vaegophaeng-dreamchatcher-230-cm-x-200-cm","status":"publish","type":"product","link":"https:\/\/aromasentia.com\/da\/dobbelt-bomuld-sengetaeppe-vaegophaeng-dreamchatcher-230-cm-x-200-cm\/","title":{"rendered":"Dobbelt Bomuld Senget\u00e6ppe + V\u00e6goph\u00e6ng &#8211; Dreamchatcher 230 cm X 200 cm"},"content":{"rendered":"<p><span style=\"color: rgb(75, 80, 88);\">Senget\u00e6pper \/ v\u00e6goph\u00e6ng i bomuld er virkelig fantastiske.<\/span><\/p>\n<p><span style=\"color: rgb(75, 80, 88);\">Disse v\u00e6goph\u00e6ng er h\u00e5ndlavede i Indien og ideelle til indretningsarkitekter &#8211; de m\u00e6ttede farver er fantastiske til inspiration til forskellige designs.<\/span><\/p>\n<p><span style=\"color: rgb(75, 80, 88);\">De kan bruges som senget\u00e6ppe eller v\u00e6gdekoration.<\/span><\/p>\n<p><span style=\"color: rgb(75, 80, 88);\">Komplet med AW-Artisan h\u00e5ndm\u00e6rke for at vise, at dette produkt er fair traded.<\/span><\/p>\n","protected":false},"excerpt":{"rendered":"<p>Senget\u00e6pper \/ v\u00e6goph\u00e6ng i bomuld er virkelig fantastiske. Disse v\u00e6goph\u00e6ng er h\u00e5ndlavede i Indien og ideelle til indretningsarkitekter &#8211; de m\u00e6ttede farver er fantastiske til inspiration til forskellige designs. De kan bruges som senget\u00e6ppe eller v\u00e6gdekoration. Komplet med AW-Artisan h\u00e5ndm\u00e6rke for at vise, at dette produkt er fair traded.<\/p>\n","protected":false},"featured_media":361404,"comment_status":"closed","ping_status":"open","template":"","meta":{"_angie_page":false},"product_brand":[],"product_cat":[5591,6350,6433],"product_tag":[],"class_list":{"0":"post-198491","1":"product","2":"type-product","3":"status-publish","4":"has-post-thumbnail","6":"product_cat-hjem-og-have","7":"product_cat-tekstiler","8":"product_cat-vaegdekorationer-og-vaegbeklaedning","9":"pa_collection-cotton-bedspreads-wall-hangings-da","10":"pa_made-in-indien","12":"first","13":"instock","14":"purchasable","15":"product-type-simple"},"supplier_id":null,"supplier_sku":"CBWH-03","barcode":null,"atum_controlled":true,"out_stock_date":null,"out_stock_threshold":null,"inheritable":false,"inbound_stock":null,"stock_on_hold":0,"sold_today":0,"sales_last_days":0,"reserved_stock":null,"customer_returns":null,"warehouse_damage":null,"lost_in_post":null,"other_logs":null,"out_stock_days":0,"lost_sales":0,"has_location":null,"update_date":"2026-04-27T06:56:04","atum_locations":[],"atum_stock_status":"instock","restock_status":false,"low_stock_amount":"","sales_update_date":"2026-01-30T01:24:44","calc_backorders":null,"_links":{"self":[{"href":"https:\/\/aromasentia.com\/da\/wp-json\/wp\/v2\/product\/198491","targetHints":{"allow":["GET"]}}],"collection":[{"href":"https:\/\/aromasentia.com\/da\/wp-json\/wp\/v2\/product"}],"about":[{"href":"https:\/\/aromasentia.com\/da\/wp-json\/wp\/v2\/types\/product"}],"replies":[{"embeddable":true,"href":"https:\/\/aromasentia.com\/da\/wp-json\/wp\/v2\/comments?post=198491"}],"version-history":[{"count":0,"href":"https:\/\/aromasentia.com\/da\/wp-json\/wp\/v2\/product\/198491\/revisions"}],"wp:featuredmedia":[{"embeddable":true,"href":"https:\/\/aromasentia.com\/da\/wp-json\/wp\/v2\/media\/361404"}],"wp:attachment":[{"href":"https:\/\/aromasentia.com\/da\/wp-json\/wp\/v2\/media?parent=198491"}],"wp:term":[{"taxonomy":"product_brand","embeddable":true,"href":"https:\/\/aromasentia.com\/da\/wp-json\/wp\/v2\/product_brand?post=198491"},{"taxonomy":"product_cat","embeddable":true,"href":"https:\/\/aromasentia.com\/da\/wp-json\/wp\/v2\/product_cat?post=198491"},{"taxonomy":"product_tag","embeddable":true,"href":"https:\/\/aromasentia.com\/da\/wp-json\/wp\/v2\/product_tag?post=198491"}],"curies":[{"name":"wp","href":"https:\/\/api.w.org\/{rel}","templated":true}]}}