{"id":198481,"date":"2025-03-22T16:04:50","date_gmt":"2025-03-22T16:04:50","guid":{"rendered":"https:\/\/aromasentia.com\/product\/simple-bamboo-bird-whistle\/"},"modified":"2025-06-22T03:11:51","modified_gmt":"2025-06-22T03:11:51","slug":"enkel-fuglefloejte-i-bambus","status":"publish","type":"product","link":"https:\/\/aromasentia.com\/da\/enkel-fuglefloejte-i-bambus\/","title":{"rendered":"Enkel Fuglefl\u00f8jte I Bambus"},"content":{"rendered":"<p>Nyd enkle, naturlige lyde med denne Simple Bamboo Bird Whistle. Denne lette og milj\u00f8venlige fl\u00f8jte er fremstillet af b\u00e6redygtig bambus og frembringer en klar, h\u00f8j tone, der minder om et fuglekald. Dens minimalistiske design og naturlige materiale giver den en jordn\u00e6r, rustik charme. Den er en vidunderlig lille gave, en festgave eller en sjov m\u00e5de for b\u00f8rn at udforske lyd og komme i kontakt med naturen p\u00e5, og den giver et strejf af enkel, h\u00e5ndlavet gl\u00e6de og melodisk leg for alle aldre.<\/p>\n","protected":false},"excerpt":{"rendered":"<p>Nyd enkle, naturlige lyde med denne Simple Bamboo Bird Whistle. Denne lette og milj\u00f8venlige fl\u00f8jte er fremstillet af b\u00e6redygtig bambus og frembringer en klar, h\u00f8j tone, der minder om et fuglekald. Dens minimalistiske design og naturlige materiale giver den en jordn\u00e6r, rustik charme. Den er en vidunderlig lille gave, en festgave eller en sjov m\u00e5de [&hellip;]<\/p>\n","protected":false},"featured_media":361186,"comment_status":"closed","ping_status":"open","template":"","meta":[],"product_brand":[],"product_cat":[5673,5571],"product_tag":[],"class_list":{"0":"post-198481","1":"product","2":"type-product","3":"status-publish","4":"has-post-thumbnail","6":"product_cat-musikinstrumenter","7":"product_cat-vintagegaver-og-souvenirs","8":"pa_collection-bird-whistles-da","9":"pa_made-in-indonesien","11":"first","12":"instock","13":"purchasable","14":"product-type-simple"},"supplier_id":null,"supplier_sku":"Bwis-03","barcode":null,"atum_controlled":true,"out_stock_date":null,"out_stock_threshold":null,"inheritable":false,"inbound_stock":null,"stock_on_hold":0,"sold_today":0,"sales_last_days":0,"reserved_stock":null,"customer_returns":null,"warehouse_damage":null,"lost_in_post":null,"other_logs":null,"out_stock_days":0,"lost_sales":0,"has_location":null,"update_date":"2026-02-06T00:02:02","atum_locations":[],"atum_stock_status":"instock","restock_status":false,"low_stock_amount":"","sales_update_date":"2026-02-06T00:02:02","calc_backorders":null,"_links":{"self":[{"href":"https:\/\/aromasentia.com\/da\/wp-json\/wp\/v2\/product\/198481","targetHints":{"allow":["GET"]}}],"collection":[{"href":"https:\/\/aromasentia.com\/da\/wp-json\/wp\/v2\/product"}],"about":[{"href":"https:\/\/aromasentia.com\/da\/wp-json\/wp\/v2\/types\/product"}],"replies":[{"embeddable":true,"href":"https:\/\/aromasentia.com\/da\/wp-json\/wp\/v2\/comments?post=198481"}],"version-history":[{"count":0,"href":"https:\/\/aromasentia.com\/da\/wp-json\/wp\/v2\/product\/198481\/revisions"}],"wp:featuredmedia":[{"embeddable":true,"href":"https:\/\/aromasentia.com\/da\/wp-json\/wp\/v2\/media\/361186"}],"wp:attachment":[{"href":"https:\/\/aromasentia.com\/da\/wp-json\/wp\/v2\/media?parent=198481"}],"wp:term":[{"taxonomy":"product_brand","embeddable":true,"href":"https:\/\/aromasentia.com\/da\/wp-json\/wp\/v2\/product_brand?post=198481"},{"taxonomy":"product_cat","embeddable":true,"href":"https:\/\/aromasentia.com\/da\/wp-json\/wp\/v2\/product_cat?post=198481"},{"taxonomy":"product_tag","embeddable":true,"href":"https:\/\/aromasentia.com\/da\/wp-json\/wp\/v2\/product_tag?post=198481"}],"curies":[{"name":"wp","href":"https:\/\/api.w.org\/{rel}","templated":true}]}}