{"id":198480,"date":"2025-03-22T16:04:50","date_gmt":"2025-03-22T16:04:50","guid":{"rendered":"https:\/\/aromasentia.com\/product\/wooden-bird-whistle\/"},"modified":"2025-06-22T03:11:51","modified_gmt":"2025-06-22T03:11:51","slug":"fuglefloejte-i-trae","status":"publish","type":"product","link":"https:\/\/aromasentia.com\/da\/fuglefloejte-i-trae\/","title":{"rendered":"Fuglefl\u00f8jte I Tr\u00e6"},"content":{"rendered":"<p>Bring naturens lyde til live med denne fuglefl\u00f8jte i tr\u00e6. Denne dejlige h\u00e5ndlavede tr\u00e6fl\u00f8jte er designet til at efterligne forskellige fuglestemmer og er en sjov m\u00e5de for b\u00e5de b\u00f8rn og voksne at komme i kontakt med fugleverdenen p\u00e5. Dens naturlige tr\u00e6konstruktion og enkle mekanisme g\u00f8r den til et charmerende og engagerende stykke leget\u00f8j eller et nyttigt redskab for fuglekiggere. Perfekt til udend\u00f8rs leg, undervisningsform\u00e5l eller bare til at nyde at skabe s\u00f8de, fuglelignende melodier med et strejf af rustik charme.<\/p>\n","protected":false},"excerpt":{"rendered":"<p>Bring naturens lyde til live med denne fuglefl\u00f8jte i tr\u00e6. Denne dejlige h\u00e5ndlavede tr\u00e6fl\u00f8jte er designet til at efterligne forskellige fuglestemmer og er en sjov m\u00e5de for b\u00e5de b\u00f8rn og voksne at komme i kontakt med fugleverdenen p\u00e5. Dens naturlige tr\u00e6konstruktion og enkle mekanisme g\u00f8r den til et charmerende og engagerende stykke leget\u00f8j eller et [&hellip;]<\/p>\n","protected":false},"featured_media":361169,"comment_status":"closed","ping_status":"open","template":"","meta":[],"product_brand":[],"product_cat":[5673,5571],"product_tag":[],"class_list":{"0":"post-198480","1":"product","2":"type-product","3":"status-publish","4":"has-post-thumbnail","6":"product_cat-musikinstrumenter","7":"product_cat-vintagegaver-og-souvenirs","8":"pa_collection-bird-whistles-da","9":"pa_made-in-indonesien","11":"first","12":"instock","13":"purchasable","14":"product-type-simple"},"supplier_id":null,"supplier_sku":"Bwis-02","barcode":null,"atum_controlled":true,"out_stock_date":null,"out_stock_threshold":null,"inheritable":false,"inbound_stock":null,"stock_on_hold":0,"sold_today":0,"sales_last_days":0,"reserved_stock":null,"customer_returns":null,"warehouse_damage":null,"lost_in_post":null,"other_logs":null,"out_stock_days":0,"lost_sales":0,"has_location":null,"update_date":"2026-02-11T16:45:38","atum_locations":[],"atum_stock_status":"instock","restock_status":false,"low_stock_amount":"","sales_update_date":"2025-10-09T03:27:09","calc_backorders":null,"_links":{"self":[{"href":"https:\/\/aromasentia.com\/da\/wp-json\/wp\/v2\/product\/198480","targetHints":{"allow":["GET"]}}],"collection":[{"href":"https:\/\/aromasentia.com\/da\/wp-json\/wp\/v2\/product"}],"about":[{"href":"https:\/\/aromasentia.com\/da\/wp-json\/wp\/v2\/types\/product"}],"replies":[{"embeddable":true,"href":"https:\/\/aromasentia.com\/da\/wp-json\/wp\/v2\/comments?post=198480"}],"version-history":[{"count":0,"href":"https:\/\/aromasentia.com\/da\/wp-json\/wp\/v2\/product\/198480\/revisions"}],"wp:featuredmedia":[{"embeddable":true,"href":"https:\/\/aromasentia.com\/da\/wp-json\/wp\/v2\/media\/361169"}],"wp:attachment":[{"href":"https:\/\/aromasentia.com\/da\/wp-json\/wp\/v2\/media?parent=198480"}],"wp:term":[{"taxonomy":"product_brand","embeddable":true,"href":"https:\/\/aromasentia.com\/da\/wp-json\/wp\/v2\/product_brand?post=198480"},{"taxonomy":"product_cat","embeddable":true,"href":"https:\/\/aromasentia.com\/da\/wp-json\/wp\/v2\/product_cat?post=198480"},{"taxonomy":"product_tag","embeddable":true,"href":"https:\/\/aromasentia.com\/da\/wp-json\/wp\/v2\/product_tag?post=198480"}],"curies":[{"name":"wp","href":"https:\/\/api.w.org\/{rel}","templated":true}]}}