{"id":198475,"date":"2025-03-22T16:04:50","date_gmt":"2025-03-22T16:04:50","guid":{"rendered":"https:\/\/aromasentia.com\/product\/balance-wine-holders-pig\/"},"modified":"2025-06-22T03:11:49","modified_gmt":"2025-06-22T03:11:49","slug":"balance-vinholdere-gris","status":"publish","type":"product","link":"https:\/\/aromasentia.com\/da\/balance-vinholdere-gris\/","title":{"rendered":"Balance Vinholdere &#8211; Gris"},"content":{"rendered":"<p><span style=\"color: rgb(75, 80, 88);\"><strong>Suar Wood Balance Vinholder &#8211; Pig balancerer p\u00e5 en dejlig m\u00e5de en enkelt flaske vin p\u00e5 enhver plan overflade. Med et <strong>naturligt tr\u00e6look<\/strong> er den perfekt til gavebutikker i landlige omgivelser eller til dyreelskende kunder.<br style=\"color: rgb(114, 114, 114); font-style: normal; font-variant-ligatures: normal; font-variant-caps: normal; font-weight: 400; letter-spacing: normal; orphans: 2; text-align: start; text-indent: 0px; text-transform: none; white-space: normal; widows: 2; word-spacing: 0px; -webkit-text-stroke-width: 0px; text-decoration-thickness: initial; text-decoration-style: initial; text-decoration-color: initial; font-size: 16px; background-color: rgb(255, 255, 255);\"><br style=\"color: rgb(114, 114, 114);\" font-style: normal; font-variant-ligatures: normal; font-variant-caps: normal; font-weight: 400; letter-spacing: normal; orphans: 2; text-align: start; text-indent: 0px; text-transform: none; white-space: normal; widows: 2; word-spacing: 0px; -webkit-text-stroke-width: 0px; text-decoration-thickness: initial; text-decoration-style: initial; text-decoration-color: initial; font-size: 16px; background-color: rgb(255, 255, 255);\">Denne smukke og us\u00e6dvanlige flaskeholder fra Indonesien forener moderne linjer og stor kunst. Ideel til at holde flasker med god vin eller nogle olivenolieflasker.<br style=\"color: rgb(114, 114, 114); font-style: normal; font-variant-ligatures: normal; font-variant-caps: normal; font-weight: 400; letter-spacing: normal; orphans: 2; text-align: start; text-indent: 0px; text-transform: none; white-space: normal; widows: 2; word-spacing: 0px; -webkit-text-stroke-width: 0px; text-decoration-thickness: initial; text-decoration-style: initial; text-decoration-color: initial; font-size: 16px; background-color: rgb(255, 255, 255);\"><br style=\"color: rgb(114, 114, 114); font-style: normal; font-variant-ligatures: normal; font-variant-caps: normal; font-weight: 400; letter-spacing: normal; orphans: 2; text-align: start; text-indent: 0px; text-transform: none;\" white-space: normal; widows: 2; word-spacing: 0px; -webkit-text-stroke-width: 0px; text-decoration-thickness: initial; text-decoration-style: initial; text-decoration-color: initial; font-size: 16px; background-color: rgb(255, 255, 255);\">Hver holder vil v\u00e6re et samtaleemne ved middagsbordet eller hvor den end vises frem. H\u00e5ndlavet med naturligt Suar-tr\u00e6 af h\u00f8j kvalitet fremh\u00e6ver den de unikke tr\u00e6m\u00f8nstre.<br style=\"color: rgb(114, 114, 114); font-style: normal; font-variant-ligatures: normal; font-variant-caps: normal; font-weight: 400; letter-spacing: normal; orphans: 2; text-align: start; text-indent: 0px; text-transform: none; white-space: normal; widows: 2; word-spacing: 0px; -webkit-text-stroke-width: 0px; text-decoration-thickness: initial; text-decoration-style: initial; text-decoration-color: initial; font-size: 16px; background-color: rgb(255, 255, 255);\"><br style=\"color: rgb(114, 114, 114); font-style: normal; font-variant-ligatures: normal; font-variant-caps: normal; font-weight: 400; letter-spacing: normal; orphans: 2; text-align: start; text-indent: 0px; text-transform: none; white-space: normal; widows: 2; word-spacing: 0px; -webkit-text-stroke-width: 0px; text-decoration-thickness: initial; text-decoration-style: initial; text-decoration-color: initial;\" font-size: 16px; background-color: rgb(255, 255, 255);\"><strong>Bem\u00e6rk:<\/strong> Dette er et meget sj\u00e6ldent produkt, hvor vores h\u00e5ndv\u00e6rkere kun kan lave et begr\u00e6nset antal, s\u00e5 vi kan ikke garantere altid at v\u00e6re p\u00e5 lager. De er alle omhyggeligt udsk\u00e5ret af \u00e9t stykke tr\u00e6 (bortset fra sneglens \u00f8jne), hvilket giver en flot detalje og en bedre vinholder.<br style=\"color: rgb(114, 114, 114); font-family: Raleway, sans-serif; font-size: 15px; font-style: normal; font-variant-ligatures: normal; font-variant-caps: normal; font-weight: 400; letter-spacing: normal; orphans: 2; text-align: start; text-indent: 0px; text-transform: none; white-space: normal; widows: 2; word-spacing: 0px; -webkit-text-stroke-width: 0px; background-color: rgb(255, 255, 255); text-decoration-thickness: initial; text-decoration-style: initial; text-decoration-color: initial;\"><br style=\"color: rgb(114, 114, 114); font-family: Raleway, sans-serif; font-size: 15px; font-style: normal; font-variant-ligatures: normal; font-variant-caps: normal; font-weight: 400; letter-spacing: normal; orphans: 2; text-align: start; text-indent: 0px; text-transform: none; white-space: normal; widows: 2; word-spacing: 0px; -webkit-text-stroke-width: 0px;\" background-color: rgb(255, 255, 255); text-decoration-thickness: initial; text-decoration-style: initial; text-decoration-color: initial;\">For at passe p\u00e5 denne vare skal du s\u00f8rge for at t\u00f8rre den af med en fugtig klud fra tid til anden og sm\u00f8re den lejlighedsvis med et par dr\u00e5ber olivenolie for at bevare dens smidighed og undg\u00e5, at tr\u00e6et t\u00f8rrer. Den korrekte opbevaringsvinkel p\u00e5 vinflasken opn\u00e5s ved at justere flaskehalsen i hullet helt eller delvist. Vinholdere leveres uden vinflaske&#8230;<\/span><\/p>\n<p><span style=\"color: rgb(141, 186, 216);\"><strong>Tilf\u00f8j til din produktportef\u00f8lje i dag og giv dit e-shop-salg mindst \u00e9n slurk ad gangen =)<\/strong><\/span><\/p>\n","protected":false},"excerpt":{"rendered":"<p>Suar Wood Balance Vinholder &#8211; Pig balancerer p\u00e5 en dejlig m\u00e5de en enkelt flaske vin p\u00e5 enhver plan overflade. Med et naturligt tr\u00e6look er den perfekt til gavebutikker i landlige omgivelser eller til dyreelskende kunder.Hver holder vil v\u00e6re et samtaleemne ved middagsbordet eller hvor den end vises frem. H\u00e5ndlavet med naturligt Suar-tr\u00e6 af h\u00f8j kvalitet [&hellip;]<\/p>\n","protected":false},"featured_media":361100,"comment_status":"closed","ping_status":"open","template":"","meta":[],"product_brand":[],"product_cat":[5591,6264],"product_tag":[],"class_list":{"0":"post-198475","1":"product","2":"type-product","3":"status-publish","4":"has-post-thumbnail","6":"product_cat-hjem-og-have","7":"product_cat-kokkenprodukter-og-tilbehor","8":"pa_collection-suar-wood-balance-wine-holders-da","9":"pa_made-in-indonesien","11":"first","12":"outofstock","13":"purchasable","14":"product-type-simple"},"supplier_id":null,"supplier_sku":"BWH-08","barcode":null,"atum_controlled":true,"out_stock_date":"2025-09-04 22:09:23","out_stock_threshold":null,"inheritable":false,"inbound_stock":null,"stock_on_hold":0,"sold_today":0,"sales_last_days":0,"reserved_stock":null,"customer_returns":null,"warehouse_damage":null,"lost_in_post":null,"other_logs":null,"out_stock_days":34,"lost_sales":0,"has_location":null,"update_date":"2026-02-12T05:47:04","atum_locations":[],"atum_stock_status":"outofstock","restock_status":false,"low_stock_amount":"","sales_update_date":"2025-10-09T03:27:08","calc_backorders":null,"_links":{"self":[{"href":"https:\/\/aromasentia.com\/da\/wp-json\/wp\/v2\/product\/198475","targetHints":{"allow":["GET"]}}],"collection":[{"href":"https:\/\/aromasentia.com\/da\/wp-json\/wp\/v2\/product"}],"about":[{"href":"https:\/\/aromasentia.com\/da\/wp-json\/wp\/v2\/types\/product"}],"replies":[{"embeddable":true,"href":"https:\/\/aromasentia.com\/da\/wp-json\/wp\/v2\/comments?post=198475"}],"version-history":[{"count":0,"href":"https:\/\/aromasentia.com\/da\/wp-json\/wp\/v2\/product\/198475\/revisions"}],"wp:featuredmedia":[{"embeddable":true,"href":"https:\/\/aromasentia.com\/da\/wp-json\/wp\/v2\/media\/361100"}],"wp:attachment":[{"href":"https:\/\/aromasentia.com\/da\/wp-json\/wp\/v2\/media?parent=198475"}],"wp:term":[{"taxonomy":"product_brand","embeddable":true,"href":"https:\/\/aromasentia.com\/da\/wp-json\/wp\/v2\/product_brand?post=198475"},{"taxonomy":"product_cat","embeddable":true,"href":"https:\/\/aromasentia.com\/da\/wp-json\/wp\/v2\/product_cat?post=198475"},{"taxonomy":"product_tag","embeddable":true,"href":"https:\/\/aromasentia.com\/da\/wp-json\/wp\/v2\/product_tag?post=198475"}],"curies":[{"name":"wp","href":"https:\/\/api.w.org\/{rel}","templated":true}]}}