{"id":198471,"date":"2025-03-22T16:04:50","date_gmt":"2025-03-22T16:04:50","guid":{"rendered":"https:\/\/aromasentia.com\/product\/balance-wine-holders-turtle\/"},"modified":"2025-06-22T03:11:47","modified_gmt":"2025-06-22T03:11:47","slug":"balance-vinholdere-skildpadde","status":"publish","type":"product","link":"https:\/\/aromasentia.com\/da\/balance-vinholdere-skildpadde\/","title":{"rendered":"Balance Vinholdere &#8211; Skildpadde"},"content":{"rendered":"<p>Tag et kig p\u00e5 denne perfekte balancerende <strong>vinflaskeholder i tr\u00e6 &#8211; Turtle<\/strong>. Da hele serien afbilder forskellige dyr, er hver vinholder en magisk gave til enhver lejlighed.<br style=\"color: rgb(114, 114, 114); font-family: Ubuntu, sans-serif; font-size: 16px; font-style: normal; font-variant-ligatures: normal; font-variant-caps: normal; font-weight: 400; letter-spacing: normal; orphans: 2; text-align: start; text-indent: 0px; text-transform: none; white-space: normal; widows: 2; word-spacing: 0px; -webkit-text-stroke-width: 0px; text-decoration-style: initial; text-decoration-color: initial; background-color: rgb(255, 255, 255);\">Disse smukke og us\u00e6dvanlige flaskeholdere fra Indonesien forener moderne linjer og stor kunst. Ideel til at holde flasker med god vin eller nogle flasker med olivenolie.<br style=\"color: rgb(114, 114, 114); font-family: Ubuntu, sans-serif; font-size: 16px; font-style: normal; font-variant-ligatures: normal; font-variant-caps: normal; font-weight: 400; letter-spacing: normal; orphans: 2; text-align: start; text-indent: 0px; text-transform: none; white-space: normal; widows: 2; word-spacing: 0px; -webkit-text-stroke-width: 0px; text-decoration-style: initial; text-decoration-color: initial; background-color: rgb(255, 255, 255);\">Hver af dem vil v\u00e6re et samtaleemne ved middagsbordet eller hvor end de vises frem. H\u00e5ndlavet med naturligt Suar-tr\u00e6 af h\u00f8j kvalitet fremh\u00e6ver det de unikke tr\u00e6m\u00f8nstre.<br style=\"color: rgb(114, 114, 114); font-family: Ubuntu, sans-serif; font-size: 16px; font-style: normal; font-variant-ligatures: normal; font-variant-caps: normal; font-weight: 400; letter-spacing: normal; orphans: 2; text-align: start; text-indent: 0px; text-transform: none; white-space: normal; widows: 2; word-spacing: 0px; -webkit-text-stroke-width: 0px; text-decoration-style: initial; text-decoration-color: initial; background-color: rgb(255, 255, 255);\"><br style=\"color: rgb(114, 114, 114); font-family: Ubuntu, sans-serif; font-size: 16px; font-style: normal; font-variant-ligatures: normal; font-variant-caps: normal; font-weight: 400; letter-spacing: normal; orphans: 2; text-align: start; text-indent: 0px; text-transform: none; white-space: normal; widows: 2; word-spacing: 0px; -webkit-text-stroke-width: 0px; text-decoration-style: initial; text-decoration-color: initial; background-color: rgb(255, 255, 255);\">Bem\u00e6rk: Dette er et meget sj\u00e6ldent produkt, hvor vores h\u00e5ndv\u00e6rkere kun kan lave et begr\u00e6nset antal, s\u00e5 vi kan ikke garantere altid at v\u00e6re p\u00e5 lager. De er alle omhyggeligt udsk\u00e5ret af \u00e9t stykke tr\u00e6 (bortset fra sneglens \u00f8jne), hvilket giver en flot detalje og en bedre vinholder. <\/p>\n","protected":false},"excerpt":{"rendered":"<p>Tag et kig p\u00e5 denne perfekte balancerende vinflaskeholder i tr\u00e6 &#8211; Turtle. Da hele serien afbilder forskellige dyr, er hver vinholder en magisk gave til enhver lejlighed.Disse smukke og us\u00e6dvanlige flaskeholdere fra Indonesien forener moderne linjer og stor kunst. Ideel til at holde flasker med god vin eller nogle flasker med olivenolie.Hver af dem vil [&hellip;]<\/p>\n","protected":false},"featured_media":360968,"comment_status":"closed","ping_status":"open","template":"","meta":{"_angie_page":false},"product_brand":[],"product_cat":[5591,6264],"product_tag":[],"class_list":{"0":"post-198471","1":"product","2":"type-product","3":"status-publish","4":"has-post-thumbnail","6":"product_cat-hjem-og-have","7":"product_cat-kokkenprodukter-og-tilbehor","8":"pa_collection-suar-wood-balance-wine-holders-da","9":"pa_made-in-indonesien","11":"first","12":"instock","13":"purchasable","14":"product-type-simple"},"supplier_id":null,"supplier_sku":"BWH-02","barcode":null,"atum_controlled":true,"out_stock_date":null,"out_stock_threshold":null,"inheritable":false,"inbound_stock":null,"stock_on_hold":0,"sold_today":0,"sales_last_days":0,"reserved_stock":null,"customer_returns":null,"warehouse_damage":null,"lost_in_post":null,"other_logs":null,"out_stock_days":0,"lost_sales":0,"has_location":null,"update_date":"2026-05-08T05:06:07","atum_locations":[],"atum_stock_status":"instock","restock_status":false,"low_stock_amount":"","sales_update_date":"2026-01-30T01:26:01","calc_backorders":null,"_links":{"self":[{"href":"https:\/\/aromasentia.com\/da\/wp-json\/wp\/v2\/product\/198471","targetHints":{"allow":["GET"]}}],"collection":[{"href":"https:\/\/aromasentia.com\/da\/wp-json\/wp\/v2\/product"}],"about":[{"href":"https:\/\/aromasentia.com\/da\/wp-json\/wp\/v2\/types\/product"}],"replies":[{"embeddable":true,"href":"https:\/\/aromasentia.com\/da\/wp-json\/wp\/v2\/comments?post=198471"}],"version-history":[{"count":0,"href":"https:\/\/aromasentia.com\/da\/wp-json\/wp\/v2\/product\/198471\/revisions"}],"wp:featuredmedia":[{"embeddable":true,"href":"https:\/\/aromasentia.com\/da\/wp-json\/wp\/v2\/media\/360968"}],"wp:attachment":[{"href":"https:\/\/aromasentia.com\/da\/wp-json\/wp\/v2\/media?parent=198471"}],"wp:term":[{"taxonomy":"product_brand","embeddable":true,"href":"https:\/\/aromasentia.com\/da\/wp-json\/wp\/v2\/product_brand?post=198471"},{"taxonomy":"product_cat","embeddable":true,"href":"https:\/\/aromasentia.com\/da\/wp-json\/wp\/v2\/product_cat?post=198471"},{"taxonomy":"product_tag","embeddable":true,"href":"https:\/\/aromasentia.com\/da\/wp-json\/wp\/v2\/product_tag?post=198471"}],"curies":[{"name":"wp","href":"https:\/\/api.w.org\/{rel}","templated":true}]}}